{"id":588,"date":"2016-08-16T10:58:18","date_gmt":"2016-08-16T10:58:18","guid":{"rendered":"http:\/\/kroth:8888\/?page_id=588"},"modified":"2023-08-15T22:42:57","modified_gmt":"2023-08-15T19:42:57","slug":"services","status":"publish","type":"page","link":"https:\/\/maximumhealtyservices.com\/index.php\/services\/","title":{"rendered":"Services"},"content":{"rendered":"<section class=\"wpb-content-wrapper\"><p>[vc_row][vc_column width=&#8221;1\/4&#8243;][vc_widget_sidebar sidebar_id=&#8221;service-page-sidebar&#8221;][\/vc_column][vc_column width=&#8221;3\/4&#8243;][vc_row_inner][vc_column_inner width=&#8221;1\/3&#8243;]<div class=\"krth-service-one no-margin-top\"><span class=\"service-image\"><img decoding=\"async\" class=\"rounded-three\" src=\"https:\/\/maximumhealtyservices.com\/wp-content\/uploads\/2023\/07\/iso100002.jpg\" alt=\"\" ><\/span><a href=\"https:\/\/maximumhealtyservices.com\/index.php\/services\/iso-10002-musteri-memnuniyeti-yonetim-sistemi\/\" class=\"service-heading\" target=\"_self\" style=\"margin-bottom:13px;\">ISO 10002 M\u00fc\u015fteri Memnuniyeti Y\u00f6netim Sistemi<\/a><p>ISO 10002:2018 M\u00fc\u015fteri Memnuniyeti Y\u00f6netim Sistemi, m\u00fc\u015fteri memnuniyetini art\u0131rmak ve m\u00fc\u015fteri \u015fikayetlerini etkili bir \u015fekilde y\u00f6netmek amac\u0131yla olu\u015fturulan bir uluslararas\u0131 standard\u0131 ifade eder.<\/p>\n<\/div><div class=\"krth-service-one \"><span class=\"service-image\"><\/span><a href=\"#0\" class=\"service-heading\" target=\"_self\" style=\"margin-bottom:13px;\">Business Opportunities<\/a><p>Expanding your business means adding multiple levels of complexity to your existing operations.<\/p>\n<\/div><div class=\"krth-service-one \"><span class=\"service-image\"><\/span><a href=\"#0\" class=\"service-heading\" target=\"_self\" style=\"margin-bottom:13px;\">Mutual Funds<\/a><p>A Mutual Fund is a pool of money from a number of investors who share a common financial goal.<\/p>\n<\/div>[\/vc_column_inner][vc_column_inner width=&#8221;1\/3&#8243;]<div class=\"krth-service-one no-margin-top\"><span class=\"service-image\"><\/span><a href=\"#0\" class=\"service-heading\" target=\"_self\" style=\"margin-bottom:13px;\">Market Research & Analysis<\/a><p>A strong business plan requires going beyond intuition and experience, and supporting your idea.<\/p>\n<\/div><div class=\"krth-service-one \"><span class=\"service-image\"><\/span><a href=\"#0\" class=\"service-heading\" target=\"_self\" style=\"margin-bottom:13px;\">Strategy & Execution<\/a><p>Writing an investor-grade business plan can be challenging and time consuming, strategy &amp; execution.<\/p>\n<\/div><div class=\"krth-service-one \"><span class=\"service-image\"><\/span><a href=\"#0\" class=\"service-heading\" target=\"_self\" style=\"margin-bottom:13px;\">Retirement Planning<\/a><p>This is one reason why retiring in a different country is becoming popular among soon-to-be.<\/p>\n<\/div>[\/vc_column_inner][vc_column_inner width=&#8221;1\/3&#8243;]<div class=\"krth-service-one no-margin-top\"><span class=\"service-image\"><\/span><a href=\"#0\" class=\"service-heading\" target=\"_self\" style=\"margin-bottom:13px;\">Turnaround Consulting<\/a><p>A guided turnaround works well for business owners who realize that trying something different.<\/p>\n<\/div><div class=\"krth-service-one \"><span class=\"service-image\"><\/span><a href=\"#0\" class=\"service-heading\" target=\"_self\" style=\"margin-bottom:13px;\">Financial Projections<\/a><p>We offer a variety of financial forecasting and analysis services for everybody from startups to Fortune.<\/p>\n<\/div><div class=\"krth-service-one \"><span class=\"service-image\"><\/span><a href=\"#0\" class=\"service-heading\" target=\"_self\" style=\"margin-bottom:13px;\">Risk Management<\/a><p>We help international banks, insurance companies, asset managers and corporate and public clients.<\/p>\n<\/div>[\/vc_column_inner][\/vc_row_inner][\/vc_column][\/vc_row][vc_row full_width=&#8221;stretch_row&#8221; overlay_dotted=&#8221;&#8221; css=&#8221;.vc_custom_1481544420029{margin-top: 48px !important;}&#8221;][vc_column]<div class=\"krth-cta krth-cta-one cta-cnt-left \"><div class=\"krth-cta-cnt \" ><p><span style=\"color: #ffffff;\"><strong>0800 123 456<\/strong> <span style=\"padding-left: 15px;\">Contact Us Today &#8211; We Answer Our Phones 24\/7<\/span><\/span><\/p>\n<\/div><a class=\"krth-btn btn-secondary  vc_custom_1471332715014 btn-medium krth-btn-69e9dd9cc3b4b btn-hover-one btn-icon-left rounded-three \" href=\"#0\"><span class=\"btn-text\">Contact Us<\/span><\/a><\/div>[\/vc_column][\/vc_row]<\/p>\n<\/section>","protected":false},"excerpt":{"rendered":"[vc_row][vc_column width=&#8221;1\/4&#8243;][vc_widget_sidebar sidebar_id=&#8221;service-page-sidebar&#8221;][\/vc_column][vc_column width=&#8221;3\/4&#8243;][vc_row_inner][vc_column_inner width=&#8221;1\/3&#8243;][\/vc_column_inner][vc_column_inner width=&#8221;1\/3&#8243;][\/vc_column_inner][vc_column_inner width=&#8221;1\/3&#8243;][\/vc_column_inner][\/vc_row_inner][\/vc_column][\/vc_row][vc_row full_width=&#8221;stretch_row&#8221; overlay_dotted=&#8221;&#8221; css=&#8221;.vc_custom_1481544420029{margin-top: 48px !important;}&#8221;][vc_column][\/vc_column][\/vc_row]","protected":false},"author":1,"featured_media":0,"parent":0,"menu_order":4,"comment_status":"closed","ping_status":"closed","template":"","meta":{"footnotes":""},"class_list":["post-588","page","type-page","status-publish","hentry"],"_links":{"self":[{"href":"https:\/\/maximumhealtyservices.com\/index.php\/wp-json\/wp\/v2\/pages\/588","targetHints":{"allow":["GET"]}}],"collection":[{"href":"https:\/\/maximumhealtyservices.com\/index.php\/wp-json\/wp\/v2\/pages"}],"about":[{"href":"https:\/\/maximumhealtyservices.com\/index.php\/wp-json\/wp\/v2\/types\/page"}],"author":[{"embeddable":true,"href":"https:\/\/maximumhealtyservices.com\/index.php\/wp-json\/wp\/v2\/users\/1"}],"replies":[{"embeddable":true,"href":"https:\/\/maximumhealtyservices.com\/index.php\/wp-json\/wp\/v2\/comments?post=588"}],"version-history":[{"count":2,"href":"https:\/\/maximumhealtyservices.com\/index.php\/wp-json\/wp\/v2\/pages\/588\/revisions"}],"predecessor-version":[{"id":2150,"href":"https:\/\/maximumhealtyservices.com\/index.php\/wp-json\/wp\/v2\/pages\/588\/revisions\/2150"}],"wp:attachment":[{"href":"https:\/\/maximumhealtyservices.com\/index.php\/wp-json\/wp\/v2\/media?parent=588"}],"curies":[{"name":"wp","href":"https:\/\/api.w.org\/{rel}","templated":true}]}}