{"id":2154,"date":"2023-08-20T13:20:09","date_gmt":"2023-08-20T10:20:09","guid":{"rendered":"https:\/\/maximumhealtyservices.com\/?page_id=2154"},"modified":"2023-08-20T13:21:09","modified_gmt":"2023-08-20T10:21:09","slug":"kvkk-kisisel-verilerin-korunmasi-kanunu","status":"publish","type":"page","link":"https:\/\/maximumhealtyservices.com\/index.php\/kvkk-kisisel-verilerin-korunmasi-kanunu\/","title":{"rendered":"KVKK Ki\u015fisel Verilerin Korunmas\u0131 Kanunu"},"content":{"rendered":"<section class=\"wpb-content-wrapper\"><p>[vc_row][vc_column width=&#8221;1\/4&#8243;][vc_widget_sidebar sidebar_id=&#8221;about-us-page-sidebar&#8221;][\/vc_column][vc_column width=&#8221;3\/4&#8243;][vc_row_inner][vc_column_inner][vc_single_image image=&#8221;2155&#8243; img_size=&#8221;full&#8221;][vc_column_text css=&#8221;.vc_custom_1692526867396{margin-bottom: 0px !important;}&#8221;]<strong>\u00a0<\/strong><strong>K\u0130\u015e\u0130SEL VER\u0130LER\u0130N KORUNMASI KANUNU METN\u0130<\/strong><\/p>\n<p>Maximum Sertifikasyon Uygunluk De\u011ferlendirme ve Dan\u015f. A.\u015e. olarak ki\u015fisel verilerinizin g\u00fcvenli\u011fi hususuna azami hassasiyet g\u00f6stermekteyiz. Bu bilin\u00e7le, Maximum Sertifikasyon Uygunluk De\u011ferlendirme ve Dan\u015f. A.\u015e. olarak hizmetlerimizden faydalanan ki\u015filer dahil, Maximum Sertifikasyon Uygunluk De\u011ferlendirme ve Dan\u015f. A.\u015e. ile ili\u015fkili t\u00fcm \u015fah\u0131slara ait her t\u00fcrl\u00fc ki\u015fisel verilerin 6698 say\u0131l\u0131 Ki\u015fisel Verilerin Korunmas\u0131 Kanunu (\u201cKVK Kanunu\u201d)\u2019na uygun olarak i\u015flenerek, muhafaza edilmesine b\u00fcy\u00fck \u00f6nem vermekteyiz. Bu sorumlulu\u011fumuzun tam idraki ile KVK Kanunu\u2019nda tan\u0131ml\u0131 \u015fekli ile \u201cVeri Sorumlusu\u201d s\u0131fat\u0131yla, ki\u015fisel verilerinizi a\u015fa\u011f\u0131da a\u00e7\u0131kland\u0131\u011f\u0131 surette ve mevzuat taraf\u0131ndan belirlenen s\u0131n\u0131rlar \u00e7er\u00e7evesinde i\u015flemekteyiz.<\/p>\n<ol>\n<li><strong>Veri Sorumlusu<\/strong><\/li>\n<\/ol>\n<p>Maximum Sertifikasyon Uygunluk De\u011ferlendirme ve Dan\u015f. A.\u015e.<\/p>\n<p>S\u00f6\u011f\u00fct\u00f6z\u00fc Mah. S\u00f6\u011f\u00fct\u00f6z\u00fc Cad. No:2 Ko\u00e7 Kuleleri\u00a0 A Blok Daire:13 \u00c7ankaya Ankara\/T\u00fcrkiye Tel: 0532 208 19 48(pbx) \u00a0kalite@maximumhealtyservices.com<\/p>\n<ol start=\"2\">\n<li><strong> Ki\u015fisel Verilerin Toplanmas\u0131, \u0130\u015flenmesi ve \u0130\u015fleme Ama\u00e7lar\u0131<\/strong><\/li>\n<\/ol>\n<p>Ki\u015fisel verileriniz, Maximum Sertifikasyon Uygunluk De\u011ferlendirme ve Dan\u015f. A.\u015e. taraf\u0131ndan sa\u011flanan hizmet ve Maximum Sertifikasyon Uygunluk De\u011ferlendirme ve Dan\u015f. A.\u015e.\u2019nin ticari faaliyetlerine ba\u011fl\u0131 olarak de\u011fi\u015fkenlik g\u00f6sterebilmekle birlikte; \u00e7o\u011funlukla otomatik olmayan y\u00f6ntemlerle ve baz\u0131 durumlarda k\u0131smen otomatik y\u00f6ntemlerle, Maximum Sertifikasyon Uygunluk De\u011ferlendirme ve Dan\u015f. A.\u015e. birimleri ve ofisleri, i\u015f birli\u011fi yapt\u0131\u011f\u0131m\u0131z kurum ve kurulu\u015flar, internet sitesi, sosyal medya mecralar\u0131 ve benzeri vas\u0131talarla s\u00f6zl\u00fc, yaz\u0131l\u0131 ya da elektronik olarak toplanabilecektir. Maximum Sertifikasyon Uygunluk De\u011ferlendirme ve Dan\u015f. A.\u015e.\u2019nin sundu\u011fu hizmetlerden yararland\u0131\u011f\u0131n\u0131z m\u00fcddet\u00e7e olu\u015fturularak ve g\u00fcncellenerek ki\u015fisel verilerinizi i\u015fleyebilecektir.<\/p>\n<p>Ayr\u0131ca, Maximum Sertifikasyon Uygunluk De\u011ferlendirme ve Dan\u015f. A.\u015e. hizmetlerini kullanmak amac\u0131yla ileti\u015fim numaralar\u0131m\u0131z\u0131 arad\u0131\u011f\u0131n\u0131zda veya internet sitemizin ileti\u015fim sayfas\u0131n\u0131 kulland\u0131\u011f\u0131n\u0131zda, Maximum Sertifikasyon Uygunluk De\u011ferlendirme ve Dan\u015f.A.\u015e.\u2019yi ziyaret etti\u011finizde, \u015firketimizin d\u00fczenledi\u011fi e\u011fitim, seminer veya organizasyonlara kat\u0131ld\u0131\u011f\u0131n\u0131zda ki\u015fisel verileriniz i\u015flenebilecektir.<\/p>\n<p>Toplanan ki\u015fisel verileriniz, Maximum Sertifikasyon Uygunluk De\u011ferlendirme ve Dan\u015f. A.\u015e. taraf\u0131ndan sunulan hizmetlerden sizleri faydaland\u0131rmak i\u00e7in gerekli \u00e7al\u0131\u015fmalar\u0131n birimlerimiz taraf\u0131ndan yap\u0131lmas\u0131, Maximum Sertifikasyon Uygunluk De\u011ferlendirme ve Dan\u015f. A.\u015e.\u2019 nin ve Maximum Sertifikasyon Uygunluk De\u011ferlendirme ve Dan\u015f. A.\u015e. ile i\u015f ili\u015fkisi i\u00e7erisinde olan ki\u015filerin hukuki ve ticari g\u00fcvenli\u011finin temini (Maximum Sertifikasyon Uygunluk De\u011ferlendirme ve Dan\u015f. A.\u015e. taraf\u0131ndan y\u00fcr\u00fct\u00fclen ileti\u015fime y\u00f6nelik idari operasyonlar, Maximum Sertifikasyon Uygunluk De\u011ferlendirme ve Dan\u015f. A.\u015e.\u2019 ye ait lokasyonlar\u0131n fiziksel g\u00fcvenli\u011fini ve denetimini sa\u011flamak, m\u00fc\u015fterilerin geri bildirimleri, \u015fikayet y\u00f6netimi s\u00fcre\u00e7leri, etkinlik y\u00f6netimi, hukuki uyum s\u00fcreci, denetim, mali i\u015fler vb.), Maximum Sertifikasyon Uygunluk De\u011ferlendirme ve Dan\u015f \u00a0A.\u015e.\u2019nin ticari ve i\u015f stratejilerinin belirlenmesi ve uygulanmas\u0131 ve Maximum Sertifikasyon Uygunluk De\u011ferlendirme ve Dan\u015f. A.\u015e.\u2019nin insan kaynaklar\u0131 politikalar\u0131n\u0131n y\u00fcr\u00fct\u00fclmesinin temini ama\u00e7lar\u0131yla KVK Kanunu\u2019nun 5. ve 6. maddelerinde belirtilen ki\u015fisel veri i\u015fleme \u015fartlar\u0131 ve ama\u00e7lar\u0131 dahilinde i\u015flenecektir.<\/p>\n<p><strong>\u00a0<\/strong><\/p>\n<ol start=\"3\">\n<li><strong>\u0130\u015flenen Ki\u015fisel Verilerin Kimlere ve Hangi Ama\u00e7la Aktar\u0131labilece\u011fi<\/strong><\/li>\n<\/ol>\n<p>Toplanan ki\u015fisel verileriniz; Maximum Sertifikasyon Uygunluk De\u011ferlendirme ve Dan\u015f. A.\u015e. taraf\u0131ndan sunulan hizmetlerden sizleri faydaland\u0131rmak i\u00e7in gerekli \u00e7al\u0131\u015fmalar\u0131n birimlerimiz taraf\u0131ndan yap\u0131lmas\u0131, Maximum Sertifikasyon Uygunluk De\u011ferlendirme ve Dan\u015f. A.\u015e. ve Maximum Sertifikasyon Uygunluk De\u011ferlendirme ve Dan\u015f. A.\u015e. ile i\u015f ili\u015fkisi i\u00e7erisinde olan ki\u015filerin hukuki ve ticari g\u00fcvenli\u011finin temini (Maximum Sertifikasyon Uygunluk De\u011ferlendirme ve Dan\u015f. A.\u015e. taraf\u0131ndan y\u00fcr\u00fct\u00fclen ileti\u015fime y\u00f6nelik idari operasyonlar, Maximum Sertifikasyon Uygunluk De\u011ferlendirme ve Dan\u015f. A.\u015e.\u2019ye ait lokasyonlar\u0131n fiziksel g\u00fcvenli\u011fini ve denetimini sa\u011flamak, i\u015f orta\u011f\u0131\/m\u00fc\u015fteri\/tedarik\u00e7i (yetkili veya \u00e7al\u0131\u015fanlar\u0131) de\u011ferlendirme s\u00fcre\u00e7leri, itibar ara\u015ft\u0131rma s\u00fcre\u00e7leri, hukuki uyum s\u00fcreci, denetim, mali i\u015fler vb.), Maximum Sertifikasyon Uygunluk De\u011ferlendirme ve Dan\u015f. A.\u015e.\u2019nin ticari ve i\u015f stratejilerinin belirlenmesi ve uygulanmas\u0131 ile Maximum Sertifikasyon Uygunluk De\u011ferlendirme ve Dan\u015f. A.\u015e. \u00a0insan kaynaklar\u0131 politikalar\u0131n\u0131n y\u00fcr\u00fct\u00fclmesinin temini ama\u00e7lar\u0131yla i\u015f ortaklar\u0131m\u0131za, tedarik\u00e7ilerimize, ba\u011fl\u0131 \u00e7al\u0131\u015f\u0131lan akreditasyon kurumuna, ba\u011fl\u0131 \u00e7al\u0131\u015f\u0131lan yetkilendirici otoritelere, ba\u011fl\u0131 \u00e7al\u0131\u015f\u0131lan bakanl\u0131klar\u0131n ilgili birimlerine, Maximum Sertifikasyon Uygunluk De\u011ferlendirme ve Dan\u015f. A.\u015e. yetkililerine, hissedarlar\u0131m\u0131za, kanunen yetkili di\u011fer kamu kurumlar\u0131 ve \u00f6zel ki\u015filere, KVK Kanunu\u2019nun 8. ve 9. maddelerinde belirtilen ki\u015fisel veri i\u015fleme \u015fartlar\u0131 ve ama\u00e7lar\u0131 \u00e7er\u00e7evesinde aktar\u0131labilecektir.<\/p>\n<ol start=\"4\">\n<li><strong> Ki\u015fisel Veri Toplaman\u0131n Y\u00f6ntemi ve Hukuki Sebebi<\/strong><\/li>\n<\/ol>\n<p>Ki\u015fisel verileriniz, her t\u00fcrl\u00fc s\u00f6zl\u00fc, yaz\u0131l\u0131 ya da elektronik ortamda, yukar\u0131da yer verilen ama\u00e7lar do\u011frultusunda Maximum Sertifikasyon Uygunluk De\u011ferlendirme ve Dan\u015f. A.\u015e. olarak sundu\u011fumuz hizmetlerin belirlenen yasal \u00e7er\u00e7evede sunulabilmesi ve bu kapsamda Maximum Sertifikasyon Uygunluk De\u011ferlendirme ve Dan\u015f. A.\u015e. s\u00f6zle\u015fme, akreditasyon\/yetkilendirme kurallar\u0131 ve yasadan do\u011fan mesuliyetlerini eksiksiz ve do\u011fru bir \u015fekilde yerine getirebilmesi gayesiyle ve tesis ve binalar\u0131n g\u00fcvenli\u011finin sa\u011flanmas\u0131 amac\u0131yla elde edilir. Bu hukuki sebeple toplanan ki\u015fisel verileriniz KVK Kanunu\u2019nun 5. ve 6. maddelerinde belirtilen ki\u015fisel veri i\u015fleme \u015fartlar\u0131 ve ama\u00e7lar\u0131 kapsam\u0131nda bu metnin 2 ve 3 numaral\u0131 maddelerinde belirtilen ama\u00e7larla da i\u015flenebilmekte ve aktar\u0131labilmektedir.<\/p>\n<ol start=\"5\">\n<li><strong> Ki\u015fisel Veri Sahibinin Haklar\u0131<\/strong><\/li>\n<\/ol>\n<p>Ki\u015fisel veri sahipleri olarak, haklar\u0131n\u0131za ili\u015fkin taleplerinizi, i\u015fbu Ayd\u0131nlatma Metni\u2019nde a\u015fa\u011f\u0131da d\u00fczenlenen y\u00f6ntemlerle Maximum Sertifikasyon Uygunluk De\u011ferlendirme ve Dan\u015f. A.\u015e.\u2019ye iletmeniz durumunda Maximum Sertifikasyon Uygunluk De\u011ferlendirme ve Dan\u015f. A.\u015e.; talebin niteli\u011fine g\u00f6re talebi en ge\u00e7 1 ay i\u00e7inde sonu\u00e7land\u0131racakt\u0131r. Yaz\u0131l\u0131 olarak yan\u0131tlanacak bu talep i\u00e7in 10 sayfaya kadar \u00fccret al\u0131nmayacak, 10 sayfan\u0131n \u00fczerindeki her sayfa i\u00e7in 5 T\u00fcrk Liras\u0131 i\u015flem \u00fccreti yans\u0131t\u0131lacakt\u0131r. Ayr\u0131ca yan\u0131t\u0131n CD, flash bellek gibi bir kay\u0131t ortam\u0131nda verilmesi halinde, al\u0131nacak \u00fccret bu kay\u0131t ortam\u0131n\u0131n bedeli kadar olacakt\u0131r. Talebe istinaden yap\u0131lan de\u011ferlendirme sonucu talebin, Veri Sorumlusu\u2019nun hatas\u0131ndan kaynakland\u0131\u011f\u0131 tespit edilirse bu \u00fccretler iade edilecektir. Bu kapsamda ki\u015fisel veri sahipleri;<\/p>\n<ul>\n<li>Ki\u015fisel veri i\u015flenip i\u015flenmedi\u011fini \u00f6\u011frenme,<\/li>\n<li>Ki\u015fisel verileri i\u015flenmi\u015fse buna ili\u015fkin bilgi talep etme,<\/li>\n<li>Ki\u015fisel verilerin i\u015flenme amac\u0131n\u0131 ve bunlar\u0131n amac\u0131na uygun kullan\u0131l\u0131p kullan\u0131lmad\u0131\u011f\u0131n\u0131 \u00f6\u011frenme,<\/li>\n<li>Yurt i\u00e7inde veya yurt d\u0131\u015f\u0131nda ki\u015fisel verilerin aktar\u0131ld\u0131\u011f\u0131 \u00fc\u00e7\u00fcnc\u00fc ki\u015fileri bilme,<\/li>\n<li>Ki\u015fisel verilerin eksik veya yanl\u0131\u015f i\u015flenmi\u015f olmas\u0131 h\u00e2linde bunlar\u0131n d\u00fczeltilmesini isteme ve bu kapsamda yap\u0131lan i\u015flemin ki\u015fisel verilerin aktar\u0131ld\u0131\u011f\u0131 \u00fc\u00e7\u00fcnc\u00fc ki\u015filere bildirilmesini isteme,<\/li>\n<\/ul>\n<p>&nbsp;<\/p>\n<ul>\n<li>KVK Kanunu\u2019nun ve ilgili di\u011fer kanun h\u00fck\u00fcmlerine uygun olarak i\u015flenmi\u015f olmas\u0131na ra\u011fmen, i\u015flenmesini gerektiren sebeplerin ortadan kalkmas\u0131 h\u00e2linde ki\u015fisel verilerin silinmesini veya yok edilmesini isteme ve bu kapsamda yap\u0131lan i\u015flemin ki\u015fisel verilerin aktar\u0131ld\u0131\u011f\u0131 \u00fc\u00e7\u00fcnc\u00fc ki\u015filere bildirilmesini isteme,<\/li>\n<li>\u0130\u015flenen verilerin m\u00fcnhas\u0131ran otomatik sistemler vas\u0131tas\u0131yla analiz edilmesi suretiyle ki\u015finin kendisi aleyhine bir sonucun ortaya \u00e7\u0131kmas\u0131na itiraz etme,<\/li>\n<li>Ki\u015fisel verilerin kanuna ayk\u0131r\u0131 olarak i\u015flenmesi sebebiyle zarara u\u011framas\u0131 h\u00e2linde zarar\u0131n giderilmesini talep etme haklar\u0131na sahiptir.<\/li>\n<\/ul>\n<p>Yukar\u0131da belirtilen haklar\u0131n\u0131z\u0131 kullanmak i\u00e7in kimli\u011finizi tespit edici gerekli bilgiler ile KVK Kanunu\u2019nun 11. maddesinde belirtilen haklardan kullanmay\u0131 talep etti\u011finiz hakk\u0131n\u0131za y\u00f6nelik a\u00e7\u0131klamalar\u0131n\u0131z\u0131 i\u00e7eren talebinizi;\u00a0<strong>https:\/\/www.maximumhealtyservices.com<\/strong>\u00a0adresindeki KVKK Ba\u015fvuru Formu\u2019nun imzal\u0131 bir n\u00fcshas\u0131n\u0131 <strong>S\u00f6\u011f\u00fct\u00f6z\u00fc Mahalalesi<\/strong> <strong>S\u00f6\u011f\u00fct\u00f6z\u00fc Caddesi No:2 Ko\u00e7 \u0130\u015f Kuleleri<\/strong> \u00a0<strong>A Blok Daire:13 \u00c7ankaya Ankara T\u00fcrkiye<\/strong> adresine kimli\u011finizi tespit edici belgeler ile bizzat elden Veri Sorumlusu\u2019na iletebilir, ilgili formu <a href=\"mailto:kalite@maximumhealtyservices.com\">kalite@maximumhealtyservices.com<\/a> adresine g\u00fcvenli elektronik imzal\u0131 olarak g\u00f6nderebilirsiniz.[\/vc_column_text][vc_empty_space height=&#8221;15px&#8221;][vc_separator color=&#8221;custom&#8221; accent_color=&#8221;#e8e8e8&#8243; css=&#8221;.vc_custom_1471330308205{margin-top: 20px !important;margin-bottom: 30px !important;}&#8221;][\/vc_column_inner][\/vc_row_inner][\/vc_column][\/vc_row]<\/p>\n<\/section>","protected":false},"excerpt":{"rendered":"[vc_row][vc_column width=&#8221;1\/4&#8243;][vc_widget_sidebar sidebar_id=&#8221;about-us-page-sidebar&#8221;][\/vc_column][vc_column width=&#8221;3\/4&#8243;][vc_row_inner][vc_column_inner][vc_single_image image=&#8221;2155&#8243; img_size=&#8221;full&#8221;][vc_column_text css=&#8221;.vc_custom_1692526867396{margin-bottom: 0px !important;}&#8221;]\u00a0K\u0130\u015e\u0130SEL VER\u0130LER\u0130N KORUNMASI KANUNU METN\u0130 Maximum Sertifikasyon Uygunluk De\u011ferlendirme ve Dan\u015f. A.\u015e. olarak ki\u015fisel verilerinizin g\u00fcvenli\u011fi hususuna azami hassasiyet g\u00f6stermekteyiz. Bu bilin\u00e7le, Maximum Sertifikasyon Uygunluk De\u011ferlendirme ve Dan\u015f. A.\u015e. olarak hizmetlerimizden faydalanan ki\u015filer dahil, Maximum Sertifikasyon Uygunluk De\u011ferlendirme ve Dan\u015f. A.\u015e. ile ili\u015fkili t\u00fcm \u015fah\u0131slara ait her[&#8230;]","protected":false},"author":1,"featured_media":0,"parent":0,"menu_order":5,"comment_status":"closed","ping_status":"closed","template":"","meta":{"footnotes":""},"class_list":["post-2154","page","type-page","status-publish","hentry"],"_links":{"self":[{"href":"https:\/\/maximumhealtyservices.com\/index.php\/wp-json\/wp\/v2\/pages\/2154","targetHints":{"allow":["GET"]}}],"collection":[{"href":"https:\/\/maximumhealtyservices.com\/index.php\/wp-json\/wp\/v2\/pages"}],"about":[{"href":"https:\/\/maximumhealtyservices.com\/index.php\/wp-json\/wp\/v2\/types\/page"}],"author":[{"embeddable":true,"href":"https:\/\/maximumhealtyservices.com\/index.php\/wp-json\/wp\/v2\/users\/1"}],"replies":[{"embeddable":true,"href":"https:\/\/maximumhealtyservices.com\/index.php\/wp-json\/wp\/v2\/comments?post=2154"}],"version-history":[{"count":3,"href":"https:\/\/maximumhealtyservices.com\/index.php\/wp-json\/wp\/v2\/pages\/2154\/revisions"}],"predecessor-version":[{"id":2158,"href":"https:\/\/maximumhealtyservices.com\/index.php\/wp-json\/wp\/v2\/pages\/2154\/revisions\/2158"}],"wp:attachment":[{"href":"https:\/\/maximumhealtyservices.com\/index.php\/wp-json\/wp\/v2\/media?parent=2154"}],"curies":[{"name":"wp","href":"https:\/\/api.w.org\/{rel}","templated":true}]}}