{"id":2143,"date":"2023-08-15T20:19:51","date_gmt":"2023-08-15T17:19:51","guid":{"rendered":"https:\/\/maximumhealtyservices.com\/?page_id=2143"},"modified":"2023-08-15T20:19:51","modified_gmt":"2023-08-15T17:19:51","slug":"iso-14001-cevre-yonetim-sistemi","status":"publish","type":"page","link":"https:\/\/maximumhealtyservices.com\/index.php\/services\/iso-14001-cevre-yonetim-sistemi\/","title":{"rendered":"ISO 14001 \u00c7evre Y\u00f6netim Sistemi"},"content":{"rendered":"<section class=\"wpb-content-wrapper\"><p>[vc_row][vc_column width=&#8221;1\/4&#8243;][vc_widget_sidebar sidebar_id=&#8221;service-page-sidebar&#8221; title=&#8221;men\u00fc&#8221;][vc_wp_custommenu nav_menu=&#8221;58&#8243;][\/vc_column][vc_column width=&#8221;3\/4&#8243;][vc_single_image image=&#8221;1731&#8243; img_size=&#8221;full&#8221;][vc_row_inner][vc_column_inner][vc_column_text]ISO 14001:2015, \u00c7evre Y\u00f6netim Sistemi&#8217;nin uluslararas\u0131 bir standard\u0131n\u0131 ifade eder. Bu standard\u0131n amac\u0131, i\u015fletmelerin \u00e7evresel etkilerini y\u00f6netmelerine ve s\u00fcrd\u00fcr\u00fclebilir \u00e7evre performans\u0131n\u0131 sa\u011flamalar\u0131na yard\u0131mc\u0131 olmakt\u0131r. ISO 14001:2015 standard\u0131, \u00e7evresel s\u00fcrd\u00fcr\u00fclebilirli\u011fi desteklemek ve \u00e7evresel y\u00f6netim uygulamalar\u0131n\u0131 iyile\u015ftirmek amac\u0131yla olu\u015fturulmu\u015f bir \u00e7er\u00e7evedir.<\/p>\n<p>ISO 14001:2015 \u00c7evre Y\u00f6netim Sistemi&#8217;nin temel unsurlar\u0131 a\u015fa\u011f\u0131daki gibidir:<\/p>\n<ol>\n<li><strong>\u00c7evresel Politika:<\/strong> \u0130\u015fletme, \u00e7evresel politikas\u0131n\u0131 belirler ve taahh\u00fctlerini ilan eder. Bu politika i\u015fletmenin \u00e7evresel ama\u00e7 ve hedeflerini yans\u0131tmal\u0131d\u0131r.<\/li>\n<li><strong>\u00c7evresel Aspects ve Etkiler:<\/strong> \u0130\u015fletme, faaliyetlerinin, \u00fcr\u00fcnlerinin ve hizmetlerinin \u00e7evresel etkilerini belirler ve de\u011ferlendirir. Bu, i\u015fletmenin \u00e7evresel a\u00e7\u0131dan \u00f6nemli unsurlar\u0131 anlamas\u0131na yard\u0131mc\u0131 olur.<\/li>\n<li><strong>Hukuki ve Di\u011fer Gereklilikler:<\/strong> \u0130\u015fletme, \u00e7evre mevzuat\u0131 ve di\u011fer ilgili gereklilikleri belirler ve bunlara uyum sa\u011flamak i\u00e7in bir sistem olu\u015fturur.<\/li>\n<li><strong>Hedefler ve \u0130zleme:<\/strong> \u0130\u015fletme, \u00e7evresel hedefler belirler ve bu hedeflere ula\u015fmay\u0131 izler. \u00c7evresel performans\u0131n s\u00fcrekli olarak iyile\u015ftirilmesi hedeflenir.<\/li>\n<li><strong>E\u011fitim ve Fark\u0131ndal\u0131k:<\/strong> \u00c7al\u0131\u015fanlar ve ilgili taraflar, \u00e7evre y\u00f6netim sistemi ve \u00e7evresel sorumluluklar konusunda e\u011fitilir ve fark\u0131ndal\u0131k kazand\u0131r\u0131l\u0131r.<\/li>\n<li><strong>Acil Durum Haz\u0131rl\u0131\u011f\u0131:<\/strong> \u0130\u015fletme, \u00e7evresel acil durumlar ve olaylar i\u00e7in haz\u0131rl\u0131k planlar\u0131 geli\u015ftirir.<\/li>\n<li><strong>\u0130yile\u015ftirme:<\/strong> \u0130\u015fletme, \u00e7evresel performans\u0131n\u0131 s\u00fcrekli olarak izler, de\u011ferlendirir ve iyile\u015ftirme f\u0131rsatlar\u0131 arar.<\/li>\n<\/ol>\n<p>ISO 14001:2015 \u00c7evre Y\u00f6netim Sistemi, i\u015fletmelere \u00e7evresel etkilerini y\u00f6netme, enerji ve kaynak verimlili\u011fini art\u0131rma, \u00e7evresel performans\u0131 izleme ve s\u00fcrd\u00fcr\u00fclebilirlik hedeflerine ula\u015fma konular\u0131nda rehberlik sa\u011flar. Bu standart, i\u015fletmelerin \u00e7evresel sorumluluklar\u0131n\u0131 yerine getirerek \u00e7evre \u00fczerinde olumlu bir etki yaratmalar\u0131n\u0131 ama\u00e7lar.[\/vc_column_text][\/vc_column_inner][\/vc_row_inner][vc_row_inner][vc_column_inner][vc_column_text css=&#8221;.vc_custom_1692119929186{margin-bottom: 5px !important;}&#8221;]<\/p>\n<h4>ISO 14001 \u00c7evre Y\u00f6netim Sistemi Yararlar\u0131 Nelerdir<\/h4>\n<p>ISO 14001:2015 \u00c7evre Y\u00f6netim Sistemi&#8217;nin bir\u00e7ok faydas\u0131 vard\u0131r:<\/p>\n<ol>\n<li><strong>\u00c7evresel Performans\u0131n \u0130yile\u015ftirilmesi:<\/strong> \u0130\u015fletmeler, \u00e7evresel etkilerini daha iyi anlayarak ve y\u00f6neterek \u00e7evresel performanslar\u0131n\u0131 art\u0131rabilirler.<\/li>\n<li><strong>\u00c7evresel Risklerin Azalt\u0131lmas\u0131:<\/strong> \u00c7evre y\u00f6netim sistemi, i\u015fletmelerin \u00e7evresel riskleri belirlemelerine ve azaltmalar\u0131na yard\u0131mc\u0131 olur.<\/li>\n<li><strong>Hukuki Uyumluluk:<\/strong> ISO 14001, i\u015fletmelerin \u00e7evre mevzuat\u0131na ve di\u011fer gerekliliklere uyum sa\u011flamalar\u0131n\u0131 sa\u011flar.<\/li>\n<li><strong>Rekabet Avantaj\u0131:<\/strong> ISO 14001 sertifikas\u0131, i\u015fletmelere \u00e7evre konusundaki taahh\u00fctlerini ve sorumluluklar\u0131n\u0131 kan\u0131tlar, b\u00f6ylece rekabet avantaj\u0131 elde etmelerine yard\u0131mc\u0131 olur.<\/li>\n<li><strong>\u00c7evresel \u0130maj\u0131n G\u00fc\u00e7lenmesi:<\/strong> \u00c7evreye duyarl\u0131 bir \u00e7evre y\u00f6netim sistemi, i\u015fletmelerin kurumsal imaj\u0131n\u0131 g\u00fc\u00e7lendirir ve payda\u015flar aras\u0131nda olumlu bir alg\u0131 olu\u015fturur.<\/li>\n<li><strong>Maliyet Tasarrufu:<\/strong> Enerji ve kaynak verimlili\u011fi art\u0131r\u0131larak i\u015fletme i\u00e7i maliyetler d\u00fc\u015febilir.<\/li>\n<li><strong>\u0130\u015f S\u00fcreklili\u011fi:<\/strong> \u00c7evresel risklerin ve acil durumlar\u0131n belirlenmesi ve y\u00f6netilmesi, i\u015f s\u00fcreklili\u011fini art\u0131r\u0131r.<\/li>\n<li><strong>\u00c7al\u0131\u015fan Kat\u0131l\u0131m\u0131:<\/strong> \u00c7al\u0131\u015fanlar, \u00e7evresel konularda fark\u0131ndal\u0131k kazan\u0131r ve \u00e7evre y\u00f6netim sistemiyle b\u00fct\u00fcnle\u015firler.<\/li>\n<li><strong>S\u00fcrd\u00fcr\u00fclebilirlik Hedefleri:<\/strong> ISO 14001, i\u015fletmelerin s\u00fcrd\u00fcr\u00fclebilirlik hedeflerine ula\u015fmalar\u0131n\u0131 destekler.<\/li>\n<li><strong>Daha \u0130yi \u0130\u015f \u0130li\u015fkileri:<\/strong> \u0130\u015fletmeler, \u00e7evreye duyarl\u0131 bir yakla\u015f\u0131m benimseyerek tedarik\u00e7i ve m\u00fc\u015fteri ili\u015fkilerini g\u00fc\u00e7lendirebilirler.<\/li>\n<\/ol>\n<p>ISO 14001:2015 \u00c7evre Y\u00f6netim Sistemi, i\u015fletmelere \u00e7evresel sorumluluklar\u0131n\u0131 yerine getirmelerine, \u00e7evre \u00fczerinde olumlu etkiler yaratmalar\u0131na ve s\u00fcrd\u00fcr\u00fclebilirlik hedeflerine ula\u015fmalar\u0131na yard\u0131mc\u0131 olur. Ayn\u0131 zamanda, i\u015fletmelerin \u00e7evresel performans\u0131n\u0131 izlemelerini ve s\u00fcrekli olarak iyile\u015ftirmelerini sa\u011flayarak gelece\u011fe daha s\u00fcrd\u00fcr\u00fclebilir bir \u015fekilde haz\u0131rlanmalar\u0131n\u0131 destekler.[\/vc_column_text][\/vc_column_inner][\/vc_row_inner][vc_row_inner][vc_column_inner][vc_column_text css=&#8221;.vc_custom_1692119963322{margin-bottom: 5px !important;}&#8221;]<\/p>\n<h4>ISO 14001 \u00c7evre Y\u00f6netim Sistemi Belgesini Kimler Alabilir<\/h4>\n<p>ISO 14001:2015 \u00c7evre Y\u00f6netim Sistemi belgesini alabilecek her t\u00fcrl\u00fc i\u015fletme veya organizasyon vard\u0131r. Belge almak isteyen bir i\u015fletme, a\u015fa\u011f\u0131daki ad\u0131mlar\u0131 izlemelidir:<\/p>\n<ol>\n<li><strong>Haz\u0131rl\u0131k:<\/strong> \u0130\u015fletme, ISO 14001:2015 standard\u0131n\u0131 anlamal\u0131 ve \u00e7evresel y\u00f6netim sistemi kurma niyetini belirlemelidir.<\/li>\n<li><strong>Dok\u00fcmantasyon Haz\u0131rl\u0131\u011f\u0131:<\/strong> \u0130\u015fletme, ISO 14001:2015 gerekliliklerine uygun dok\u00fcmantasyon olu\u015fturmal\u0131d\u0131r. Bu dok\u00fcmantasyon, \u00e7evresel politika, hedefler, prosed\u00fcrler ve di\u011fer ilgili belgeleri i\u00e7erebilir.<\/li>\n<li><strong>Uygulama:<\/strong> \u0130\u015fletme, \u00e7evresel politikay\u0131 uygulamaya ba\u015flamal\u0131 ve \u00e7evresel etkileri y\u00f6netme s\u00fcre\u00e7lerini kurmal\u0131d\u0131r.<\/li>\n<li><strong>\u00c7evresel Risk ve Oportunite De\u011ferlendirmesi:<\/strong> \u0130\u015fletme, faaliyetlerinin \u00e7evresel risklerini ve f\u0131rsatlar\u0131n\u0131 de\u011ferlendirmelidir.<\/li>\n<li><strong>E\u011fitim ve Fark\u0131ndal\u0131k:<\/strong> \u00c7al\u0131\u015fanlar ve ilgili taraflar, \u00e7evre y\u00f6netim sistemi ve \u00e7evresel sorumluluklar konusunda e\u011fitilir ve fark\u0131ndal\u0131k kazand\u0131r\u0131l\u0131r.<\/li>\n<li><strong>Y\u00f6netim \u0130ncelemesi:<\/strong> \u0130\u015fletme y\u00f6netimi, \u00e7evre y\u00f6netim sisteminin etkinli\u011fini g\u00f6zden ge\u00e7irir ve gerekli iyile\u015ftirmeleri planlar.<\/li>\n<li><strong>Ba\u011f\u0131ms\u0131z Denetim:<\/strong> \u0130\u015fletme, bir ba\u011f\u0131ms\u0131z belgelendirme kurulu\u015fu taraf\u0131ndan yap\u0131lan denetime ba\u015fvurmal\u0131d\u0131r.<\/li>\n<li><strong>Belge Verilmesi:<\/strong> ISO 14001:2015 gerekliliklerine uygun olarak \u00e7al\u0131\u015ft\u0131\u011f\u0131 ve \u00e7evresel performans\u0131n\u0131 y\u00f6netti\u011fi ba\u011f\u0131ms\u0131z denetim sonras\u0131nda onay al\u0131rsa, ISO 14001:2015 belgesi verilir.<\/li>\n<\/ol>\n<p>Her sekt\u00f6rden, her b\u00fcy\u00fckl\u00fckteki i\u015fletme veya organizasyon ISO 14001:2015 belgesini alabilir. \u00c7evre y\u00f6netim sistemi olu\u015fturarak \u00e7evresel etkilerini y\u00f6netmeyi ve s\u00fcrd\u00fcr\u00fclebilirlik hedeflerine ula\u015fmay\u0131 ama\u00e7layan t\u00fcm i\u015fletmeler, bu belgeyi almak i\u00e7in ba\u015fvurabilirler. ISO 14001:2015 belgesi, i\u015fletmelerin \u00e7evresel sorumluluklar\u0131n\u0131 yerine getirdiklerini ve \u00e7evre konular\u0131nda taahh\u00fctte bulunduklar\u0131n\u0131 kan\u0131tlar.[\/vc_column_text][\/vc_column_inner][\/vc_row_inner][\/vc_column][\/vc_row][vc_row full_width=&#8221;stretch_row&#8221; overlay_dotted=&#8221;&#8221; css=&#8221;.vc_custom_1481544673448{margin-top: 40px !important;}&#8221;][vc_column]<div class=\"krth-cta krth-cta-one cta-cnt-left \"><div class=\"krth-cta-cnt \" ><p><span style=\"color: #ffffff;\"><strong>Detayl\u0131 Bilgi Almak \u0130\u00e7in Bize Ula\u015f\u0131n<\/strong>\u00a0<\/span><\/p>\n<\/div><a class=\"krth-btn btn-secondary  vc_custom_1691782482474 btn-medium krth-btn-69e9dd9af1058 btn-hover-one btn-icon-left rounded-three \" href=\"https:\/\/maximumhealtyservices.com\/index.php\/iletisim\/\"><span class=\"btn-text\">Bize Ula\u015f\u0131n<\/span><\/a><\/div>[\/vc_column][\/vc_row]<\/p>\n<\/section>","protected":false},"excerpt":{"rendered":"[vc_row][vc_column width=&#8221;1\/4&#8243;][vc_widget_sidebar sidebar_id=&#8221;service-page-sidebar&#8221; title=&#8221;men\u00fc&#8221;][vc_wp_custommenu nav_menu=&#8221;58&#8243;][\/vc_column][vc_column width=&#8221;3\/4&#8243;][vc_single_image image=&#8221;1731&#8243; img_size=&#8221;full&#8221;][vc_row_inner][vc_column_inner][vc_column_text]ISO 14001:2015, \u00c7evre Y\u00f6netim Sistemi&#8217;nin uluslararas\u0131 bir standard\u0131n\u0131 ifade eder. Bu standard\u0131n amac\u0131, i\u015fletmelerin \u00e7evresel etkilerini y\u00f6netmelerine ve s\u00fcrd\u00fcr\u00fclebilir \u00e7evre performans\u0131n\u0131 sa\u011flamalar\u0131na yard\u0131mc\u0131 olmakt\u0131r. ISO 14001:2015 standard\u0131, \u00e7evresel s\u00fcrd\u00fcr\u00fclebilirli\u011fi desteklemek ve \u00e7evresel y\u00f6netim uygulamalar\u0131n\u0131 iyile\u015ftirmek amac\u0131yla olu\u015fturulmu\u015f bir \u00e7er\u00e7evedir. ISO 14001:2015 \u00c7evre Y\u00f6netim Sistemi&#8217;nin temel unsurlar\u0131 a\u015fa\u011f\u0131daki gibidir:[&#8230;]","protected":false},"author":1,"featured_media":0,"parent":588,"menu_order":0,"comment_status":"closed","ping_status":"closed","template":"","meta":{"footnotes":""},"class_list":["post-2143","page","type-page","status-publish","hentry"],"_links":{"self":[{"href":"https:\/\/maximumhealtyservices.com\/index.php\/wp-json\/wp\/v2\/pages\/2143","targetHints":{"allow":["GET"]}}],"collection":[{"href":"https:\/\/maximumhealtyservices.com\/index.php\/wp-json\/wp\/v2\/pages"}],"about":[{"href":"https:\/\/maximumhealtyservices.com\/index.php\/wp-json\/wp\/v2\/types\/page"}],"author":[{"embeddable":true,"href":"https:\/\/maximumhealtyservices.com\/index.php\/wp-json\/wp\/v2\/users\/1"}],"replies":[{"embeddable":true,"href":"https:\/\/maximumhealtyservices.com\/index.php\/wp-json\/wp\/v2\/comments?post=2143"}],"version-history":[{"count":1,"href":"https:\/\/maximumhealtyservices.com\/index.php\/wp-json\/wp\/v2\/pages\/2143\/revisions"}],"predecessor-version":[{"id":2144,"href":"https:\/\/maximumhealtyservices.com\/index.php\/wp-json\/wp\/v2\/pages\/2143\/revisions\/2144"}],"up":[{"embeddable":true,"href":"https:\/\/maximumhealtyservices.com\/index.php\/wp-json\/wp\/v2\/pages\/588"}],"wp:attachment":[{"href":"https:\/\/maximumhealtyservices.com\/index.php\/wp-json\/wp\/v2\/media?parent=2143"}],"curies":[{"name":"wp","href":"https:\/\/api.w.org\/{rel}","templated":true}]}}