{"id":1986,"date":"2023-08-10T19:35:43","date_gmt":"2023-08-10T16:35:43","guid":{"rendered":"https:\/\/maximumhealtyservices.com\/?page_id=1986"},"modified":"2023-08-11T22:41:14","modified_gmt":"2023-08-11T19:41:14","slug":"tuv-rheinland-uluslararasi-spa-standardi","status":"publish","type":"page","link":"https:\/\/maximumhealtyservices.com\/index.php\/services\/tuv-rheinland-uluslararasi-spa-standardi\/","title":{"rendered":"TUV Rheinland \u2018Uluslararas\u0131 Spa Standard\u0131"},"content":{"rendered":"<section class=\"wpb-content-wrapper\"><p>[vc_row][vc_column width=&#8221;1\/4&#8243;][vc_wp_custommenu nav_menu=&#8221;63&#8243; title=&#8221;Dan\u0131\u015fmanl\u0131k&#8221;][\/vc_column][vc_column width=&#8221;3\/4&#8243;][vc_single_image image=&#8221;2017&#8243; img_size=&#8221;full&#8221;][vc_row_inner][vc_column_inner][vc_column_text]Hizmetlerin y\u00fcksek standard\u0131n\u0131 T\u00dcV Rheinland \u201cUluslararas\u0131 Spa Standard\u0131\u201d onay m\u00fchr\u00fc ile belgeleyen Spa standartlar\u0131 sistemidir. Uzmanlar bu sertifikay\u0131 \u00f6zellikle sa\u011fl\u0131kl\u0131 ya\u015fam otelleri, tatil k\u00f6yleri ve g\u00fcnl\u00fck kapl\u0131calar i\u00e7in geli\u015ftirmi\u015ftir. Otel \u00e7evresinden mutfak ve spa alan\u0131ndaki ekipmanlara kadar 300&#8217;den fazla kriter de\u011ferlendirilmektedir. De\u011ferlendirmede personelin nitelikleri ve m\u00fc\u015fterilerin ihtiya\u00e7lar\u0131na ne kadar \u00f6zenli olduklar\u0131 da g\u00f6z \u00f6n\u00fcnde bulundurulmaktad\u0131r.[\/vc_column_text][\/vc_column_inner][\/vc_row_inner][\/vc_column][\/vc_row][vc_row full_width=&#8221;stretch_row&#8221; overlay_dotted=&#8221;&#8221; css=&#8221;.vc_custom_1481544673448{margin-top: 40px !important;}&#8221;][vc_column]<div class=\"krth-cta krth-cta-one cta-cnt-left \"><div class=\"krth-cta-cnt \" ><p><span style=\"color: #ffffff;\"><strong>Detayl\u0131 Bilgi Almak i\u00e7in Bize Ula\u015f\u0131n<\/strong>\u00a0<\/span><\/p>\n<\/div><a class=\"krth-btn btn-secondary  vc_custom_1691782871727 btn-medium krth-btn-69e9dda5c8309 btn-hover-one btn-icon-left rounded-three \" href=\"https:\/\/maximumhealtyservices.com\/index.php\/iletisim\/\"><span class=\"btn-text\">B<\/span><\/a><\/div>[\/vc_column][\/vc_row]<\/p>\n<\/section>","protected":false},"excerpt":{"rendered":"[vc_row][vc_column width=&#8221;1\/4&#8243;][vc_wp_custommenu nav_menu=&#8221;63&#8243; title=&#8221;Dan\u0131\u015fmanl\u0131k&#8221;][\/vc_column][vc_column width=&#8221;3\/4&#8243;][vc_single_image image=&#8221;2017&#8243; img_size=&#8221;full&#8221;][vc_row_inner][vc_column_inner][vc_column_text]Hizmetlerin y\u00fcksek standard\u0131n\u0131 T\u00dcV Rheinland \u201cUluslararas\u0131 Spa Standard\u0131\u201d onay m\u00fchr\u00fc ile belgeleyen Spa standartlar\u0131 sistemidir. Uzmanlar bu sertifikay\u0131 \u00f6zellikle sa\u011fl\u0131kl\u0131 ya\u015fam otelleri, tatil k\u00f6yleri ve g\u00fcnl\u00fck kapl\u0131calar i\u00e7in geli\u015ftirmi\u015ftir. Otel \u00e7evresinden mutfak ve spa alan\u0131ndaki ekipmanlara kadar 300&#8217;den fazla kriter de\u011ferlendirilmektedir. De\u011ferlendirmede personelin nitelikleri ve m\u00fc\u015fterilerin ihtiya\u00e7lar\u0131na ne kadar[&#8230;]","protected":false},"author":1,"featured_media":0,"parent":588,"menu_order":0,"comment_status":"closed","ping_status":"closed","template":"","meta":{"footnotes":""},"class_list":["post-1986","page","type-page","status-publish","hentry"],"_links":{"self":[{"href":"https:\/\/maximumhealtyservices.com\/index.php\/wp-json\/wp\/v2\/pages\/1986","targetHints":{"allow":["GET"]}}],"collection":[{"href":"https:\/\/maximumhealtyservices.com\/index.php\/wp-json\/wp\/v2\/pages"}],"about":[{"href":"https:\/\/maximumhealtyservices.com\/index.php\/wp-json\/wp\/v2\/types\/page"}],"author":[{"embeddable":true,"href":"https:\/\/maximumhealtyservices.com\/index.php\/wp-json\/wp\/v2\/users\/1"}],"replies":[{"embeddable":true,"href":"https:\/\/maximumhealtyservices.com\/index.php\/wp-json\/wp\/v2\/comments?post=1986"}],"version-history":[{"count":4,"href":"https:\/\/maximumhealtyservices.com\/index.php\/wp-json\/wp\/v2\/pages\/1986\/revisions"}],"predecessor-version":[{"id":2066,"href":"https:\/\/maximumhealtyservices.com\/index.php\/wp-json\/wp\/v2\/pages\/1986\/revisions\/2066"}],"up":[{"embeddable":true,"href":"https:\/\/maximumhealtyservices.com\/index.php\/wp-json\/wp\/v2\/pages\/588"}],"wp:attachment":[{"href":"https:\/\/maximumhealtyservices.com\/index.php\/wp-json\/wp\/v2\/media?parent=1986"}],"curies":[{"name":"wp","href":"https:\/\/api.w.org\/{rel}","templated":true}]}}