{"id":1973,"date":"2023-08-10T15:11:19","date_gmt":"2023-08-10T12:11:19","guid":{"rendered":"https:\/\/maximumhealtyservices.com\/?page_id=1973"},"modified":"2023-08-11T22:34:09","modified_gmt":"2023-08-11T19:34:09","slug":"iso-45001-is-sagligi-ve-guvenligi-yonetim-sistemi-nedir","status":"publish","type":"page","link":"https:\/\/maximumhealtyservices.com\/index.php\/services\/iso-45001-is-sagligi-ve-guvenligi-yonetim-sistemi-nedir\/","title":{"rendered":"ISO 45001 \u0130\u015f Sa\u011fl\u0131\u011f\u0131 ve G\u00fcvenli\u011fi Y\u00f6netim Sistemi Nedir"},"content":{"rendered":"<section class=\"wpb-content-wrapper\"><p>[vc_row][vc_column width=&#8221;1\/4&#8243;][vc_widget_sidebar sidebar_id=&#8221;service-page-sidebar&#8221;][vc_wp_custommenu nav_menu=&#8221;58&#8243;][\/vc_column][vc_column width=&#8221;3\/4&#8243;][vc_single_image image=&#8221;1974&#8243; img_size=&#8221;full&#8221;][vc_row_inner][vc_column_inner][vc_column_text]ISO 45001, \u0130\u015f Sa\u011fl\u0131\u011f\u0131 ve G\u00fcvenli\u011fi Y\u00f6netim Sistemi&#8217;nin uluslararas\u0131 bir standard\u0131n\u0131 ifade eder. Bu standard\u0131n amac\u0131, i\u015fletmelerin i\u015f sa\u011fl\u0131\u011f\u0131 ve g\u00fcvenli\u011fi performans\u0131n\u0131 y\u00f6netmelerine, \u00e7al\u0131\u015fanlar\u0131n g\u00fcvenli\u011fini sa\u011flamalar\u0131na ve i\u015f kazalar\u0131n\u0131, yaralanmalar\u0131 ve meslek hastal\u0131klar\u0131n\u0131 \u00f6nlemelerine yard\u0131mc\u0131 olmakt\u0131r.<\/p>\n<p>ISO 45001 \u0130\u015f Sa\u011fl\u0131\u011f\u0131 ve G\u00fcvenli\u011fi Y\u00f6netim Sistemi&#8217;nin temel unsurlar\u0131 a\u015fa\u011f\u0131daki gibidir:<\/p>\n<ol>\n<li><strong>Risk De\u011ferlendirmesi:<\/strong> \u0130\u015fletmeler, i\u015f sa\u011fl\u0131\u011f\u0131 ve g\u00fcvenli\u011fi risklerini belirler, de\u011ferlendirir ve y\u00f6netir.<\/li>\n<li><strong>Hedefler ve \u0130zleme:<\/strong> \u0130\u015fletmeler, i\u015f sa\u011fl\u0131\u011f\u0131 ve g\u00fcvenli\u011fi hedefleri belirler ve bu hedeflere ula\u015fmay\u0131 izler.<\/li>\n<li><strong>E\u011fitim ve Fark\u0131ndal\u0131k:<\/strong> \u00c7al\u0131\u015fanlar ve ilgili taraflar, i\u015f sa\u011fl\u0131\u011f\u0131 ve g\u00fcvenli\u011fi konular\u0131nda e\u011fitilir ve fark\u0131ndal\u0131k kazand\u0131r\u0131l\u0131r.<\/li>\n<li><strong>Acil Durum Planlar\u0131:<\/strong> \u0130\u015fletmeler, acil durumlar i\u00e7in planlar olu\u015fturur ve acil durumlarla ba\u015fa \u00e7\u0131kmak i\u00e7in haz\u0131rl\u0131kl\u0131 olurlar.<\/li>\n<li><strong>Yasal Uyumluluk:<\/strong> \u0130\u015fletmeler, i\u015f sa\u011fl\u0131\u011f\u0131 ve g\u00fcvenli\u011fi mevzuat\u0131na uyum sa\u011flamak i\u00e7in gereken ad\u0131mlar\u0131 atarlar.<\/li>\n<li><strong>Y\u00f6netim \u0130ncelemesi:<\/strong> \u0130\u015fletme y\u00f6netimi, i\u015f sa\u011fl\u0131\u011f\u0131 ve g\u00fcvenli\u011fi performans\u0131n\u0131 g\u00f6zden ge\u00e7irir ve gerekli iyile\u015ftirmeleri planlar.<\/li>\n<li><strong>\u0130\u015f Kazas\u0131 ve Yaralanmalar\u0131n \u00d6nlenmesi:<\/strong> \u0130\u015fletmeler, i\u015f kazalar\u0131n\u0131, yaralanmalar\u0131 ve meslek hastal\u0131klar\u0131n\u0131 \u00f6nlemek i\u00e7in s\u00fcre\u00e7ler ve prosed\u00fcrler geli\u015ftirir.<\/li>\n<li><strong>S\u00fcrekli \u0130yile\u015ftirme:<\/strong> ISO 45001, i\u015fletmelerin i\u015f sa\u011fl\u0131\u011f\u0131 ve g\u00fcvenli\u011fi performans\u0131n\u0131 s\u00fcrekli olarak iyile\u015ftirmelerini destekler.<\/li>\n<\/ol>\n<p>ISO 45001 \u0130\u015f Sa\u011fl\u0131\u011f\u0131 ve G\u00fcvenli\u011fi Y\u00f6netim Sistemi, i\u015fletmelerin \u00e7al\u0131\u015fanlar\u0131n sa\u011fl\u0131\u011f\u0131n\u0131 ve g\u00fcvenli\u011fini \u00f6ncelikli olarak ele alarak i\u015f kazalar\u0131n\u0131 ve meslek hastal\u0131klar\u0131n\u0131 minimize etmelerine yard\u0131mc\u0131 olur. Bu standard, i\u015fletmelerin i\u015f sa\u011fl\u0131\u011f\u0131 ve g\u00fcvenli\u011fi risklerini y\u00f6netmelerine ve g\u00fcvenli \u00e7al\u0131\u015fma ortam\u0131n\u0131 sa\u011flamalar\u0131na rehberlik eder.[\/vc_column_text][\/vc_column_inner][\/vc_row_inner][vc_row_inner][vc_column_inner][vc_column_text css=&#8221;.vc_custom_1691669004521{margin-bottom: 5px !important;}&#8221;]<\/p>\n<h4>ISO 45001 \u0130\u015f Sa\u011fl\u0131\u011f\u0131 ve G\u00fcvenli\u011fi Y\u00f6netim Sisteminin Yararlar\u0131 Nelerdir?<\/h4>\n<p>ISO 45001 \u0130\u015f Sa\u011fl\u0131\u011f\u0131 ve G\u00fcvenli\u011fi Y\u00f6netim Sistemi&#8217;nin bir\u00e7ok faydas\u0131 vard\u0131r:<\/p>\n<ol>\n<li><strong>\u00c7al\u0131\u015fan G\u00fcvenli\u011fi ve Sa\u011fl\u0131\u011f\u0131:<\/strong> \u0130\u015fletmeler, ISO 45001 standard\u0131n\u0131 uygulayarak \u00e7al\u0131\u015fanlar\u0131n sa\u011fl\u0131\u011f\u0131n\u0131 ve g\u00fcvenli\u011fini korur, i\u015f kazalar\u0131n\u0131 ve meslek hastal\u0131klar\u0131n\u0131 \u00f6nler.<\/li>\n<li><strong>Yasal Uyumluluk:<\/strong> ISO 45001, i\u015fletmelerin i\u015f sa\u011fl\u0131\u011f\u0131 ve g\u00fcvenli\u011fi mevzuat\u0131na uyum sa\u011flamas\u0131n\u0131 destekler ve yasal gereksinimleri yerine getirmelerine yard\u0131mc\u0131 olur.<\/li>\n<li><strong>\u0130\u015f Kazalar\u0131 ve Masraflar\u0131n Azalmas\u0131:<\/strong> \u0130\u015f kazalar\u0131n\u0131n ve yaralanmalar\u0131n azalmas\u0131, i\u015fletmelerin t\u0131bbi masraflar\u0131, i\u015f kayb\u0131n\u0131 ve maliyetleri d\u00fc\u015f\u00fcrmelerine yard\u0131mc\u0131 olur.<\/li>\n<li><strong>\u0130tibar\u0131n G\u00fc\u00e7lenmesi:<\/strong> \u0130\u015fletmeler, \u00e7al\u0131\u015fan g\u00fcvenli\u011fi ve sa\u011fl\u0131\u011f\u0131na verdi\u011fi \u00f6nemle itibarlar\u0131n\u0131 g\u00fc\u00e7lendirir ve payda\u015flar\u0131n g\u00f6z\u00fcnde olumlu bir imaj olu\u015fturur.<\/li>\n<li><strong>\u00c7al\u0131\u015fan Motivasyonu ve Kat\u0131l\u0131m\u0131:<\/strong> \u00c7al\u0131\u015fanlar, i\u015fletmelerin kendilerinin sa\u011fl\u0131\u011f\u0131 ve g\u00fcvenli\u011fi konusundaki taahh\u00fctlerini g\u00f6stermelerinden motive olurlar ve kat\u0131l\u0131mlar\u0131n\u0131 art\u0131r\u0131rlar.<\/li>\n<li><strong>S\u00fcrekli \u0130yile\u015ftirme:<\/strong> ISO 45001, i\u015fletmelerin i\u015f sa\u011fl\u0131\u011f\u0131 ve g\u00fcvenli\u011fi performans\u0131n\u0131 s\u00fcrekli olarak izlemelerini ve iyile\u015ftirmelerini sa\u011flar.<\/li>\n<li><strong>Etkin Y\u00f6netim ve Planlama:<\/strong> ISO 45001, i\u015fletmelerin i\u015f sa\u011fl\u0131\u011f\u0131 ve g\u00fcvenli\u011fi s\u00fcre\u00e7lerini daha etkin bir \u015fekilde planlamalar\u0131na ve y\u00f6netmelerine yard\u0131mc\u0131 olur.<\/li>\n<li><strong>Rekabet Avantaj\u0131:<\/strong> ISO 45001 sertifikas\u0131, i\u015fletmelere i\u015f sa\u011fl\u0131\u011f\u0131 ve g\u00fcvenli\u011fi konular\u0131nda \u00fcst\u00fcnl\u00fck sa\u011flar ve rekabet avantaj\u0131 elde etmelerini destekler.<\/li>\n<li><strong>Acil Durum Haz\u0131rl\u0131kl\u0131l\u0131\u011f\u0131:<\/strong> ISO 45001, i\u015fletmelerin acil durum planlar\u0131 olu\u015fturmas\u0131n\u0131 ve acil durumlarla ba\u015fa \u00e7\u0131kmak i\u00e7in haz\u0131rl\u0131kl\u0131 olmas\u0131n\u0131 sa\u011flar.<\/li>\n<li><strong>Kurumsal Sorumluluk:<\/strong> \u0130\u015fletmeler, ISO 45001 ile i\u015f sa\u011fl\u0131\u011f\u0131 ve g\u00fcvenli\u011fi konular\u0131nda toplumsal sorumluluklar\u0131n\u0131 yerine getirdiklerini kan\u0131tlarlar.<\/li>\n<\/ol>\n<p>ISO 45001 \u0130\u015f Sa\u011fl\u0131\u011f\u0131 ve G\u00fcvenli\u011fi Y\u00f6netim Sistemi, i\u015fletmelere \u00e7al\u0131\u015fanlar\u0131n sa\u011fl\u0131\u011f\u0131n\u0131 ve g\u00fcvenli\u011fini \u00f6ncelikli olarak ele almalar\u0131 i\u00e7in bir \u00e7er\u00e7eve sunar. Bu sayede i\u015fletmeler, i\u015f kazalar\u0131n\u0131 ve meslek hastal\u0131klar\u0131n\u0131 minimize ederek \u00e7al\u0131\u015fanlar\u0131n\u0131n g\u00fcvende ve sa\u011fl\u0131kl\u0131 bir ortamda \u00e7al\u0131\u015fmas\u0131n\u0131 sa\u011flayabilirler. Ayn\u0131 zamanda, i\u015fletmelerin yasal gereksinimlere uyum sa\u011flamas\u0131, maliyetleri azaltmas\u0131 ve itibarlar\u0131n\u0131 g\u00fc\u00e7lendirmesi i\u00e7in etkili bir ara\u00e7 sunar.[\/vc_column_text][\/vc_column_inner][\/vc_row_inner][vc_row_inner][vc_column_inner][vc_column_text css=&#8221;.vc_custom_1691669219424{margin-bottom: 5px !important;}&#8221;]<\/p>\n<h4>ISO 45001 \u0130\u015f Sa\u011fl\u0131\u011f\u0131 ve G\u00fcvenli\u011fi Y\u00f6netim Sistemi Belgesini Kimler Alabilir?<\/h4>\n<div class=\"text-gray-400 flex self-end lg:self-center justify-center mt-2 gap-2 md:gap-3 lg:gap-1 lg:absolute lg:top-0 lg:translate-x-full lg:right-0 lg:mt-0 lg:pl-2 visible\">\n<div class=\"flex\">\n<p>ISO 45001 \u0130\u015f Sa\u011fl\u0131\u011f\u0131 ve G\u00fcvenli\u011fi Y\u00f6netim Sistemi belgesini alabilecek her t\u00fcrl\u00fc i\u015fletme veya organizasyon vard\u0131r. \u0130\u015f sa\u011fl\u0131\u011f\u0131 ve g\u00fcvenli\u011fi konular\u0131na odaklanarak \u00e7al\u0131\u015fanlar\u0131n g\u00fcvenli\u011fini sa\u011flamay\u0131 ve i\u015f kazalar\u0131n\u0131, yaralanmalar\u0131 ve meslek hastal\u0131klar\u0131n\u0131 \u00f6nlemeyi ama\u00e7layan herkes bu belgeyi almak i\u00e7in ba\u015fvurabilir. Bu belgeyi almak isteyen bir i\u015fletme veya organizasyon, a\u015fa\u011f\u0131daki ad\u0131mlar\u0131 izlemelidir:<\/p>\n<ol>\n<li><strong>Haz\u0131rl\u0131k:<\/strong> \u0130\u015fletme veya organizasyon, ISO 45001 standard\u0131n\u0131 anlamal\u0131 ve i\u015f sa\u011fl\u0131\u011f\u0131 ve g\u00fcvenli\u011fi y\u00f6netim sistemi kurma niyetini belirlemelidir.<\/li>\n<li><strong>Dok\u00fcmantasyon Haz\u0131rl\u0131\u011f\u0131:<\/strong> \u0130\u015fletme veya organizasyon, ISO 45001 gerekliliklerine uygun dok\u00fcmantasyon olu\u015fturmal\u0131d\u0131r. Bu dok\u00fcmantasyon, i\u015f sa\u011fl\u0131\u011f\u0131 ve g\u00fcvenli\u011fi politikas\u0131, risk de\u011ferlendirmeleri, e\u011fitim programlar\u0131 ve di\u011fer ilgili belgeleri i\u00e7erebilir.<\/li>\n<li><strong>Uygulama:<\/strong> \u0130\u015fletme veya organizasyon, i\u015f sa\u011fl\u0131\u011f\u0131 ve g\u00fcvenli\u011fi y\u00f6netim sistemini uygulamaya ba\u015flamal\u0131 ve i\u015f s\u00fcre\u00e7lerini buna g\u00f6re d\u00fczenlemelidir.<\/li>\n<li><strong>Risk De\u011ferlendirmesi ve Y\u00f6netimi:<\/strong> \u0130\u015fletme veya organizasyon, i\u015f sa\u011fl\u0131\u011f\u0131 ve g\u00fcvenli\u011fi risklerini belirler, de\u011ferlendirir ve y\u00f6netir.<\/li>\n<li><strong>E\u011fitim ve Fark\u0131ndal\u0131k:<\/strong> \u00c7al\u0131\u015fanlar ve ilgili taraflar, i\u015f sa\u011fl\u0131\u011f\u0131 ve g\u00fcvenli\u011fi konular\u0131nda e\u011fitilir ve fark\u0131ndal\u0131k kazand\u0131r\u0131l\u0131r.<\/li>\n<li><strong>Acil Durum Planlar\u0131:<\/strong> \u0130\u015fletme veya organizasyon, acil durumlar i\u00e7in planlar olu\u015fturur ve bu planlar\u0131 d\u00fczenli olarak tatbik eder.<\/li>\n<li><strong>Y\u00f6netim \u0130ncelemesi:<\/strong> \u0130\u015fletme veya organizasyon y\u00f6netimi, i\u015f sa\u011fl\u0131\u011f\u0131 ve g\u00fcvenli\u011fi performans\u0131n\u0131 g\u00f6zden ge\u00e7irir ve gerekli iyile\u015ftirmeleri planlar.<\/li>\n<li><strong>Ba\u011f\u0131ms\u0131z Denetim:<\/strong> \u0130\u015fletme veya organizasyon, bir ba\u011f\u0131ms\u0131z belgelendirme kurulu\u015funa ba\u015fvurarak denetim s\u00fcrecine dahil olabilir.<\/li>\n<li><strong>Belge Verilmesi:<\/strong> ISO 45001 gerekliliklerine uygun olarak \u00e7al\u0131\u015ft\u0131\u011f\u0131 ve i\u015f sa\u011fl\u0131\u011f\u0131 ve g\u00fcvenli\u011fi performans\u0131n\u0131 y\u00f6netti\u011fi ba\u011f\u0131ms\u0131z denetim sonras\u0131nda onay al\u0131rsa, ISO 45001 \u0130\u015f Sa\u011fl\u0131\u011f\u0131 ve G\u00fcvenli\u011fi Y\u00f6netim Sistemi belgesi verilir.<\/li>\n<\/ol>\n<p>ISO 45001 \u0130\u015f Sa\u011fl\u0131\u011f\u0131 ve G\u00fcvenli\u011fi Y\u00f6netim Sistemi belgesi, i\u015fletmelerin \u00e7al\u0131\u015fanlar\u0131n sa\u011fl\u0131\u011f\u0131 ve g\u00fcvenli\u011fi konusundaki taahh\u00fctlerini g\u00f6sterir. Bu belge, i\u015fletmelerin i\u015f kazalar\u0131n\u0131, yaralanmalar\u0131 ve meslek hastal\u0131klar\u0131n\u0131 minimize etmelerine ve \u00e7al\u0131\u015fanlar\u0131n g\u00fcvenli bir ortamda \u00e7al\u0131\u015fmas\u0131n\u0131 sa\u011flamalar\u0131na yard\u0131mc\u0131 olur. Ayn\u0131 zamanda, i\u015fletmelerin yasal gereksinimlere uyum sa\u011flamas\u0131, maliyetleri azaltmas\u0131, itibarlar\u0131n\u0131 g\u00fc\u00e7lendirmesi ve rekabet avantaj\u0131 elde etmesi i\u00e7in etkili bir ara\u00e7 sunar.<\/p>\n<\/div>\n<\/div>\n<p>[\/vc_column_text][\/vc_column_inner][\/vc_row_inner][\/vc_column][\/vc_row][vc_row full_width=&#8221;stretch_row&#8221; overlay_dotted=&#8221;&#8221; css=&#8221;.vc_custom_1481544673448{margin-top: 40px !important;}&#8221;][vc_column]<div class=\"krth-cta krth-cta-one cta-cnt-left \"><div class=\"krth-cta-cnt \" ><p><span style=\"color: #ffffff;\"><strong>Detayl\u0131 Bilgi Almak \u0130\u00e7in Bize Ula\u015f\u0131n<\/strong>\u00a0<\/span><\/p>\n<\/div><a class=\"krth-btn btn-secondary  vc_custom_1691782446393 btn-medium krth-btn-69e9dd6c75817 btn-hover-one btn-icon-left rounded-three \" href=\"https:\/\/maximumhealtyservices.com\/index.php\/iletisim\/\"><span class=\"btn-text\">Bize Ula\u015f\u0131n<\/span><\/a><\/div>[\/vc_column][\/vc_row]<\/p>\n<\/section>","protected":false},"excerpt":{"rendered":"[vc_row][vc_column width=&#8221;1\/4&#8243;][vc_widget_sidebar sidebar_id=&#8221;service-page-sidebar&#8221;][vc_wp_custommenu nav_menu=&#8221;58&#8243;][\/vc_column][vc_column width=&#8221;3\/4&#8243;][vc_single_image image=&#8221;1974&#8243; img_size=&#8221;full&#8221;][vc_row_inner][vc_column_inner][vc_column_text]ISO 45001, \u0130\u015f Sa\u011fl\u0131\u011f\u0131 ve G\u00fcvenli\u011fi Y\u00f6netim Sistemi&#8217;nin uluslararas\u0131 bir standard\u0131n\u0131 ifade eder. Bu standard\u0131n amac\u0131, i\u015fletmelerin i\u015f sa\u011fl\u0131\u011f\u0131 ve g\u00fcvenli\u011fi performans\u0131n\u0131 y\u00f6netmelerine, \u00e7al\u0131\u015fanlar\u0131n g\u00fcvenli\u011fini sa\u011flamalar\u0131na ve i\u015f kazalar\u0131n\u0131, yaralanmalar\u0131 ve meslek hastal\u0131klar\u0131n\u0131 \u00f6nlemelerine yard\u0131mc\u0131 olmakt\u0131r. ISO 45001 \u0130\u015f Sa\u011fl\u0131\u011f\u0131 ve G\u00fcvenli\u011fi Y\u00f6netim Sistemi&#8217;nin temel unsurlar\u0131 a\u015fa\u011f\u0131daki gibidir: Risk[&#8230;]","protected":false},"author":1,"featured_media":0,"parent":588,"menu_order":0,"comment_status":"closed","ping_status":"closed","template":"","meta":{"footnotes":""},"class_list":["post-1973","page","type-page","status-publish","hentry"],"_links":{"self":[{"href":"https:\/\/maximumhealtyservices.com\/index.php\/wp-json\/wp\/v2\/pages\/1973","targetHints":{"allow":["GET"]}}],"collection":[{"href":"https:\/\/maximumhealtyservices.com\/index.php\/wp-json\/wp\/v2\/pages"}],"about":[{"href":"https:\/\/maximumhealtyservices.com\/index.php\/wp-json\/wp\/v2\/types\/page"}],"author":[{"embeddable":true,"href":"https:\/\/maximumhealtyservices.com\/index.php\/wp-json\/wp\/v2\/users\/1"}],"replies":[{"embeddable":true,"href":"https:\/\/maximumhealtyservices.com\/index.php\/wp-json\/wp\/v2\/comments?post=1973"}],"version-history":[{"count":4,"href":"https:\/\/maximumhealtyservices.com\/index.php\/wp-json\/wp\/v2\/pages\/1973\/revisions"}],"predecessor-version":[{"id":2054,"href":"https:\/\/maximumhealtyservices.com\/index.php\/wp-json\/wp\/v2\/pages\/1973\/revisions\/2054"}],"up":[{"embeddable":true,"href":"https:\/\/maximumhealtyservices.com\/index.php\/wp-json\/wp\/v2\/pages\/588"}],"wp:attachment":[{"href":"https:\/\/maximumhealtyservices.com\/index.php\/wp-json\/wp\/v2\/media?parent=1973"}],"curies":[{"name":"wp","href":"https:\/\/api.w.org\/{rel}","templated":true}]}}