{"id":1969,"date":"2023-08-10T14:55:21","date_gmt":"2023-08-10T11:55:21","guid":{"rendered":"https:\/\/maximumhealtyservices.com\/?page_id=1969"},"modified":"2023-08-11T16:44:05","modified_gmt":"2023-08-11T13:44:05","slug":"iso-10002-musteri-memnuniyeti-yonetim-sistemi","status":"publish","type":"page","link":"https:\/\/maximumhealtyservices.com\/index.php\/services\/iso-10002-musteri-memnuniyeti-yonetim-sistemi\/","title":{"rendered":"ISO 10002 M\u00fc\u015fteri Memnuniyeti Y\u00f6netim Sistemi Nedir"},"content":{"rendered":"<section class=\"wpb-content-wrapper\"><p>[vc_row][vc_column width=&#8221;1\/4&#8243;][vc_widget_sidebar sidebar_id=&#8221;service-page-sidebar&#8221; title=&#8221;men\u00fc&#8221;][vc_wp_custommenu nav_menu=&#8221;58&#8243;][\/vc_column][vc_column width=&#8221;3\/4&#8243;][vc_single_image image=&#8221;1734&#8243; img_size=&#8221;full&#8221;][vc_row_inner][vc_column_inner][vc_column_text]ISO 10002:2018 M\u00fc\u015fteri Memnuniyeti Y\u00f6netim Sistemi, m\u00fc\u015fteri memnuniyetini art\u0131rmak ve m\u00fc\u015fteri \u015fikayetlerini etkili bir \u015fekilde y\u00f6netmek amac\u0131yla olu\u015fturulan bir uluslararas\u0131 standard\u0131 ifade eder. Bu standard\u0131n temel amac\u0131, i\u015fletmelerin m\u00fc\u015fteri geri bildirimlerini de\u011ferlendirmelerine, m\u00fc\u015fteri memnuniyetini art\u0131rmalar\u0131na ve olumsuz durumlar\u0131 olumlu sonu\u00e7lara d\u00f6n\u00fc\u015ft\u00fcrmelerine yard\u0131mc\u0131 olmakt\u0131r.<\/p>\n<p>ISO 10002:2018 M\u00fc\u015fteri Memnuniyeti Y\u00f6netim Sistemi&#8217;nin ana bile\u015fenleri \u015funlard\u0131r:<\/p>\n<ol>\n<li><strong>M\u00fc\u015fteri Geri Bildirimleri:<\/strong> \u0130\u015fletmeler, m\u00fc\u015fterilerden gelen geri bildirimleri toplar, de\u011ferlendirir ve analiz eder. Bu geri bildirimler, memnuniyetsizlikleri, \u015fikayetleri veya olumlu deneyimleri i\u00e7erebilir.<\/li>\n<li><strong>\u015eikayet Y\u00f6netimi:<\/strong> \u0130\u015fletmeler, m\u00fc\u015fteri \u015fikayetlerini etkili bir \u015fekilde y\u00f6netir. \u015eikayetlerin kaydedilmesi, analizi, \u00e7\u00f6z\u00fcm\u00fc ve sonu\u00e7land\u0131r\u0131lmas\u0131 s\u00fcre\u00e7lerini i\u00e7erir.<\/li>\n<li><strong>\u0130yile\u015ftirme S\u00fcre\u00e7leri:<\/strong> \u0130\u015fletmeler, m\u00fc\u015fteri geri bildirimleri ve \u015fikayetler \u00fczerinden s\u00fcre\u00e7lerini iyile\u015ftirmek i\u00e7in gerekli ad\u0131mlar\u0131 atar.<\/li>\n<li><strong>M\u00fc\u015fteri Memnuniyeti \u0130yile\u015ftirmesi:<\/strong> ISO 10002, i\u015fletmelerin m\u00fc\u015fteri memnuniyetini art\u0131rmak i\u00e7in planl\u0131 ve s\u00fcrekli iyile\u015ftirme yakla\u015f\u0131m\u0131n\u0131 destekler.<\/li>\n<li><strong>E\u011fitim ve Fark\u0131ndal\u0131k:<\/strong> \u0130\u015fletme \u00e7al\u0131\u015fanlar\u0131, m\u00fc\u015fteri memnuniyeti y\u00f6netim sistemi ve m\u00fc\u015fteri ili\u015fkileri konusunda e\u011fitilir ve fark\u0131ndal\u0131k kazand\u0131r\u0131l\u0131r.<\/li>\n<li><strong>\u015eeffafl\u0131k ve \u0130leti\u015fim:<\/strong> \u0130\u015fletmeler, m\u00fc\u015fterilere \u015fikayetlerinin nas\u0131l y\u00f6netildi\u011fi ve \u00e7\u00f6z\u00fcme kavu\u015fturuldu\u011fu konusunda \u015feffaf bir ileti\u015fim sunar.<\/li>\n<li><strong>Veri Analizi ve De\u011ferlendirme:<\/strong> \u0130\u015fletmeler, toplanan m\u00fc\u015fteri geri bildirimleri ve \u015fikayet verilerini analiz eder ve s\u00fcre\u00e7lerindeki zay\u0131f noktalar\u0131 belirler.<\/li>\n<\/ol>\n<p>ISO 10002:2018 M\u00fc\u015fteri Memnuniyeti Y\u00f6netim Sistemi, i\u015fletmelere m\u00fc\u015fteri memnuniyetini art\u0131rmalar\u0131na ve m\u00fc\u015fteri ili\u015fkilerini g\u00fc\u00e7lendirmelerine yard\u0131mc\u0131 olur. Ayn\u0131 zamanda, m\u00fc\u015fteri \u015fikayetlerini olumlu sonu\u00e7lara d\u00f6n\u00fc\u015ft\u00fcrerek i\u015fletmelerin itibar\u0131n\u0131 g\u00fc\u00e7lendirir. Bu standard\u0131n kullan\u0131m\u0131, i\u015fletmelerin m\u00fc\u015fteri odakl\u0131l\u0131k ve hizmet kalitesi konusundaki taahh\u00fctlerini kan\u0131tlamas\u0131na yard\u0131mc\u0131 olur.[\/vc_column_text][\/vc_column_inner][\/vc_row_inner][vc_row_inner][vc_column_inner][vc_column_text css=&#8221;.vc_custom_1691668442996{margin-bottom: 5px !important;}&#8221;]<\/p>\n<h4>ISO 10002:2018 M\u00fc\u015fteri Memnuniyeti Y\u00f6netim Sisteminin Yararlar\u0131 Nelerdir?<\/h4>\n<p>ISO 10002:2018 M\u00fc\u015fteri Memnuniyeti Y\u00f6netim Sistemi&#8217;nin bir\u00e7ok faydas\u0131 vard\u0131r:<\/p>\n<ol>\n<li><strong>M\u00fc\u015fteri Memnuniyetinin Art\u0131r\u0131lmas\u0131:<\/strong> \u0130\u015fletmeler, m\u00fc\u015fteri geri bildirimlerini de\u011ferlendirerek ve \u015fikayetleri etkili bir \u015fekilde y\u00f6neterek m\u00fc\u015fteri memnuniyetini art\u0131rabilirler.<\/li>\n<li><strong>M\u00fc\u015fteri Sadakati:<\/strong> M\u00fc\u015fteri memnuniyeti artt\u0131k\u00e7a m\u00fc\u015fteri sadakati de artar. Sad\u0131k m\u00fc\u015fteriler, i\u015fletmenin tekrarl\u0131 i\u015f yapmas\u0131n\u0131 sa\u011flar.<\/li>\n<li><strong>\u015eeffafl\u0131k ve G\u00fcven:<\/strong> \u0130\u015fletmeler, m\u00fc\u015fterilere \u015fikayetlerin nas\u0131l y\u00f6netildi\u011fi ve \u00e7\u00f6z\u00fcme kavu\u015fturuldu\u011fu konusunda \u015feffaf bir ileti\u015fim sunarak g\u00fcven in\u015fa edebilirler.<\/li>\n<li><strong>\u0130tibar\u0131n G\u00fc\u00e7lenmesi:<\/strong> \u0130\u015fletmeler, olumlu m\u00fc\u015fteri deneyimleri ve etkili \u015fikayet y\u00f6netimi ile itibarlar\u0131n\u0131 g\u00fc\u00e7lendirebilirler.<\/li>\n<li><strong>S\u00fcrekli \u0130yile\u015ftirme:<\/strong> ISO 10002, i\u015fletmelerin m\u00fc\u015fteri geri bildirimleri \u00fczerinden s\u00fcrekli olarak iyile\u015ftirme f\u0131rsatlar\u0131n\u0131 belirlemelerine yard\u0131mc\u0131 olur.<\/li>\n<li><strong>\u015eikayetlerin Olumlu Sonu\u00e7lara D\u00f6n\u00fc\u015ft\u00fcr\u00fclmesi:<\/strong> \u0130\u015fletmeler, m\u00fc\u015fteri \u015fikayetlerini \u00e7\u00f6z\u00fcme kavu\u015fturarak olumsuz durumlar\u0131 olumlu sonu\u00e7lara d\u00f6n\u00fc\u015ft\u00fcrebilirler.<\/li>\n<li><strong>Personel Kat\u0131l\u0131m\u0131 ve Motivasyon:<\/strong> \u00c7al\u0131\u015fanlar, m\u00fc\u015fteri memnuniyeti y\u00f6netim sistemi sayesinde m\u00fc\u015fteri odakl\u0131l\u0131k konusunda daha fazla motive olurlar.<\/li>\n<li><strong>Rekabet Avantaj\u0131:<\/strong> ISO 10002 sertifikas\u0131, i\u015fletmelere m\u00fc\u015fteri memnuniyeti ve \u015fikayet y\u00f6netimi konular\u0131nda \u00fcst\u00fcnl\u00fck sa\u011flar.<\/li>\n<li><strong>Maliyet Tasarrufu:<\/strong> Etkili \u015fikayet y\u00f6netimi, tekrarl\u0131 \u015fikayetlerin \u00f6nlenmesine ve i\u015fletme i\u00e7i maliyetlerin d\u00fc\u015fmesine yard\u0131mc\u0131 olur.<\/li>\n<li><strong>\u0130yile\u015ftirilmi\u015f \u0130leti\u015fim:<\/strong> M\u00fc\u015fteri geri bildirimleri ve \u015fikayetler, i\u015fletme ile m\u00fc\u015fteri aras\u0131ndaki ileti\u015fimi g\u00fc\u00e7lendirir.<\/li>\n<\/ol>\n<p>ISO 10002:2018 M\u00fc\u015fteri Memnuniyeti Y\u00f6netim Sistemi, i\u015fletmelere m\u00fc\u015fteri memnuniyetini merkeze alan bir yakla\u015f\u0131m sunarak m\u00fc\u015fteri ili\u015fkilerini g\u00fc\u00e7lendirmelerine ve itibarlar\u0131n\u0131 geli\u015ftirmelerine yard\u0131mc\u0131 olur. Ayn\u0131 zamanda, i\u015fletmelerin m\u00fc\u015fteri geri bildirimlerini de\u011ferlendirerek s\u00fcre\u00e7lerini iyile\u015ftirmelerine ve rekabet avantaj\u0131 elde etmelerine imkan tan\u0131r.[\/vc_column_text][\/vc_column_inner][\/vc_row_inner][vc_row_inner][vc_column_inner][vc_column_text css=&#8221;.vc_custom_1691668492803{margin-bottom: 5px !important;}&#8221;]<\/p>\n<h4>ISO 10002:2018 M\u00fc\u015fteri Memnuniyeti Y\u00f6netim Sistemi Belgesini Kimler Alabilir?<\/h4>\n<div class=\"text-gray-400 flex self-end lg:self-center justify-center mt-2 gap-2 md:gap-3 lg:gap-1 lg:absolute lg:top-0 lg:translate-x-full lg:right-0 lg:mt-0 lg:pl-2 visible\">\n<div class=\"flex\">\n<p>ISO 10002:2018 M\u00fc\u015fteri Memnuniyeti Y\u00f6netim Sistemi belgesini alabilecek her t\u00fcrl\u00fc i\u015fletme veya organizasyon vard\u0131r. Bu belge, m\u00fc\u015fteri memnuniyetini art\u0131rmak ve m\u00fc\u015fteri \u015fikayetlerini etkili bir \u015fekilde y\u00f6netmek isteyen herkes i\u00e7in uygundur. Belge almak isteyen bir i\u015fletme veya organizasyon, a\u015fa\u011f\u0131daki ad\u0131mlar\u0131 izlemelidir:<\/p>\n<ol>\n<li><strong>Haz\u0131rl\u0131k:<\/strong> \u0130\u015fletme veya organizasyon, ISO 10002:2018 standard\u0131n\u0131 anlamal\u0131 ve m\u00fc\u015fteri memnuniyeti y\u00f6netim sistemini kurma niyetini belirlemelidir.<\/li>\n<li><strong>Dok\u00fcmantasyon Haz\u0131rl\u0131\u011f\u0131:<\/strong> \u0130\u015fletme veya organizasyon, ISO 10002:2018 gerekliliklerine uygun dok\u00fcmantasyon olu\u015fturmal\u0131d\u0131r. Bu dok\u00fcmantasyon, m\u00fc\u015fteri memnuniyeti politikas\u0131, \u015fikayet y\u00f6netim prosed\u00fcrleri ve di\u011fer ilgili belgeleri i\u00e7erebilir.<\/li>\n<li><strong>Uygulama:<\/strong> \u0130\u015fletme veya organizasyon, m\u00fc\u015fteri memnuniyeti y\u00f6netim sistemi s\u00fcre\u00e7lerini kurarak uygulamaya ba\u015flamal\u0131d\u0131r.<\/li>\n<li><strong>M\u00fc\u015fteri \u015eikayetleri Y\u00f6netimi:<\/strong> \u0130\u015fletme veya organizasyon, m\u00fc\u015fteri \u015fikayetlerini kaydetmeli, analiz etmeli, \u00e7\u00f6z\u00fcmlemeli ve sonu\u00e7land\u0131rmal\u0131d\u0131r.<\/li>\n<li><strong>M\u00fc\u015fteri Memnuniyeti \u0130yile\u015ftirmesi:<\/strong> ISO 10002, i\u015fletmelerin m\u00fc\u015fteri memnuniyetini art\u0131rmak i\u00e7in planl\u0131 ve s\u00fcrekli iyile\u015ftirme yakla\u015f\u0131m\u0131n\u0131 destekler.<\/li>\n<li><strong>E\u011fitim ve Fark\u0131ndal\u0131k:<\/strong> \u00c7al\u0131\u015fanlar ve ilgili taraflar, m\u00fc\u015fteri memnuniyeti y\u00f6netim sistemi ve m\u00fc\u015fteri ili\u015fkileri konusunda e\u011fitilir ve fark\u0131ndal\u0131k kazand\u0131r\u0131l\u0131r.<\/li>\n<li><strong>Y\u00f6netim \u0130ncelemesi:<\/strong> \u0130\u015fletme veya organizasyon y\u00f6netimi, m\u00fc\u015fteri memnuniyeti y\u00f6netim sisteminin etkinli\u011fini g\u00f6zden ge\u00e7irir ve gerekli iyile\u015ftirmeleri planlar.<\/li>\n<li><strong>Ba\u011f\u0131ms\u0131z Denetim:<\/strong> \u0130\u015fletme veya organizasyon, bir ba\u011f\u0131ms\u0131z belgelendirme kurulu\u015funa ba\u015fvurarak denetim s\u00fcrecine girebilir.<\/li>\n<li><strong>Belge Verilmesi:<\/strong> ISO 10002:2018 gerekliliklerine uygun olarak \u00e7al\u0131\u015ft\u0131\u011f\u0131 ve m\u00fc\u015fteri memnuniyetini y\u00f6netti\u011fi ba\u011f\u0131ms\u0131z denetim sonras\u0131nda onay al\u0131rsa, ISO 10002:2018 belgesi verilir.<\/li>\n<\/ol>\n<p>Her sekt\u00f6rden, her b\u00fcy\u00fckl\u00fckteki i\u015fletme veya organizasyon ISO 10002:2018 M\u00fc\u015fteri Memnuniyeti Y\u00f6netim Sistemi belgesini alabilir. M\u00fc\u015fteri memnuniyetini art\u0131rmak ve m\u00fc\u015fteri geri bildirimlerini etkili bir \u015fekilde y\u00f6netmek isteyen t\u00fcm i\u015fletmeler, bu belgeyi almak i\u00e7in ba\u015fvurabilirler. ISO 10002:2018 belgesi, i\u015fletmelerin m\u00fc\u015fteri odakl\u0131l\u0131k ve memnuniyet y\u00f6netimi konular\u0131nda taahh\u00fctlerini kan\u0131tlar.<\/p>\n<\/div>\n<\/div>\n<p>[\/vc_column_text][\/vc_column_inner][\/vc_row_inner][\/vc_column][\/vc_row][vc_row full_width=&#8221;stretch_row&#8221; overlay_dotted=&#8221;&#8221; css=&#8221;.vc_custom_1481544673448{margin-top: 40px !important;}&#8221;][vc_column]<div class=\"krth-cta krth-cta-one cta-cnt-left \"><div class=\"krth-cta-cnt \" ><p><span style=\"color: #ffffff;\"><span style=\"padding-left: 15px;\"><strong>Detayl\u0131 Bilgi Almak \u0130\u00e7in Bize Ula\u015f\u0131n<\/strong><\/span><\/span><\/p>\n<\/div><a class=\"krth-btn btn-secondary  vc_custom_1691761442473 btn-medium krth-btn-69e9dd9af34e3 btn-hover-one btn-icon-left rounded-three \" href=\"https:\/\/maximumhealtyservices.com\/index.php\/iletisim\/\"><span class=\"btn-text\">Bize Ula\u015f\u0131n<\/span><\/a><\/div>[\/vc_column][\/vc_row]<\/p>\n<\/section>","protected":false},"excerpt":{"rendered":"[vc_row][vc_column width=&#8221;1\/4&#8243;][vc_widget_sidebar sidebar_id=&#8221;service-page-sidebar&#8221; title=&#8221;men\u00fc&#8221;][vc_wp_custommenu nav_menu=&#8221;58&#8243;][\/vc_column][vc_column width=&#8221;3\/4&#8243;][vc_single_image image=&#8221;1734&#8243; img_size=&#8221;full&#8221;][vc_row_inner][vc_column_inner][vc_column_text]ISO 10002:2018 M\u00fc\u015fteri Memnuniyeti Y\u00f6netim Sistemi, m\u00fc\u015fteri memnuniyetini art\u0131rmak ve m\u00fc\u015fteri \u015fikayetlerini etkili bir \u015fekilde y\u00f6netmek amac\u0131yla olu\u015fturulan bir uluslararas\u0131 standard\u0131 ifade eder. Bu standard\u0131n temel amac\u0131, i\u015fletmelerin m\u00fc\u015fteri geri bildirimlerini de\u011ferlendirmelerine, m\u00fc\u015fteri memnuniyetini art\u0131rmalar\u0131na ve olumsuz durumlar\u0131 olumlu sonu\u00e7lara d\u00f6n\u00fc\u015ft\u00fcrmelerine yard\u0131mc\u0131 olmakt\u0131r. ISO 10002:2018 M\u00fc\u015fteri Memnuniyeti Y\u00f6netim[&#8230;]","protected":false},"author":1,"featured_media":0,"parent":588,"menu_order":0,"comment_status":"closed","ping_status":"closed","template":"","meta":{"footnotes":""},"class_list":["post-1969","page","type-page","status-publish","hentry"],"_links":{"self":[{"href":"https:\/\/maximumhealtyservices.com\/index.php\/wp-json\/wp\/v2\/pages\/1969","targetHints":{"allow":["GET"]}}],"collection":[{"href":"https:\/\/maximumhealtyservices.com\/index.php\/wp-json\/wp\/v2\/pages"}],"about":[{"href":"https:\/\/maximumhealtyservices.com\/index.php\/wp-json\/wp\/v2\/types\/page"}],"author":[{"embeddable":true,"href":"https:\/\/maximumhealtyservices.com\/index.php\/wp-json\/wp\/v2\/users\/1"}],"replies":[{"embeddable":true,"href":"https:\/\/maximumhealtyservices.com\/index.php\/wp-json\/wp\/v2\/comments?post=1969"}],"version-history":[{"count":2,"href":"https:\/\/maximumhealtyservices.com\/index.php\/wp-json\/wp\/v2\/pages\/1969\/revisions"}],"predecessor-version":[{"id":2033,"href":"https:\/\/maximumhealtyservices.com\/index.php\/wp-json\/wp\/v2\/pages\/1969\/revisions\/2033"}],"up":[{"embeddable":true,"href":"https:\/\/maximumhealtyservices.com\/index.php\/wp-json\/wp\/v2\/pages\/588"}],"wp:attachment":[{"href":"https:\/\/maximumhealtyservices.com\/index.php\/wp-json\/wp\/v2\/media?parent=1969"}],"curies":[{"name":"wp","href":"https:\/\/api.w.org\/{rel}","templated":true}]}}