{"id":1961,"date":"2023-08-10T11:31:45","date_gmt":"2023-08-10T08:31:45","guid":{"rendered":"https:\/\/maximumhealtyservices.com\/?page_id=1961"},"modified":"2023-08-11T22:34:50","modified_gmt":"2023-08-11T19:34:50","slug":"iso-9001-kalite-yonetim-sistemi","status":"publish","type":"page","link":"https:\/\/maximumhealtyservices.com\/index.php\/services\/iso-9001-kalite-yonetim-sistemi\/","title":{"rendered":"ISO 9001 Kalite Y\u00f6netim Sistemi"},"content":{"rendered":"<section class=\"wpb-content-wrapper\"><p>[vc_row][vc_column width=&#8221;1\/4&#8243;][vc_widget_sidebar sidebar_id=&#8221;service-page-sidebar&#8221; title=&#8221;men\u00fc&#8221;][vc_wp_custommenu nav_menu=&#8221;58&#8243;][\/vc_column][vc_column width=&#8221;3\/4&#8243;][vc_single_image image=&#8221;1717&#8243; img_size=&#8221;full&#8221;][vc_row_inner][vc_column_inner][vc_column_text]ISO 9001 Kalite Y\u00f6netim Sistemi, i\u015fletmelerin \u00fcr\u00fcn ve hizmetlerinin kalitesini art\u0131rmak, m\u00fc\u015fteri memnuniyetini sa\u011flamak ve s\u00fcre\u00e7lerini etkin bir \u015fekilde y\u00f6netmek amac\u0131yla kullan\u0131lan uluslararas\u0131 bir standard\u0131 ifade eder. Bu standard\u0131n temel amac\u0131, i\u015fletmelerin m\u00fc\u015fteri gereksinimlerini kar\u015f\u0131lamak, s\u00fcre\u00e7lerini iyile\u015ftirmek ve s\u00fcrekli olarak y\u00fcksek kalite standartlar\u0131n\u0131 s\u00fcrd\u00fcrebilmelerini sa\u011flamakt\u0131r.<\/p>\n<p>ISO 9001 Kalite Y\u00f6netim Sistemi, i\u015fletmelerin a\u015fa\u011f\u0131daki temel prensiplere dayanarak faaliyet g\u00f6stermelerini sa\u011flar:<\/p>\n<ol>\n<li><strong>M\u00fc\u015fteri Odakl\u0131l\u0131k:<\/strong> \u0130\u015fletmeler, m\u00fc\u015fteri gereksinimlerini anlamak, onlar\u0131n beklentilerini kar\u015f\u0131lamak ve m\u00fc\u015fteri memnuniyetini art\u0131rmak i\u00e7in \u00e7aba g\u00f6sterir.<\/li>\n<li><strong>Liderlik:<\/strong> \u00dcst y\u00f6netim, kalite y\u00f6netim sisteminin etkili bir \u015fekilde uygulanmas\u0131 ve s\u00fcrekli iyile\u015ftirme i\u00e7in liderlik rol\u00fcn\u00fc \u00fcstlenir.<\/li>\n<li><strong>\u00c7al\u0131\u015fan Kat\u0131l\u0131m\u0131:<\/strong> \u0130\u015fletme \u00e7al\u0131\u015fanlar\u0131, kalite y\u00f6netim s\u00fcre\u00e7lerine kat\u0131l\u0131r, fikirlerini payla\u015f\u0131r ve s\u00fcrekli iyile\u015ftirmeye katk\u0131 sa\u011flar.<\/li>\n<li><strong>S\u00fcre\u00e7 Yakla\u015f\u0131m\u0131:<\/strong> \u0130\u015fletmeler, faaliyetlerini s\u00fcre\u00e7ler olarak g\u00f6r\u00fcr ve bu s\u00fcre\u00e7leri etkin bir \u015fekilde y\u00f6netir.<\/li>\n<li><strong>Sistem Yakla\u015f\u0131m\u0131:<\/strong> \u0130\u015fletmeler, t\u00fcm s\u00fcre\u00e7leri, prosed\u00fcrleri ve faaliyetleri entegre bir sistem i\u00e7inde y\u00f6netir.<\/li>\n<li><strong>S\u00fcrekli \u0130yile\u015ftirme:<\/strong> \u0130\u015fletmeler, s\u00fcre\u00e7lerini s\u00fcrekli olarak g\u00f6zden ge\u00e7irir, iyile\u015ftirir ve etkinli\u011fini art\u0131rmak i\u00e7in \u00e7aba g\u00f6sterir.<\/li>\n<li><strong>Ger\u00e7eklere Dayal\u0131 Karar Verme:<\/strong> Kararlar, veri ve kan\u0131tlara dayal\u0131 olarak al\u0131n\u0131r, analiz edilir ve s\u00fcre\u00e7lerin iyile\u015ftirilmesine y\u00f6nelik yap\u0131c\u0131 ad\u0131mlar at\u0131l\u0131r.<\/li>\n<li><strong>Kazan-Kazan \u0130li\u015fkileri:<\/strong> \u0130\u015fletmeler, tedarik\u00e7ileriyle i\u015fbirli\u011fi yapar, s\u00fcrd\u00fcr\u00fclebilir ili\u015fkiler kurar ve kar\u015f\u0131l\u0131kl\u0131 fayda sa\u011flar.<\/li>\n<\/ol>\n<p>ISO 9001 Kalite Y\u00f6netim Sistemi, i\u015fletmelerin \u00fcr\u00fcn ve hizmet kalitesini art\u0131rmalar\u0131na, s\u00fcre\u00e7lerini d\u00fczenlemelerine ve m\u00fc\u015fteri memnuniyetini en \u00fcst d\u00fczeye \u00e7\u0131karmalar\u0131na yard\u0131mc\u0131 olur. Ayn\u0131 zamanda, i\u015fletmelerin uluslararas\u0131 alanda kabul g\u00f6rmesine ve rekabet avantaj\u0131 elde etmesine katk\u0131 sa\u011flar.[\/vc_column_text][\/vc_column_inner][\/vc_row_inner][vc_row_inner][vc_column_inner][vc_column_text css=&#8221;.vc_custom_1691656179077{margin-bottom: 5px !important;}&#8221;]<\/p>\n<h4>ISO 9001 Kalite Y\u00f6netim Sistemi Yararlar\u0131 Nelerdir<\/h4>\n<p>ISO 9001 Kalite Y\u00f6netim Sistemi, i\u015fletmelere bir\u00e7ok fayda sa\u011flar:<\/p>\n<ol>\n<li><strong>\u00dcr\u00fcn ve Hizmet Kalitesinde Art\u0131\u015f:<\/strong> ISO 9001 standard\u0131, i\u015fletmelerin \u00fcr\u00fcn ve hizmetlerini daha y\u00fcksek kalite standartlar\u0131na uygun olarak \u00fcretmelerini sa\u011flar. Bu da m\u00fc\u015fteri memnuniyetini art\u0131r\u0131r.<\/li>\n<li><strong>M\u00fc\u015fteri Memnuniyeti:<\/strong> Kalite y\u00f6netim sistemi, m\u00fc\u015fteri odakl\u0131l\u0131k ilkesiyle i\u015fletmelerin m\u00fc\u015fteri ihtiya\u00e7lar\u0131n\u0131 daha iyi anlamalar\u0131n\u0131 ve kar\u015f\u0131lamalar\u0131n\u0131 sa\u011flar.<\/li>\n<li><strong>Verimlilik ve Etkinlik Art\u0131\u015f\u0131:<\/strong> S\u00fcre\u00e7lerin standartla\u015ft\u0131r\u0131lmas\u0131 ve iyile\u015ftirilmesi, i\u015fletmelerin daha verimli \u00e7al\u0131\u015fmalar\u0131na yard\u0131mc\u0131 olur.<\/li>\n<li><strong>\u0130\u00e7 S\u00fcre\u00e7lerin \u0130yile\u015ftirilmesi:<\/strong> ISO 9001, i\u015fletmelerin i\u00e7 s\u00fcre\u00e7lerini de\u011ferlendirme ve geli\u015ftirme f\u0131rsatlar\u0131 sunar. Bu da s\u00fcre\u00e7lerin daha d\u00fczg\u00fcn i\u015flemesine ve kaynak israf\u0131n\u0131n azalmas\u0131na yard\u0131mc\u0131 olur.<\/li>\n<li><strong>Daha \u0130yi Y\u00f6netim Kontrol\u00fc:<\/strong> ISO 9001, i\u015fletmelerin y\u00f6netim sistemlerini daha iyi organize etmelerine yard\u0131mc\u0131 olur, b\u00f6ylece y\u00f6netim s\u00fcre\u00e7leri daha etkili bir \u015fekilde y\u00f6netilir.<\/li>\n<li><strong>Personel Kat\u0131l\u0131m\u0131 ve Motivasyon:<\/strong> Kalite y\u00f6netim sistemi, \u00e7al\u0131\u015fanlar\u0131n s\u00fcre\u00e7lere kat\u0131l\u0131m\u0131n\u0131 ve fikirlerini payla\u015fmas\u0131n\u0131 te\u015fvik eder, b\u00f6ylece \u00e7al\u0131\u015fan motivasyonunu art\u0131r\u0131r.<\/li>\n<li><strong>Risk Y\u00f6netimi:<\/strong> \u0130\u015fletmeler, riskleri belirleyip y\u00f6netmek i\u00e7in kalite y\u00f6netim sistemi kullanabilirler. Bu da beklenmeyen sorunlar\u0131n \u00f6nlenmesine yard\u0131mc\u0131 olur.<\/li>\n<li><strong>Rekabet Avantaj\u0131:<\/strong> ISO 9001 sertifikas\u0131, i\u015fletmelerin ulusal ve uluslararas\u0131 pazarda rekabet avantaj\u0131 elde etmelerine yard\u0131mc\u0131 olur.<\/li>\n<li><strong>Kurumsal \u0130maj\u0131n G\u00fc\u00e7lenmesi:<\/strong> ISO 9001 sertifikas\u0131, i\u015fletmelerin g\u00fcvenilirliklerini ve kaliteli hizmet anlay\u0131\u015flar\u0131n\u0131 kan\u0131tlar, b\u00f6ylece kurumsal imajlar\u0131n\u0131 g\u00fc\u00e7lendirir.<\/li>\n<li><strong>M\u00fc\u015fteri ve Payda\u015f G\u00fcveni:<\/strong> ISO 9001 sertifikas\u0131, m\u00fc\u015fterilerin ve di\u011fer payda\u015flar\u0131n i\u015fletmelere olan g\u00fcvenini art\u0131r\u0131r.<\/li>\n<\/ol>\n<p>Sonu\u00e7 olarak, ISO 9001 Kalite Y\u00f6netim Sistemi, i\u015fletmelere daha iyi kalite, verimlilik, m\u00fc\u015fteri memnuniyeti ve rekabet avantaj\u0131 gibi bir\u00e7ok fayda sa\u011flar. Bu da i\u015fletmelerin daha s\u00fcrd\u00fcr\u00fclebilir ve ba\u015far\u0131l\u0131 olmalar\u0131na katk\u0131 sa\u011flar.[\/vc_column_text][\/vc_column_inner][\/vc_row_inner][vc_row_inner][vc_column_inner][vc_column_text css=&#8221;.vc_custom_1691656226748{margin-bottom: 5px !important;}&#8221;]<\/p>\n<h4>ISO 9001 Kalite Y\u00f6netim Sistemi Belgesini Kimler Alabilir<\/h4>\n<p>ISO 9001 belgesini alabilecek her t\u00fcrl\u00fc i\u015fletme veya organizasyon vard\u0131r. Belge almak isteyen bir i\u015fletme, a\u015fa\u011f\u0131daki ad\u0131mlar\u0131 izlemelidir:<\/p>\n<ol>\n<li><strong>Haz\u0131rl\u0131k:<\/strong> \u0130\u015fletme, ISO 9001 standard\u0131n\u0131 ve kalite y\u00f6netim sistemini anlamal\u0131 ve uygulamak istedi\u011fi s\u00fcre\u00e7leri belirlemelidir.<\/li>\n<li><strong>Dok\u00fcmantasyon Haz\u0131rl\u0131\u011f\u0131:<\/strong> \u0130\u015fletme, ISO 9001 gerekliliklerine uygun dok\u00fcmantasyon olu\u015fturmal\u0131d\u0131r. Bu dok\u00fcmantasyon, kalite politikalar\u0131n\u0131, prosed\u00fcrleri, talimatlar\u0131 ve di\u011fer belgeleri i\u00e7erebilir.<\/li>\n<li><strong>Uygulama:<\/strong> \u0130\u015fletme, ISO 9001 standartlar\u0131na uygun \u015fekilde s\u00fcre\u00e7leri uygulamaya ba\u015flamal\u0131d\u0131r. Bu, kalite y\u00f6netim sisteminin kurulmas\u0131 ve i\u015fleyi\u015finin sa\u011flanmas\u0131 anlam\u0131na gelir.<\/li>\n<li><strong>Denetim ve \u0130nceleme:<\/strong> \u0130\u015fletme i\u00e7 denetimleri d\u00fczenleyerek, uygulamalar\u0131n\u0131 g\u00f6zden ge\u00e7irmeli ve eksiklikleri tespit etmelidir.<\/li>\n<li><strong>Y\u00f6netim \u0130ncelemesi:<\/strong> \u0130\u015fletme y\u00f6netimi, kalite y\u00f6netim sisteminin etkinli\u011fini g\u00f6zden ge\u00e7irir ve gerekli iyile\u015ftirmeleri planlar.<\/li>\n<li><strong>Ba\u011f\u0131ms\u0131z Denetim:<\/strong> \u0130\u015fletme, bir ba\u011f\u0131ms\u0131z belgelendirme kurulu\u015fu taraf\u0131ndan yap\u0131lan denetime ba\u015fvurmal\u0131d\u0131r.<\/li>\n<li><strong>Belge Verilmesi:<\/strong> \u0130\u015fletmenin ISO 9001 gerekliliklerine uygun olarak \u00e7al\u0131\u015ft\u0131\u011f\u0131 ve kalite y\u00f6netim sisteminin i\u015fledi\u011fi ba\u011f\u0131ms\u0131z denetim sonras\u0131nda onaylan\u0131rsa, ISO 9001 belgesi verilir.<\/li>\n<\/ol>\n<p>ISO 9001 belgesi, her t\u00fcrl\u00fc sekt\u00f6rde faaliyet g\u00f6steren i\u015fletmeler, k\u00fc\u00e7\u00fck i\u015fletmeler, b\u00fcy\u00fck kurulu\u015flar, \u00fcretim, hizmet, kamu veya \u00f6zel sekt\u00f6rden organizasyonlar taraf\u0131ndan al\u0131nabilir. Belge, i\u015fletmelerin kalite y\u00f6netimini ve m\u00fc\u015fteri memnuniyetini \u00f6nemseyerek faaliyet g\u00f6sterdiklerini kan\u0131tlar.[\/vc_column_text][\/vc_column_inner][\/vc_row_inner][\/vc_column][\/vc_row][vc_row full_width=&#8221;stretch_row&#8221; overlay_dotted=&#8221;&#8221; css=&#8221;.vc_custom_1481544673448{margin-top: 40px !important;}&#8221;][vc_column]<div class=\"krth-cta krth-cta-one cta-cnt-left \"><div class=\"krth-cta-cnt \" ><p><span style=\"color: #ffffff;\"><strong>Detayl\u0131 Bilgi Almak \u0130\u00e7in Bize Ula\u015f\u0131n<\/strong>\u00a0<\/span><\/p>\n<\/div><a class=\"krth-btn btn-secondary  vc_custom_1691782482474 btn-medium krth-btn-69e9ddca1bac6 btn-hover-one btn-icon-left rounded-three \" href=\"https:\/\/maximumhealtyservices.com\/index.php\/iletisim\/\"><span class=\"btn-text\">Bize Ula\u015f\u0131n<\/span><\/a><\/div>[\/vc_column][\/vc_row]<\/p>\n<\/section>","protected":false},"excerpt":{"rendered":"[vc_row][vc_column width=&#8221;1\/4&#8243;][vc_widget_sidebar sidebar_id=&#8221;service-page-sidebar&#8221; title=&#8221;men\u00fc&#8221;][vc_wp_custommenu nav_menu=&#8221;58&#8243;][\/vc_column][vc_column width=&#8221;3\/4&#8243;][vc_single_image image=&#8221;1717&#8243; img_size=&#8221;full&#8221;][vc_row_inner][vc_column_inner][vc_column_text]ISO 9001 Kalite Y\u00f6netim Sistemi, i\u015fletmelerin \u00fcr\u00fcn ve hizmetlerinin kalitesini art\u0131rmak, m\u00fc\u015fteri memnuniyetini sa\u011flamak ve s\u00fcre\u00e7lerini etkin bir \u015fekilde y\u00f6netmek amac\u0131yla kullan\u0131lan uluslararas\u0131 bir standard\u0131 ifade eder. Bu standard\u0131n temel amac\u0131, i\u015fletmelerin m\u00fc\u015fteri gereksinimlerini kar\u015f\u0131lamak, s\u00fcre\u00e7lerini iyile\u015ftirmek ve s\u00fcrekli olarak y\u00fcksek kalite standartlar\u0131n\u0131 s\u00fcrd\u00fcrebilmelerini sa\u011flamakt\u0131r. ISO 9001 Kalite[&#8230;]","protected":false},"author":1,"featured_media":0,"parent":588,"menu_order":0,"comment_status":"closed","ping_status":"closed","template":"","meta":{"footnotes":""},"class_list":["post-1961","page","type-page","status-publish","hentry"],"_links":{"self":[{"href":"https:\/\/maximumhealtyservices.com\/index.php\/wp-json\/wp\/v2\/pages\/1961","targetHints":{"allow":["GET"]}}],"collection":[{"href":"https:\/\/maximumhealtyservices.com\/index.php\/wp-json\/wp\/v2\/pages"}],"about":[{"href":"https:\/\/maximumhealtyservices.com\/index.php\/wp-json\/wp\/v2\/types\/page"}],"author":[{"embeddable":true,"href":"https:\/\/maximumhealtyservices.com\/index.php\/wp-json\/wp\/v2\/users\/1"}],"replies":[{"embeddable":true,"href":"https:\/\/maximumhealtyservices.com\/index.php\/wp-json\/wp\/v2\/comments?post=1961"}],"version-history":[{"count":3,"href":"https:\/\/maximumhealtyservices.com\/index.php\/wp-json\/wp\/v2\/pages\/1961\/revisions"}],"predecessor-version":[{"id":2056,"href":"https:\/\/maximumhealtyservices.com\/index.php\/wp-json\/wp\/v2\/pages\/1961\/revisions\/2056"}],"up":[{"embeddable":true,"href":"https:\/\/maximumhealtyservices.com\/index.php\/wp-json\/wp\/v2\/pages\/588"}],"wp:attachment":[{"href":"https:\/\/maximumhealtyservices.com\/index.php\/wp-json\/wp\/v2\/media?parent=1961"}],"curies":[{"name":"wp","href":"https:\/\/api.w.org\/{rel}","templated":true}]}}