{"id":1930,"date":"2023-08-07T23:42:02","date_gmt":"2023-08-07T20:42:02","guid":{"rendered":"https:\/\/maximumhealtyservices.com\/?page_id=1930"},"modified":"2023-08-08T00:00:26","modified_gmt":"2023-08-07T21:00:26","slug":"ce-belgelendirme-danismanligi","status":"publish","type":"page","link":"https:\/\/maximumhealtyservices.com\/index.php\/services\/ce-belgelendirme-danismanligi\/","title":{"rendered":"CE Belgelendirme Dan\u0131\u015fmanl\u0131\u011f\u0131"},"content":{"rendered":"<section class=\"wpb-content-wrapper\"><p>[vc_row][vc_column width=&#8221;1\/4&#8243;][vc_wp_custommenu nav_menu=&#8221;62&#8243; title=&#8221;Dan\u0131\u015fmanl\u0131k&#8221;][\/vc_column][vc_column width=&#8221;3\/4&#8243;][vc_single_image image=&#8221;1931&#8243; img_size=&#8221;full&#8221;][vc_row_inner][vc_column_inner][vc_column_text]CE (Conformit\u00e9 Europ\u00e9enne), Avrupa Birli\u011fi (AB) \u00fcye \u00fclkelerine ihra\u00e7 edilecek \u00fcr\u00fcnlerin uygunluk de\u011ferlendirmesini g\u00f6steren bir i\u015farettir. CE i\u015fareti, \u00fcr\u00fcnlerin AB&#8217;nin ilgili direktif ve y\u00f6netmeliklerine uygun oldu\u011funu g\u00f6sterir. CE Belgelendirme Dan\u0131\u015fmanl\u0131\u011f\u0131, \u00fcr\u00fcnlerini AB pazar\u0131na sunmay\u0131 d\u00fc\u015f\u00fcnen \u015firketlere veya kurulu\u015flara sa\u011flanan bir hizmettir.<\/p>\n<p>CE i\u015fareti, \u00fcr\u00fcnlerin AB pazar\u0131nda serbest\u00e7e dola\u015fabilmesi i\u00e7in gereklidir. \u00dcr\u00fcnlerin CE i\u015fareti ta\u015f\u0131mas\u0131, \u00fcr\u00fcnlerin ilgili AB y\u00f6netmelikleri ve teknik d\u00fczenlemelerine uygunlu\u011funu g\u00f6sterir ve t\u00fcketicilere g\u00fcvenilir ve g\u00fcvenli \u00fcr\u00fcnler sunma garantisi verir.<\/p>\n<p><strong>CE Belgelendirme Dan\u0131\u015fmanl\u0131\u011f\u0131n\u0131n Amac\u0131<\/strong><\/p>\n<p>CE Belgelendirme Dan\u0131\u015fmanl\u0131\u011f\u0131, m\u00fc\u015fterilere CE i\u015fareti almak i\u00e7in gereken s\u00fcreci y\u00f6netme ve \u00fcr\u00fcnlerinin AB y\u00f6netmeliklerine uygunlu\u011funu sa\u011flamak i\u00e7in destek veren bir hizmettir. Bu dan\u0131\u015fmanl\u0131k hizmeti, m\u00fc\u015fterilerin CE belgelendirme s\u00fcrecini anlamalar\u0131na yard\u0131mc\u0131 olurken, ayn\u0131 zamanda \u00fcr\u00fcnlerin ilgili AB y\u00f6netmeliklerine uygunlu\u011funu de\u011ferlendirir ve belgelendirme ba\u015fvurular\u0131n\u0131n d\u00fczenlenmesine yard\u0131mc\u0131 olur.<\/p>\n<p>CE Belgelendirme Dan\u0131\u015fmanl\u0131\u011f\u0131n\u0131n hedefleri \u015funlard\u0131r:<\/p>\n<ol>\n<li><strong>CE \u0130\u015fareti Uygunlu\u011fu:<\/strong> M\u00fc\u015fterilerin \u00fcr\u00fcnlerini CE i\u015faretiyle uygun hale getirme s\u00fcrecine rehberlik etmek.<\/li>\n<li><strong>Y\u00f6netmeliklerin De\u011ferlendirilmesi:<\/strong> \u00dcr\u00fcnlerin AB y\u00f6netmeliklerine uygunlu\u011funu de\u011ferlendirme ve gereklilikleri belirleme.<\/li>\n<li><strong>Dok\u00fcmantasyon ve Raporlama:<\/strong> CE belgelendirme ba\u015fvurular\u0131n\u0131n haz\u0131rlanmas\u0131 ve gerekli dok\u00fcmantasyonun d\u00fczenlenmesine yard\u0131mc\u0131 olma.<\/li>\n<li><strong>Test ve Deneyler:<\/strong> Gerekti\u011finde test ve deney s\u00fcre\u00e7lerini d\u00fczenleme ve takip etme.<\/li>\n<li><strong>Uygunluk De\u011ferlendirmesi:<\/strong> \u00dcr\u00fcnlerin uygunluk de\u011ferlendirmesi s\u00fcre\u00e7lerini y\u00f6netme ve uygunluk de\u011ferlendirmesi raporlar\u0131n\u0131 haz\u0131rlama.<\/li>\n<\/ol>\n<p><strong>CE Belgelendirme Dan\u0131\u015fmanl\u0131\u011f\u0131 Hizmetleri<\/strong><\/p>\n<p>CE Belgelendirme Dan\u0131\u015fmanlar\u0131, m\u00fc\u015fterilere a\u015fa\u011f\u0131daki hizmetleri sunar:<\/p>\n<ol>\n<li><strong>Y\u00f6netmeliklerin \u0130ncelemesi:<\/strong> \u00dcr\u00fcnlerin AB y\u00f6netmeliklerine uygunluk gereksinimlerini inceleme ve belirleme.<\/li>\n<li><strong>Dok\u00fcmantasyon Haz\u0131rl\u0131\u011f\u0131:<\/strong> CE belgelendirme ba\u015fvurular\u0131n\u0131n d\u00fczenlenmesi ve gerekli dok\u00fcmantasyonun haz\u0131rlanmas\u0131na yard\u0131mc\u0131 olma.<\/li>\n<li><strong>Uygunluk De\u011ferlendirmesi:<\/strong> \u00dcr\u00fcnlerin uygunluk de\u011ferlendirmesi s\u00fcre\u00e7lerinin d\u00fczenlenmesi ve raporlar\u0131n haz\u0131rlanmas\u0131.<\/li>\n<li><strong>Test ve Deney S\u00fcre\u00e7leri:<\/strong> \u00dcr\u00fcnlerin gerekti\u011finde test ve deney s\u00fcre\u00e7lerinin y\u00f6netimi ve takibi.<\/li>\n<li><strong>S\u00fcre\u00e7 Dan\u0131\u015fmanl\u0131\u011f\u0131:<\/strong> CE belgelendirme s\u00fcrecinde m\u00fc\u015fterilere dan\u0131\u015fmanl\u0131k sa\u011flama.<\/li>\n<\/ol>\n<p>CE Belgelendirme Dan\u0131\u015fmanl\u0131\u011f\u0131, m\u00fc\u015fterilerin \u00fcr\u00fcnlerini CE i\u015faretiyle uygun hale getirme s\u00fcrecinde \u00f6nemli bir rol oynar. Uzman dan\u0131\u015fmanl\u0131k deste\u011fi sayesinde \u00fcr\u00fcnlerin AB y\u00f6netmeliklerine uygunlu\u011fu sa\u011flan\u0131rken, belgelendirme s\u00fcreci de sorunsuz ve h\u0131zl\u0131 bir \u015fekilde y\u00f6netilebilir. Bu sayede m\u00fc\u015fteriler, g\u00fcvenilir ve uygun \u00fcr\u00fcnlerle AB pazar\u0131na giri\u015f yapma avantaj\u0131na sahip olurlar.[\/vc_column_text][\/vc_column_inner][\/vc_row_inner][\/vc_column][\/vc_row][vc_row full_width=&#8221;stretch_row&#8221; overlay_dotted=&#8221;&#8221; css=&#8221;.vc_custom_1481544673448{margin-top: 40px !important;}&#8221;][vc_column]<div class=\"krth-cta krth-cta-one cta-cnt-left \"><div class=\"krth-cta-cnt \" ><p><span style=\"color: #ffffff;\"><strong>Detayl\u0131 Bilgi Almak \u0130\u00e7in Bize Ula\u015f\u0131n<\/strong>\u00a0<\/span><\/p>\n<\/div><a class=\"krth-btn btn-secondary  vc_custom_1691442022038 btn-medium krth-btn-69e9dda5cccf7 btn-hover-one btn-icon-left rounded-three \" href=\"https:\/\/maximumhealtyservices.com\/index.php\/iletisim\/\"><span class=\"btn-text\">Bize Ula\u015f\u0131n<\/span><\/a><\/div>[\/vc_column][\/vc_row]<\/p>\n<\/section>","protected":false},"excerpt":{"rendered":"[vc_row][vc_column width=&#8221;1\/4&#8243;][vc_wp_custommenu nav_menu=&#8221;62&#8243; title=&#8221;Dan\u0131\u015fmanl\u0131k&#8221;][\/vc_column][vc_column width=&#8221;3\/4&#8243;][vc_single_image image=&#8221;1931&#8243; img_size=&#8221;full&#8221;][vc_row_inner][vc_column_inner][vc_column_text]CE (Conformit\u00e9 Europ\u00e9enne), Avrupa Birli\u011fi (AB) \u00fcye \u00fclkelerine ihra\u00e7 edilecek \u00fcr\u00fcnlerin uygunluk de\u011ferlendirmesini g\u00f6steren bir i\u015farettir. CE i\u015fareti, \u00fcr\u00fcnlerin AB&#8217;nin ilgili direktif ve y\u00f6netmeliklerine uygun oldu\u011funu g\u00f6sterir. CE Belgelendirme Dan\u0131\u015fmanl\u0131\u011f\u0131, \u00fcr\u00fcnlerini AB pazar\u0131na sunmay\u0131 d\u00fc\u015f\u00fcnen \u015firketlere veya kurulu\u015flara sa\u011flanan bir hizmettir. CE i\u015fareti, \u00fcr\u00fcnlerin AB pazar\u0131nda serbest\u00e7e dola\u015fabilmesi i\u00e7in[&#8230;]","protected":false},"author":1,"featured_media":0,"parent":588,"menu_order":0,"comment_status":"closed","ping_status":"closed","template":"","meta":{"footnotes":""},"class_list":["post-1930","page","type-page","status-publish","hentry"],"_links":{"self":[{"href":"https:\/\/maximumhealtyservices.com\/index.php\/wp-json\/wp\/v2\/pages\/1930","targetHints":{"allow":["GET"]}}],"collection":[{"href":"https:\/\/maximumhealtyservices.com\/index.php\/wp-json\/wp\/v2\/pages"}],"about":[{"href":"https:\/\/maximumhealtyservices.com\/index.php\/wp-json\/wp\/v2\/types\/page"}],"author":[{"embeddable":true,"href":"https:\/\/maximumhealtyservices.com\/index.php\/wp-json\/wp\/v2\/users\/1"}],"replies":[{"embeddable":true,"href":"https:\/\/maximumhealtyservices.com\/index.php\/wp-json\/wp\/v2\/comments?post=1930"}],"version-history":[{"count":5,"href":"https:\/\/maximumhealtyservices.com\/index.php\/wp-json\/wp\/v2\/pages\/1930\/revisions"}],"predecessor-version":[{"id":1939,"href":"https:\/\/maximumhealtyservices.com\/index.php\/wp-json\/wp\/v2\/pages\/1930\/revisions\/1939"}],"up":[{"embeddable":true,"href":"https:\/\/maximumhealtyservices.com\/index.php\/wp-json\/wp\/v2\/pages\/588"}],"wp:attachment":[{"href":"https:\/\/maximumhealtyservices.com\/index.php\/wp-json\/wp\/v2\/media?parent=1930"}],"curies":[{"name":"wp","href":"https:\/\/api.w.org\/{rel}","templated":true}]}}