{"id":1908,"date":"2023-08-07T22:56:59","date_gmt":"2023-08-07T19:56:59","guid":{"rendered":"https:\/\/maximumhealtyservices.com\/?page_id=1908"},"modified":"2023-08-11T22:36:02","modified_gmt":"2023-08-11T19:36:02","slug":"kvkk-kisisel-verilerin-korunmasi-kanunu-danismanligi","status":"publish","type":"page","link":"https:\/\/maximumhealtyservices.com\/index.php\/services\/kvkk-kisisel-verilerin-korunmasi-kanunu-danismanligi\/","title":{"rendered":"KVKK Ki\u015fisel Verilerin Korunmas\u0131 Kanunu Dan\u0131\u015fmanl\u0131\u011f\u0131"},"content":{"rendered":"<section class=\"wpb-content-wrapper\"><p>[vc_row][vc_column width=&#8221;1\/4&#8243;][vc_wp_custommenu nav_menu=&#8221;62&#8243; title=&#8221;Dan\u0131\u015fmanl\u0131k&#8221;][\/vc_column][vc_column width=&#8221;3\/4&#8243;][vc_single_image image=&#8221;1909&#8243; img_size=&#8221;full&#8221;][vc_row_inner][vc_column_inner][vc_column_text]KVKK, T\u00fcrkiye&#8217;de ki\u015fisel verilerin i\u015flenmesi, korunmas\u0131 ve g\u00fcvenli\u011fi ile ilgili d\u00fczenlemeleri i\u00e7eren Ki\u015fisel Verilerin Korunmas\u0131 Kanunu&#8217;nun k\u0131saltmas\u0131d\u0131r. KVKK ki\u015fisel verilerin hukuka uygun, do\u011fru, g\u00fcncel, belirli, a\u00e7\u0131k ve me\u015fru ama\u00e7larla i\u015flenmesini ve ki\u015fisel verilere ili\u015fkin haklar\u0131n korunmas\u0131n\u0131 ama\u00e7lar. KVKK kapsam\u0131nda veri sorumlular\u0131 ve veri i\u015fleyenler, ki\u015fisel verilerin i\u015flenmesi ve korunmas\u0131yla ilgili y\u00fck\u00fcml\u00fcl\u00fcklerine uymak zorundad\u0131r.<\/p>\n<p>KVKK Ki\u015fisel Verilerin Korunmas\u0131 Kanunu dan\u0131\u015fmanl\u0131\u011f\u0131, bireyler ve kurulu\u015flar i\u00e7in KVKK&#8217;ya uyum s\u00fcrecini y\u00f6netmek ve ki\u015fisel veri i\u015fleme faaliyetlerini uygun bir \u015fekilde y\u00fcr\u00fctmek i\u00e7in sa\u011flanan bir hizmettir. Bu dan\u0131\u015fmanl\u0131k, ki\u015fisel veri sahibi haklar\u0131n\u0131 korumak, veri g\u00fcvenli\u011fini sa\u011flamak ve yasal gerekliliklere uygun hareket etmek i\u00e7in destek sunar.<\/p>\n<p><strong>KVKK Dan\u0131\u015fmanl\u0131\u011f\u0131n\u0131n Amac\u0131<\/strong><\/p>\n<p>KVKK Ki\u015fisel Verilerin Korunmas\u0131 Kanunu dan\u0131\u015fmanl\u0131\u011f\u0131n\u0131n temel amac\u0131, bireylerin ve kurulu\u015flar\u0131n ki\u015fisel verilere uygun \u015fekilde eri\u015fimini, i\u015flenmesini ve korunmas\u0131n\u0131 sa\u011flamakt\u0131r. Dan\u0131\u015fmanl\u0131k, a\u015fa\u011f\u0131daki hedefleri ger\u00e7ekle\u015ftirmeyi ama\u00e7lar:<\/p>\n<ol>\n<li><strong>Uyumluluk Sa\u011flama:<\/strong> M\u00fc\u015fterilerin, KVKK&#8217;ya uyumlu bir \u015fekilde ki\u015fisel verileri i\u015flemeleri ve korumalar\u0131 i\u00e7in gerekli ad\u0131mlar\u0131 atmalar\u0131na yard\u0131mc\u0131 olmak.<\/li>\n<li><strong>Veri G\u00fcvenli\u011fi:<\/strong> Ki\u015fisel verilerin yasal ve teknik g\u00fcvenlik \u00f6nlemleriyle korunmas\u0131n\u0131 sa\u011flamak.<\/li>\n<li><strong>Veri Sahibi Haklar\u0131:<\/strong> Bireylerin ki\u015fisel verilerine ili\u015fkin haklar\u0131n\u0131 anlamalar\u0131n\u0131 ve korumalar\u0131n\u0131 desteklemek.<\/li>\n<li><strong>Politika ve S\u00fcre\u00e7 Olu\u015fturma:<\/strong> KVKK&#8217;ya uygun politika, prosed\u00fcr ve s\u00fcre\u00e7lerin olu\u015fturulmas\u0131 ve uygulanmas\u0131na y\u00f6nelik rehberlik sa\u011flama.<\/li>\n<li><strong>Veri \u0130hlalleri ve Raporlama:<\/strong> Veri ihlallerini \u00f6nleme ve y\u00f6netme, ayn\u0131 zamanda gerekli durumlarda otoritelere raporlama konusunda dan\u0131\u015fmanl\u0131k sa\u011flama.<\/li>\n<\/ol>\n<p><strong>KVKK Dan\u0131\u015fmanl\u0131k Hizmetleri<\/strong><\/p>\n<p>KVKK Ki\u015fisel Verilerin Korunmas\u0131 Kanunu dan\u0131\u015fmanlar\u0131, m\u00fc\u015fterilere a\u015fa\u011f\u0131daki hizmetleri sunar:<\/p>\n<ol>\n<li><strong>Uyum De\u011ferlendirmesi:<\/strong> Mevcut durumun analiz edilmesi ve KVKK&#8217;ya uyumluluk a\u00e7\u0131s\u0131ndan bir de\u011ferlendirme yap\u0131lmas\u0131.<\/li>\n<li><strong>Politika ve S\u00fcre\u00e7 Olu\u015fturma:<\/strong> KVKK&#8217;ya uygun politika, prosed\u00fcr ve s\u00fcre\u00e7lerin olu\u015fturulmas\u0131 ve uygulanmas\u0131 konusunda rehberlik.<\/li>\n<li><strong>E\u011fitim ve Fark\u0131ndal\u0131k:<\/strong> \u00c7al\u0131\u015fanlara ve payda\u015flara KVKK ile ilgili e\u011fitimler d\u00fczenlenmesi ve fark\u0131ndal\u0131k olu\u015fturma.<\/li>\n<li><strong>Veri G\u00fcvenli\u011fi ve Risk Y\u00f6netimi:<\/strong> Veri g\u00fcvenli\u011fi \u00f6nlemleri ve risk y\u00f6netimi stratejileri olu\u015fturulmas\u0131.<\/li>\n<li><strong>Veri \u0130hlalleri Y\u00f6netimi:<\/strong> Veri ihlallerini \u00f6nleme, tespit etme ve y\u00f6netme s\u00fcre\u00e7lerinin olu\u015fturulmas\u0131.<\/li>\n<li><strong>\u0130dari ve Hukuki Destek:<\/strong> KVKK&#8217;ya uyumluluk konusunda dan\u0131\u015fmanl\u0131k ve gerekti\u011finde idari ve hukuki destek sa\u011flanmas\u0131.<\/li>\n<\/ol>\n<p>KVKK Ki\u015fisel Verilerin Korunmas\u0131 Kanunu dan\u0131\u015fmanl\u0131\u011f\u0131, ki\u015fisel veri sahiplerinin haklar\u0131n\u0131 koruma, veri g\u00fcvenli\u011fini sa\u011flama ve yasal gerekliliklere uygun hareket etme konusunda \u00f6nemli bir rehberlik ve destek sa\u011flar. Uzman bir dan\u0131\u015fmanl\u0131k firmas\u0131 ile \u00e7al\u0131\u015farak, ki\u015fisel veri i\u015fleme s\u00fcre\u00e7lerinizi uyumlu hale getirebilir ve veri koruma konusundaki g\u00fcvenilirli\u011finizi art\u0131rabilirsiniz.[\/vc_column_text][\/vc_column_inner][\/vc_row_inner][\/vc_column][\/vc_row][vc_row full_width=&#8221;stretch_row&#8221; overlay_dotted=&#8221;&#8221; css=&#8221;.vc_custom_1481544673448{margin-top: 40px !important;}&#8221;][vc_column]<div class=\"krth-cta krth-cta-one cta-cnt-left \"><div class=\"krth-cta-cnt \" ><p><span style=\"color: #ffffff;\"><strong>Detayl\u0131 Bilgi Almak \u0130\u00e7in Bize Ula\u015f\u0131n<\/strong>\u00a0<\/span><\/p>\n<\/div><a class=\"krth-btn btn-secondary  vc_custom_1691782559159 btn-medium krth-btn-69e9dd6c6ced8 btn-hover-one btn-icon-left rounded-three \" href=\"https:\/\/maximumhealtyservices.com\/index.php\/iletisim\/\"><span class=\"btn-text\">Bize Ula\u015f\u0131n<\/span><\/a><\/div>[\/vc_column][\/vc_row]<\/p>\n<\/section>","protected":false},"excerpt":{"rendered":"[vc_row][vc_column width=&#8221;1\/4&#8243;][vc_wp_custommenu nav_menu=&#8221;62&#8243; title=&#8221;Dan\u0131\u015fmanl\u0131k&#8221;][\/vc_column][vc_column width=&#8221;3\/4&#8243;][vc_single_image image=&#8221;1909&#8243; img_size=&#8221;full&#8221;][vc_row_inner][vc_column_inner][vc_column_text]KVKK, T\u00fcrkiye&#8217;de ki\u015fisel verilerin i\u015flenmesi, korunmas\u0131 ve g\u00fcvenli\u011fi ile ilgili d\u00fczenlemeleri i\u00e7eren Ki\u015fisel Verilerin Korunmas\u0131 Kanunu&#8217;nun k\u0131saltmas\u0131d\u0131r. KVKK ki\u015fisel verilerin hukuka uygun, do\u011fru, g\u00fcncel, belirli, a\u00e7\u0131k ve me\u015fru ama\u00e7larla i\u015flenmesini ve ki\u015fisel verilere ili\u015fkin haklar\u0131n korunmas\u0131n\u0131 ama\u00e7lar. KVKK kapsam\u0131nda veri sorumlular\u0131 ve veri i\u015fleyenler, ki\u015fisel verilerin i\u015flenmesi ve korunmas\u0131yla[&#8230;]","protected":false},"author":1,"featured_media":0,"parent":588,"menu_order":0,"comment_status":"closed","ping_status":"closed","template":"","meta":{"footnotes":""},"class_list":["post-1908","page","type-page","status-publish","hentry"],"_links":{"self":[{"href":"https:\/\/maximumhealtyservices.com\/index.php\/wp-json\/wp\/v2\/pages\/1908","targetHints":{"allow":["GET"]}}],"collection":[{"href":"https:\/\/maximumhealtyservices.com\/index.php\/wp-json\/wp\/v2\/pages"}],"about":[{"href":"https:\/\/maximumhealtyservices.com\/index.php\/wp-json\/wp\/v2\/types\/page"}],"author":[{"embeddable":true,"href":"https:\/\/maximumhealtyservices.com\/index.php\/wp-json\/wp\/v2\/users\/1"}],"replies":[{"embeddable":true,"href":"https:\/\/maximumhealtyservices.com\/index.php\/wp-json\/wp\/v2\/comments?post=1908"}],"version-history":[{"count":3,"href":"https:\/\/maximumhealtyservices.com\/index.php\/wp-json\/wp\/v2\/pages\/1908\/revisions"}],"predecessor-version":[{"id":2061,"href":"https:\/\/maximumhealtyservices.com\/index.php\/wp-json\/wp\/v2\/pages\/1908\/revisions\/2061"}],"up":[{"embeddable":true,"href":"https:\/\/maximumhealtyservices.com\/index.php\/wp-json\/wp\/v2\/pages\/588"}],"wp:attachment":[{"href":"https:\/\/maximumhealtyservices.com\/index.php\/wp-json\/wp\/v2\/media?parent=1908"}],"curies":[{"name":"wp","href":"https:\/\/api.w.org\/{rel}","templated":true}]}}