{"id":1888,"date":"2023-08-07T22:13:21","date_gmt":"2023-08-07T19:13:21","guid":{"rendered":"https:\/\/maximumhealtyservices.com\/?page_id=1888"},"modified":"2023-08-11T22:35:47","modified_gmt":"2023-08-11T19:35:47","slug":"karbon-ayak-izi-hesaplama-ve-dogrulama-danismanligi","status":"publish","type":"page","link":"https:\/\/maximumhealtyservices.com\/index.php\/services\/karbon-ayak-izi-hesaplama-ve-dogrulama-danismanligi\/","title":{"rendered":"Karbon Ayak \u0130zi Hesaplama ve Do\u011frulama Dan\u0131\u015fmanl\u0131\u011f\u0131"},"content":{"rendered":"<section class=\"wpb-content-wrapper\"><p>[vc_row][vc_column width=&#8221;1\/4&#8243;][vc_wp_custommenu nav_menu=&#8221;62&#8243; title=&#8221;Dan\u0131\u015fmanl\u0131k&#8221;][\/vc_column][vc_column width=&#8221;3\/4&#8243;][vc_single_image image=&#8221;1889&#8243; img_size=&#8221;full&#8221;][vc_row_inner][vc_column_inner][vc_column_text]Karbon ayak izi hesaplama ve do\u011frulama dan\u0131\u015fmanl\u0131\u011f\u0131, bireyler, i\u015fletmeler veya kurulu\u015flar i\u00e7in \u00e7evresel etkilerini anlamak ve azaltmak amac\u0131yla kullan\u0131lan bir hizmettir. Bu dan\u0131\u015fmanl\u0131k hizmeti, faaliyetlerinizin sera gaz\u0131 emisyonlar\u0131n\u0131 \u00f6l\u00e7me, raporlama, azaltma ve s\u00fcrd\u00fcr\u00fclebilirlik hedeflerine ula\u015fma konusunda size rehberlik eder.<\/p>\n<p><strong>Karbon Ayak \u0130zi Hesaplama<\/strong><\/p>\n<p>Karbon ayak izi, bir organizasyonun, \u00fcr\u00fcn\u00fcn veya bireyin sera gaz\u0131 emisyonlar\u0131n\u0131n miktar\u0131n\u0131 \u00f6l\u00e7meye dayanan bir de\u011ferlendirme sistemidir. Bu emisyonlar, genellikle karbondioksit (CO2), metan (CH4), azot oksitleri (N2O) gibi sera gazlar\u0131n\u0131n e\u015fde\u011fer karbondioksit miktar\u0131 (CO2e) cinsinden ifade edilir.<\/p>\n<p>Karbon ayak izi hesaplama s\u00fcreci, t\u00fcm faaliyetlerinizi ve s\u00fcre\u00e7lerinizi g\u00f6z \u00f6n\u00fcnde bulundurarak, enerji t\u00fcketimi, ula\u015f\u0131m, at\u0131k y\u00f6netimi, \u00fcretim ve tedarik zinciri gibi alanlardaki sera gaz\u0131 emisyonlar\u0131n\u0131 \u00f6l\u00e7er. Bu veriler, \u00e7evresel etkinizin belirlenmesine ve etkileri anlamak i\u00e7in temel olu\u015fturur.<\/p>\n<p><strong>Karbon Ayak \u0130zi Do\u011frulama<\/strong><\/p>\n<p>Karbon ayak izi do\u011frulama, \u00f6l\u00e7\u00fcm ve raporlama s\u00fcre\u00e7lerinizin tarafs\u0131z ve ba\u011f\u0131ms\u0131z bir \u00fc\u00e7\u00fcnc\u00fc taraf taraf\u0131ndan g\u00f6zden ge\u00e7irilmesi ve onaylanmas\u0131d\u0131r. Bu do\u011frulama s\u00fcreci, hesaplama y\u00f6ntemlerinizin standartlara uygunlu\u011funu, verilerinizin do\u011frulu\u011funu ve raporlama s\u00fcre\u00e7lerinizin g\u00fcvenilirli\u011fini de\u011ferlendirir.<\/p>\n<p>Do\u011frulama s\u00fcreci, uluslararas\u0131 ge\u00e7erlili\u011fi olan standartlar, rehberler ve protokoller \u00e7er\u00e7evesinde ger\u00e7ekle\u015ftirilir. Hedef, \u015feffaf, g\u00fcvenilir ve do\u011fru bir karbon ayak izi hesaplama ve raporlama s\u00fcrecinin sa\u011flanmas\u0131d\u0131r.<\/p>\n<p><strong>Karbon Ayak \u0130zi Hesaplama ve Do\u011frulama Dan\u0131\u015fmanl\u0131\u011f\u0131n\u0131n Amac\u0131<\/strong><\/p>\n<p>Karbon ayak izi hesaplama ve do\u011frulama dan\u0131\u015fmanl\u0131\u011f\u0131, a\u015fa\u011f\u0131daki ama\u00e7lar\u0131 ta\u015f\u0131r:<\/p>\n<ol>\n<li><strong>\u00c7evresel Etkilerin Belirlenmesi:<\/strong> Sera gaz\u0131 emisyonlar\u0131n\u0131n neden oldu\u011fu \u00e7evresel etkileri \u00f6l\u00e7erek, faaliyetlerinizin \u00e7evresel s\u00fcrd\u00fcr\u00fclebilirlik performans\u0131n\u0131 anlamak.<\/li>\n<li><strong>F\u0131rsatlar\u0131 ve Riskleri Belirleme:<\/strong> Karbon ayak izi hesaplamas\u0131, faaliyetlerinizde potansiyel enerji ve maliyet tasarrufu f\u0131rsatlar\u0131n\u0131 ve karbon vergileri gibi d\u00fczenleyici riskleri belirlemenize yard\u0131mc\u0131 olur.<\/li>\n<li><strong>S\u00fcrd\u00fcr\u00fclebilirlik Hedeflerine Ula\u015fma:<\/strong> Belirlenen \u00e7evresel hedeflere ula\u015fmak i\u00e7in azaltma stratejileri ve eylem planlar\u0131 geli\u015ftirme.<\/li>\n<li><strong>Kurumsal \u0130maj ve \u0130tibar:<\/strong> S\u00fcrd\u00fcr\u00fclebilirlik konusundaki \u00e7abalar\u0131n\u0131z\u0131 vurgulayarak, \u00e7evresel olarak sorumlu bir kurulu\u015f olarak imaj\u0131n\u0131z\u0131 g\u00fc\u00e7lendirmek.<\/li>\n<li><strong>Do\u011frulama ile G\u00fcvenilirlik Sa\u011flama:<\/strong> Karbon ayak izi hesaplamalar\u0131n\u0131n do\u011frulanmas\u0131, payda\u015flar\u0131n\u0131za ve m\u00fc\u015fterilerinize verilerinizin g\u00fcvenilir ve tarafs\u0131z oldu\u011funu kan\u0131tlar.<\/li>\n<\/ol>\n<p>Karbon ayak izi hesaplama ve do\u011frulama, \u00e7evresel s\u00fcrd\u00fcr\u00fclebilirlik \u00e7abalar\u0131n\u0131z\u0131 desteklemek i\u00e7in \u00f6nemli bir ad\u0131md\u0131r. Bu s\u00fcre\u00e7, \u00e7evreye olan etkinizi azaltman\u0131za ve daha s\u00fcrd\u00fcr\u00fclebilir bir gelece\u011fe katk\u0131 sa\u011flaman\u0131za yard\u0131mc\u0131 olur.[\/vc_column_text][\/vc_column_inner][\/vc_row_inner][\/vc_column][\/vc_row][vc_row full_width=&#8221;stretch_row&#8221; overlay_dotted=&#8221;&#8221; css=&#8221;.vc_custom_1481544673448{margin-top: 40px !important;}&#8221;][vc_column]<div class=\"krth-cta krth-cta-one cta-cnt-left \"><div class=\"krth-cta-cnt \" ><p><span style=\"color: #ffffff;\"><strong>Detayl\u0131 Bilgi Almak \u0130\u00e7in Bize Ula\u015f\u0131n<\/strong>\u00a0<\/span><\/p>\n<\/div><a class=\"krth-btn btn-secondary  vc_custom_1691782545016 btn-medium krth-btn-69e9ddf294c37 btn-hover-one btn-icon-left rounded-three \" href=\"https:\/\/maximumhealtyservices.com\/index.php\/iletisim\/\"><span class=\"btn-text\">Bize Ula\u015f\u0131n<\/span><\/a><\/div>[\/vc_column][\/vc_row]<\/p>\n<\/section>","protected":false},"excerpt":{"rendered":"[vc_row][vc_column width=&#8221;1\/4&#8243;][vc_wp_custommenu nav_menu=&#8221;62&#8243; title=&#8221;Dan\u0131\u015fmanl\u0131k&#8221;][\/vc_column][vc_column width=&#8221;3\/4&#8243;][vc_single_image image=&#8221;1889&#8243; img_size=&#8221;full&#8221;][vc_row_inner][vc_column_inner][vc_column_text]Karbon ayak izi hesaplama ve do\u011frulama dan\u0131\u015fmanl\u0131\u011f\u0131, bireyler, i\u015fletmeler veya kurulu\u015flar i\u00e7in \u00e7evresel etkilerini anlamak ve azaltmak amac\u0131yla kullan\u0131lan bir hizmettir. Bu dan\u0131\u015fmanl\u0131k hizmeti, faaliyetlerinizin sera gaz\u0131 emisyonlar\u0131n\u0131 \u00f6l\u00e7me, raporlama, azaltma ve s\u00fcrd\u00fcr\u00fclebilirlik hedeflerine ula\u015fma konusunda size rehberlik eder. Karbon Ayak \u0130zi Hesaplama Karbon ayak izi, bir organizasyonun, \u00fcr\u00fcn\u00fcn[&#8230;]","protected":false},"author":1,"featured_media":0,"parent":588,"menu_order":0,"comment_status":"closed","ping_status":"closed","template":"","meta":{"footnotes":""},"class_list":["post-1888","page","type-page","status-publish","hentry"],"_links":{"self":[{"href":"https:\/\/maximumhealtyservices.com\/index.php\/wp-json\/wp\/v2\/pages\/1888","targetHints":{"allow":["GET"]}}],"collection":[{"href":"https:\/\/maximumhealtyservices.com\/index.php\/wp-json\/wp\/v2\/pages"}],"about":[{"href":"https:\/\/maximumhealtyservices.com\/index.php\/wp-json\/wp\/v2\/types\/page"}],"author":[{"embeddable":true,"href":"https:\/\/maximumhealtyservices.com\/index.php\/wp-json\/wp\/v2\/users\/1"}],"replies":[{"embeddable":true,"href":"https:\/\/maximumhealtyservices.com\/index.php\/wp-json\/wp\/v2\/comments?post=1888"}],"version-history":[{"count":9,"href":"https:\/\/maximumhealtyservices.com\/index.php\/wp-json\/wp\/v2\/pages\/1888\/revisions"}],"predecessor-version":[{"id":2060,"href":"https:\/\/maximumhealtyservices.com\/index.php\/wp-json\/wp\/v2\/pages\/1888\/revisions\/2060"}],"up":[{"embeddable":true,"href":"https:\/\/maximumhealtyservices.com\/index.php\/wp-json\/wp\/v2\/pages\/588"}],"wp:attachment":[{"href":"https:\/\/maximumhealtyservices.com\/index.php\/wp-json\/wp\/v2\/media?parent=1888"}],"curies":[{"name":"wp","href":"https:\/\/api.w.org\/{rel}","templated":true}]}}