{"id":1872,"date":"2023-08-07T00:06:01","date_gmt":"2023-08-06T21:06:01","guid":{"rendered":"https:\/\/maximumhealtyservices.com\/?page_id=1872"},"modified":"2023-08-11T22:36:17","modified_gmt":"2023-08-11T19:36:17","slug":"sa8000-sosyal-sorumluluk-yonetim-sistemi","status":"publish","type":"page","link":"https:\/\/maximumhealtyservices.com\/index.php\/services\/sa8000-sosyal-sorumluluk-yonetim-sistemi\/","title":{"rendered":"SA 8000 Sosyal Sorumluluk Y\u00f6netim Sistemi"},"content":{"rendered":"<section class=\"wpb-content-wrapper\"><p>[vc_row][vc_column width=&#8221;1\/4&#8243;][vc_widget_sidebar sidebar_id=&#8221;service-page-sidebar&#8221; title=&#8221;men\u00fc&#8221;][vc_wp_custommenu nav_menu=&#8221;58&#8243;][\/vc_column][vc_column width=&#8221;3\/4&#8243;][vc_single_image image=&#8221;1874&#8243; img_size=&#8221;full&#8221;][vc_row_inner][vc_column_inner][vc_column_text]SA8000, sosyal sorumluluk y\u00f6netim sistemi standard\u0131d\u0131r. \u0130\u015f d\u00fcnyas\u0131nda sosyal sorumluluk, i\u015f\u00e7i haklar\u0131na sayg\u0131 g\u00f6stermek, i\u015f\u00e7i ko\u015fullar\u0131n\u0131 iyile\u015ftirmek, insan haklar\u0131na sayg\u0131l\u0131 olmak, emek\u00e7ilerin g\u00fcvenli\u011fini sa\u011flamak ve \u00e7ocuk i\u015f\u00e7ili\u011fi gibi istenmeyen uygulamalar\u0131 engellemek gibi konular\u0131 i\u00e7erir. SA8000 standard\u0131, \u00e7al\u0131\u015fma ko\u015fullar\u0131n\u0131n insan onuruna uygun oldu\u011fundan ve sosyal adaleti destekledi\u011finden emin olmak i\u00e7in bir \u00e7er\u00e7eve sunar.<\/p>\n<p>SA8000 standard\u0131, Sosyal Hesap Verilebilirlik Uluslararas\u0131 Standartlar\u0131 Konseyi (Social Accountability International &#8211; SAI) taraf\u0131ndan geli\u015ftirilmi\u015ftir. Bu standard\u0131n amac\u0131, i\u015fletmeleri sosyal sorumluluk ilkelerine uygun hareket etmeye te\u015fvik etmektir.<\/p>\n<p>SA8000 standard\u0131, i\u015fletmelerin a\u015fa\u011f\u0131daki konularda uygunlu\u011funu de\u011ferlendirmeye y\u00f6nelik temel gereksinimler belirler:<\/p>\n<ol>\n<li><strong>\u00c7ocuk \u0130\u015f\u00e7ili\u011fi ve Zorla \u00c7al\u0131\u015ft\u0131rma:<\/strong> \u0130\u015fletmelerin \u00e7ocuk i\u015f\u00e7ilik ve zorla \u00e7al\u0131\u015ft\u0131rma uygulamalar\u0131n\u0131 engellemesi gereklili\u011fi vurgulan\u0131r.<\/li>\n<li><strong>\u0130\u015f Sa\u011fl\u0131\u011f\u0131 ve G\u00fcvenli\u011fi:<\/strong> \u0130\u015f\u00e7ilerin g\u00fcvenli bir \u00e7al\u0131\u015fma ortam\u0131na sahip olmas\u0131 ve i\u015f sa\u011fl\u0131\u011f\u0131 ve g\u00fcvenli\u011fi ko\u015fullar\u0131n\u0131n iyile\u015ftirilmesi te\u015fvik edilir.<\/li>\n<li><strong>\u0130\u015f\u00e7i Haklar\u0131:<\/strong> \u0130\u015f\u00e7ilere \u00f6rg\u00fctlenme, sendika kurma ve kolektif m\u00fczakere hakk\u0131 gibi temel i\u015f\u00e7i haklar\u0131n\u0131n korunmas\u0131 gereklili\u011fi belirtilir.<\/li>\n<li><strong>\u00c7al\u0131\u015fma Saatleri:<\/strong> \u00c7al\u0131\u015fma saatlerinin makul bir \u015fekilde d\u00fczenlenmesi ve fazla mesailerin s\u0131n\u0131rland\u0131r\u0131lmas\u0131 te\u015fvik edilir.<\/li>\n<li><strong>\u00dccret ve Sosyal Haklar:<\/strong> \u0130\u015f\u00e7ilere adil \u00fccret verilmesi ve sosyal haklar\u0131n sa\u011flanmas\u0131 gereklili\u011fi vurgulan\u0131r.<\/li>\n<li><strong>Ayr\u0131mc\u0131l\u0131k ve Taciz:<\/strong> \u0130\u015f yerinde ayr\u0131mc\u0131l\u0131k ve tacizin engellenmesi ve giderilmesi gereklili\u011fi belirtilir.<\/li>\n<\/ol>\n<p>SA8000 sertifikasyonu, bir i\u015fletmenin sosyal sorumluluk konusunda taahh\u00fctte bulundu\u011funu ve i\u015f\u00e7i haklar\u0131na sayg\u0131l\u0131 oldu\u011funu g\u00f6sterir. Bu, t\u00fcketiciler, m\u00fc\u015fteriler ve di\u011fer payda\u015flar i\u00e7in i\u015fletmeye olan g\u00fcveni art\u0131r\u0131r ve sosyal sorumluluk bilincine sahip bir i\u015fletme olarak itibar kazand\u0131r\u0131r. Ayn\u0131 zamanda, i\u015fletmelere i\u015f\u00e7i ko\u015fullar\u0131n\u0131 iyile\u015ftirme ve sosyal adaleti destekleme f\u0131rsat\u0131 sunar.[\/vc_column_text][\/vc_column_inner][\/vc_row_inner][vc_row_inner][vc_column_inner][vc_column_text css=&#8221;.vc_custom_1691355918330{margin-bottom: 5px !important;}&#8221;]<\/p>\n<h4>SA 8000 Sosyal Sorumluluk Y\u00f6netim Sistemi Yararlar\u0131 Nelerdir<\/h4>\n<p>SA8000 sosyal sorumluluk y\u00f6netim sistemi uygulamas\u0131n\u0131n i\u015fletmelere ve topluma sa\u011flad\u0131\u011f\u0131 bir\u00e7ok fayda vard\u0131r:<\/p>\n<ol>\n<li><strong>\u0130\u015f\u00e7i Haklar\u0131na Sayg\u0131:<\/strong> SA8000, i\u015f\u00e7i haklar\u0131n\u0131n korunmas\u0131 ve sayg\u0131 g\u00f6sterilmesi gereklili\u011fini vurgular. \u0130\u015fletmeler, \u00e7al\u0131\u015fanlar\u0131n\u0131n haklar\u0131n\u0131 g\u00f6zeterek adil ve insan onuruna yak\u0131\u015f\u0131r \u00e7al\u0131\u015fma ko\u015fullar\u0131 sa\u011flarlar.<\/li>\n<li><strong>\u00c7ocuk \u0130\u015f\u00e7ili\u011fi ve Zorla \u00c7al\u0131\u015ft\u0131rman\u0131n \u00d6nlenmesi:<\/strong> SA8000 standard\u0131, \u00e7ocuk i\u015f\u00e7ili\u011fi ve zorla \u00e7al\u0131\u015ft\u0131rman\u0131n engellenmesini \u00f6nceler. \u0130\u015fletmeler, etik olmayan i\u015f uygulamalar\u0131n\u0131 reddeder ve \u00e7ocuk i\u015f\u00e7ili\u011finin \u00f6n\u00fcne ge\u00e7er.<\/li>\n<li><strong>Sosyal Adaletin Desteklenmesi:<\/strong> \u0130\u015fletmeler, \u00e7al\u0131\u015fanlar\u0131na adil \u00fccretler \u00f6deyerek ve sosyal haklar\u0131 sa\u011flayarak sosyal adaleti desteklerler. Bu, \u00e7al\u0131\u015fanlar\u0131n ya\u015fam kalitesinin y\u00fckselmesine ve toplumsal dengeye katk\u0131da bulunur.<\/li>\n<li><strong>\u00c7al\u0131\u015fma Ortam\u0131n\u0131n \u0130yile\u015ftirilmesi:<\/strong> SA8000, i\u015f sa\u011fl\u0131\u011f\u0131 ve g\u00fcvenli\u011fi ko\u015fullar\u0131n\u0131n iyile\u015ftirilmesini te\u015fvik eder. \u0130\u015fletmeler, g\u00fcvenli ve sa\u011fl\u0131kl\u0131 \u00e7al\u0131\u015fma ortamlar\u0131 sa\u011flamak i\u00e7in \u00f6nlemler al\u0131r.<\/li>\n<li><strong>Toplumsal \u0130tibar\u0131n Art\u0131r\u0131lmas\u0131:<\/strong> SA8000 sertifikasyonu, i\u015fletmelerin sosyal sorumluluk bilincine sahip oldu\u011funu g\u00f6sterir. Bu, m\u00fc\u015fteri ve tedarik\u00e7i g\u00fcvenini art\u0131r\u0131r ve i\u015fletmelerin toplumsal itibar\u0131n\u0131 g\u00fc\u00e7lendirir.<\/li>\n<li><strong>Etkin Y\u00f6netim Sistemi:<\/strong> SA8000, i\u015fletmelerin etkin bir sosyal sorumluluk y\u00f6netim sistemi kurmas\u0131na yard\u0131mc\u0131 olur. \u0130\u015fletmeler, s\u00fcre\u00e7leri iyile\u015ftirme ve y\u00f6netimi daha etkin hale getirme f\u0131rsat\u0131 bulur.<\/li>\n<li><strong>Payda\u015f G\u00fcveni ve Sadakati:<\/strong> SA8000 belgesi, i\u015fletmelerin payda\u015flar\u0131na olan taahh\u00fcd\u00fcn\u00fc g\u00f6sterir. Bu, i\u015fletmelerin m\u00fc\u015fteri ve payda\u015f g\u00fcvenini kazanmas\u0131na ve m\u00fc\u015fteri sadakati olu\u015fturmas\u0131na yard\u0131mc\u0131 olur.<\/li>\n<li><strong>\u00dcr\u00fcn ve Hizmet Kalitesinde Art\u0131\u015f:<\/strong> \u0130\u015fletmelerin sosyal sorumluluk bilinci, \u00fcr\u00fcn ve hizmet kalitesinin artmas\u0131na katk\u0131da bulunur. \u00c7al\u0131\u015fanlar\u0131n memnuniyeti ve i\u015fletme i\u00e7i i\u015fbirli\u011fi, i\u015fletmelerin ba\u015far\u0131l\u0131 ve etik bir \u015fekilde \u00e7al\u0131\u015fmas\u0131n\u0131 sa\u011flar.<\/li>\n<\/ol>\n<p>\u00d6zetle, SA8000 sosyal sorumluluk y\u00f6netim sistemi, i\u015fletmelerin insan odakl\u0131, etik ve sosyal a\u00e7\u0131dan sorumlu bir i\u015fletme kimli\u011fi olu\u015fturmas\u0131na yard\u0131mc\u0131 olur. Bu, i\u015fletmelerin \u00e7al\u0131\u015fanlar\u0131na ve topluma de\u011fer katan bir anlay\u0131\u015fla faaliyet g\u00f6stermelerine ve s\u00fcrd\u00fcr\u00fclebilir bir i\u015f modeli olu\u015fturmalar\u0131na katk\u0131 sa\u011flar.[\/vc_column_text][\/vc_column_inner][\/vc_row_inner][vc_row_inner][vc_column_inner][vc_column_text css=&#8221;.vc_custom_1691355957337{margin-bottom: 5px !important;}&#8221;]<\/p>\n<h4>SA 8000 Sosyal Sorumluluk Y\u00f6netim Sistemi Belgesini Kimler Alabilir<\/h4>\n<p>SA8000 belgesini, sosyal sorumluluk y\u00f6netim sistemi standard\u0131na uygun \u015fekilde \u00e7al\u0131\u015fan ve insan haklar\u0131na, \u00e7al\u0131\u015fanlar\u0131n haklar\u0131na ve \u00e7al\u0131\u015fma ko\u015fullar\u0131na sayg\u0131 g\u00f6steren her t\u00fcrl\u00fc organizasyon alabilir. Bu, \u00f6zel sekt\u00f6r, kamu sekt\u00f6r\u00fc veya sivil toplum kurulu\u015flar\u0131 gibi farkl\u0131 t\u00fcrdeki i\u015fletmeleri ve kurulu\u015flar\u0131 kapsar.<\/p>\n<p>SA8000 belgesini almak isteyen bir organizasyon, a\u015fa\u011f\u0131daki ad\u0131mlar\u0131 izlemelidir:<\/p>\n<ol>\n<li><strong>Sosyal Sorumluluk Y\u00f6netim Sistemi Kurulumu:<\/strong> Organizasyon, i\u015f s\u00fcre\u00e7lerini ve y\u00f6netimini sosyal sorumluluk prensiplerine uygun bir \u015fekilde d\u00fczenlemelidir. \u00c7al\u0131\u015fan haklar\u0131na sayg\u0131 g\u00f6sterme, i\u015f\u00e7i sa\u011fl\u0131\u011f\u0131 ve g\u00fcvenli\u011fi, \u00e7ocuk i\u015f\u00e7ili\u011fi ve zorla \u00e7al\u0131\u015ft\u0131rma gibi konularda uygun politika ve prosed\u00fcrler geli\u015ftirmelidir.<\/li>\n<li><strong>Dok\u00fcmantasyon:<\/strong> SA8000 standard\u0131na uygun olarak gerekli politika, prosed\u00fcr ve y\u00f6nergeleri belgelemelidir.<\/li>\n<li><strong>\u00c7al\u0131\u015fan E\u011fitimi ve Fark\u0131ndal\u0131k:<\/strong> \u00c7al\u0131\u015fanlar, y\u00f6neticiler ve di\u011fer personel sosyal sorumluluk ilkeleri konusunda e\u011fitilmelidir ve bilin\u00e7lendirilmelidir.<\/li>\n<li><strong>Ba\u011f\u0131ms\u0131z Denetim:<\/strong> SA8000 belgesini almak isteyen organizasyon, ba\u011f\u0131ms\u0131z bir denetim kurulu\u015fu taraf\u0131ndan yap\u0131lan de\u011ferlendirmeden ge\u00e7melidir. Bu denetimde, organizasyonun SA8000 standard\u0131na uygunlu\u011fu ve sosyal sorumluluk ilkelerini uygulama ba\u015far\u0131s\u0131 de\u011ferlendirilir.<\/li>\n<li><strong>S\u00fcre\u00e7 \u0130yile\u015ftirme:<\/strong> Denetim sonucunda ortaya \u00e7\u0131kan eksiklikler ve \u00f6neriler \u00fczerinde \u00e7al\u0131\u015farak s\u00fcre\u00e7leri s\u00fcrekli iyile\u015ftirmek i\u00e7in \u00e7aba g\u00f6stermelidir.<\/li>\n<li><strong>Belge Verilmesi:<\/strong> Ba\u015far\u0131l\u0131 bir denetim sonras\u0131nda, organizasyon SA8000 belgesini al\u0131r. Bu belge, organizasyonun sosyal sorumluluk ilkelerine uygun hareket etti\u011fini g\u00f6sterir.<\/li>\n<\/ol>\n<p>SA8000 belgesi, i\u015fletmelerin sosyal sorumluluk ve etik de\u011ferlere olan taahh\u00fcd\u00fcn\u00fc g\u00f6sterir. M\u00fc\u015fteri ve di\u011fer payda\u015flar i\u00e7in organizasyona olan g\u00fcveni art\u0131r\u0131r ve organizasyonun toplumsal itibar\u0131n\u0131 g\u00fc\u00e7lendirir. Ayn\u0131 zamanda, \u00e7al\u0131\u015fanlar\u0131n i\u015f memnuniyetini ve ba\u011fl\u0131l\u0131\u011f\u0131n\u0131 art\u0131r\u0131r ve organizasyonun s\u00fcrd\u00fcr\u00fclebilirli\u011fine katk\u0131da bulunur.[\/vc_column_text][\/vc_column_inner][\/vc_row_inner][\/vc_column][\/vc_row][vc_row full_width=&#8221;stretch_row&#8221; overlay_dotted=&#8221;&#8221; css=&#8221;.vc_custom_1481544673448{margin-top: 40px !important;}&#8221;][vc_column]<div class=\"krth-cta krth-cta-one cta-cnt-left \"><div class=\"krth-cta-cnt \" ><p><span style=\"color: #ffffff;\"><strong>Detayl\u0131 Bilgi Almak \u0130\u00e7in Bize Ula\u015f\u0131n<\/strong>\u00a0<\/span><\/p>\n<\/div><a class=\"krth-btn btn-secondary  vc_custom_1691782574499 btn-medium krth-btn-69e9ddc808f2c btn-hover-one btn-icon-left rounded-three \" href=\"https:\/\/maximumhealtyservices.com\/index.php\/iletisim\/\"><span class=\"btn-text\">Bize Ula\u015f\u0131n<\/span><\/a><\/div>[\/vc_column][\/vc_row]<\/p>\n<\/section>","protected":false},"excerpt":{"rendered":"[vc_row][vc_column width=&#8221;1\/4&#8243;][vc_widget_sidebar sidebar_id=&#8221;service-page-sidebar&#8221; title=&#8221;men\u00fc&#8221;][vc_wp_custommenu nav_menu=&#8221;58&#8243;][\/vc_column][vc_column width=&#8221;3\/4&#8243;][vc_single_image image=&#8221;1874&#8243; img_size=&#8221;full&#8221;][vc_row_inner][vc_column_inner][vc_column_text]SA8000, sosyal sorumluluk y\u00f6netim sistemi standard\u0131d\u0131r. \u0130\u015f d\u00fcnyas\u0131nda sosyal sorumluluk, i\u015f\u00e7i haklar\u0131na sayg\u0131 g\u00f6stermek, i\u015f\u00e7i ko\u015fullar\u0131n\u0131 iyile\u015ftirmek, insan haklar\u0131na sayg\u0131l\u0131 olmak, emek\u00e7ilerin g\u00fcvenli\u011fini sa\u011flamak ve \u00e7ocuk i\u015f\u00e7ili\u011fi gibi istenmeyen uygulamalar\u0131 engellemek gibi konular\u0131 i\u00e7erir. SA8000 standard\u0131, \u00e7al\u0131\u015fma ko\u015fullar\u0131n\u0131n insan onuruna uygun oldu\u011fundan ve sosyal adaleti destekledi\u011finden emin olmak[&#8230;]","protected":false},"author":1,"featured_media":0,"parent":588,"menu_order":0,"comment_status":"closed","ping_status":"closed","template":"","meta":{"footnotes":""},"class_list":["post-1872","page","type-page","status-publish","hentry"],"_links":{"self":[{"href":"https:\/\/maximumhealtyservices.com\/index.php\/wp-json\/wp\/v2\/pages\/1872","targetHints":{"allow":["GET"]}}],"collection":[{"href":"https:\/\/maximumhealtyservices.com\/index.php\/wp-json\/wp\/v2\/pages"}],"about":[{"href":"https:\/\/maximumhealtyservices.com\/index.php\/wp-json\/wp\/v2\/types\/page"}],"author":[{"embeddable":true,"href":"https:\/\/maximumhealtyservices.com\/index.php\/wp-json\/wp\/v2\/users\/1"}],"replies":[{"embeddable":true,"href":"https:\/\/maximumhealtyservices.com\/index.php\/wp-json\/wp\/v2\/comments?post=1872"}],"version-history":[{"count":4,"href":"https:\/\/maximumhealtyservices.com\/index.php\/wp-json\/wp\/v2\/pages\/1872\/revisions"}],"predecessor-version":[{"id":2062,"href":"https:\/\/maximumhealtyservices.com\/index.php\/wp-json\/wp\/v2\/pages\/1872\/revisions\/2062"}],"up":[{"embeddable":true,"href":"https:\/\/maximumhealtyservices.com\/index.php\/wp-json\/wp\/v2\/pages\/588"}],"wp:attachment":[{"href":"https:\/\/maximumhealtyservices.com\/index.php\/wp-json\/wp\/v2\/media?parent=1872"}],"curies":[{"name":"wp","href":"https:\/\/api.w.org\/{rel}","templated":true}]}}