{"id":1865,"date":"2023-08-06T23:45:00","date_gmt":"2023-08-06T20:45:00","guid":{"rendered":"https:\/\/maximumhealtyservices.com\/?page_id=1865"},"modified":"2023-08-11T22:33:22","modified_gmt":"2023-08-11T19:33:22","slug":"iso-22716-gmp-iyi-uretim-uygulamalari-sistemi","status":"publish","type":"page","link":"https:\/\/maximumhealtyservices.com\/index.php\/services\/iso-22716-gmp-iyi-uretim-uygulamalari-sistemi\/","title":{"rendered":"ISO 22716 GMP \u0130yi \u00dcretim Uygulamalar\u0131 Sistemi"},"content":{"rendered":"<section class=\"wpb-content-wrapper\"><p>[vc_row][vc_column width=&#8221;1\/4&#8243;][vc_widget_sidebar sidebar_id=&#8221;service-page-sidebar&#8221; title=&#8221;men\u00fc&#8221;][vc_wp_custommenu nav_menu=&#8221;58&#8243;][\/vc_column][vc_column width=&#8221;3\/4&#8243;][vc_single_image image=&#8221;1866&#8243; img_size=&#8221;full&#8221;][vc_row_inner][vc_column_inner][vc_column_text]ISO 22716, Kozmetik \u00dcr\u00fcnler i\u00e7in \u0130yi \u00dcretim Uygulamalar\u0131 Sistemi (Good Manufacturing Practices &#8211; GMP) standard\u0131n\u0131 belirleyen uluslararas\u0131 bir standartt\u0131r. Bu standart, kozmetik \u00fcr\u00fcnlerin \u00fcretimi, kontrol\u00fc, depolanmas\u0131 ve da\u011f\u0131t\u0131m\u0131 i\u00e7in uygulanmas\u0131 gereken en iyi uygulamalar\u0131 belirlemeyi ama\u00e7lar.<\/p>\n<p>Kozmetik \u00fcr\u00fcnlerin g\u00fcvenli, etkili ve kaliteli bir \u015fekilde \u00fcretilmesi ve pazara sunulmas\u0131 i\u00e7in ISO 22716, kozmetik \u00fcr\u00fcn \u00fcreticilerine rehberlik eder. Bu standard\u0131n amac\u0131, t\u00fcketicilerin g\u00fcvenini kazanmak ve kozmetik \u00fcr\u00fcnlerin kalitesini g\u00fcvence alt\u0131na almak i\u00e7in bir \u00e7er\u00e7eve sunmakt\u0131r.<\/p>\n<p>ISO 22716 kapsam\u0131nda dikkate al\u0131nan ana unsurlar \u015funlard\u0131r:<\/p>\n<ol>\n<li><strong>Personel Yeterlili\u011fi:<\/strong> Kozmetik \u00fcr\u00fcn \u00fcretimini ger\u00e7ekle\u015ftiren personelin yeterli e\u011fitim ve deneyime sahip olmas\u0131 gereklili\u011fi vurgulan\u0131r.<\/li>\n<li><strong>Tesis ve Ekipmanlar:<\/strong> \u00dcretim tesislerinin, ekipmanlar\u0131n ve \u00fcretim alanlar\u0131n\u0131n temiz ve uygun ko\u015fullarda oldu\u011fu do\u011frulan\u0131r.<\/li>\n<li><strong>\u0130\u015fletme S\u00fcre\u00e7leri ve Dok\u00fcmantasyon:<\/strong> \u0130\u015fletme s\u00fcre\u00e7leri belgelenir ve standart prosed\u00fcrler olu\u015fturulur.<\/li>\n<li><strong>Hammadde Y\u00f6netimi:<\/strong> Kozmetik \u00fcr\u00fcnlerin bile\u015fenlerinin kalite ve g\u00fcvenilirli\u011fi kontrol edilir.<\/li>\n<li><strong>\u00dcr\u00fcn \u0130zlenebilirli\u011fi ve Raporlama:<\/strong> \u00dcr\u00fcnlerin \u00fcretim ve da\u011f\u0131t\u0131m a\u015famalar\u0131 izlenir ve kay\u0131t alt\u0131na al\u0131n\u0131r.<\/li>\n<li><strong>Kalite Kontrol ve Testleri:<\/strong> \u00dcr\u00fcnlerin kalite kontrol\u00fc ve testleri yap\u0131l\u0131r.<\/li>\n<li><strong>Raf \u00d6mr\u00fc ve Etiketleme:<\/strong> \u00dcr\u00fcnlerin raf \u00f6mr\u00fc belirlenir ve etiketleme gereklilikleri kar\u015f\u0131lan\u0131r.<\/li>\n<\/ol>\n<p>ISO 22716 standard\u0131, kozmetik \u00fcr\u00fcn \u00fcreticilerine, kozmetik \u00fcr\u00fcnlerin kaliteli ve g\u00fcvenli bir \u015fekilde \u00fcretilmesi i\u00e7in ad\u0131mlar atmak ve t\u00fcm yasal gereklilikleri yerine getirmek i\u00e7in bir \u00e7er\u00e7eve sunar. Bu sayede, kozmetik \u00fcr\u00fcnlerin t\u00fcketicilere g\u00fcvenle sunulmas\u0131n\u0131 ve pazarda ba\u015far\u0131l\u0131 bir \u015fekilde yer almas\u0131n\u0131 sa\u011flar. Ayn\u0131 zamanda, ISO 22716 sertifikasyonu, kozmetik \u00fcr\u00fcn \u00fcreticilerinin kalite ve g\u00fcvenilirlik konusunda taahh\u00fctte bulundu\u011funu ve uluslararas\u0131 standartlara uygun \u00fcretim yapt\u0131\u011f\u0131n\u0131 g\u00f6sterir.[\/vc_column_text][\/vc_column_inner][\/vc_row_inner][vc_row_inner][vc_column_inner][vc_column_text css=&#8221;.vc_custom_1691354482167{margin-bottom: 5px !important;}&#8221;]<\/p>\n<h4>ISO 22716 GMP \u0130yi \u00dcretim Uygulamalar\u0131 Sistemi Yararlar\u0131 Nelerdir<\/h4>\n<p>ISO 22716 Kozmetik \u00dcr\u00fcnler i\u00e7in \u0130yi \u00dcretim Uygulamalar\u0131 (GMP) standard\u0131n\u0131n uygulanmas\u0131 ve sertifikasyonu, kozmetik \u00fcr\u00fcn \u00fcreticilerine bir\u00e7ok \u00f6nemli fayda sa\u011flar. \u0130\u015fte ISO 22716&#8217;in kozmetik \u00fcr\u00fcn \u00fcretimi ve y\u00f6netimi i\u00e7in sa\u011flad\u0131\u011f\u0131 baz\u0131 yararlar:<\/p>\n<ol>\n<li><strong>\u00dcr\u00fcn G\u00fcvenli\u011fi ve Kalitesi:<\/strong> ISO 22716, kozmetik \u00fcr\u00fcnlerin g\u00fcvenli, etkili ve kaliteli bir \u015fekilde \u00fcretilmesini sa\u011flar. Bu, t\u00fcketicilerin sa\u011fl\u0131k ve g\u00fcvenlik a\u00e7\u0131s\u0131ndan korunmas\u0131n\u0131 ve \u00fcr\u00fcnlerin y\u00fcksek kalitede olmas\u0131n\u0131 sa\u011flar.<\/li>\n<li><strong>Yasal Uyumluluk:<\/strong> ISO 22716, kozmetik \u00fcr\u00fcn \u00fcreticilerinin yasal gerekliliklere uygunlu\u011funu te\u015fvik eder. Bu sayede \u00fcreticiler, kozmetik \u00fcr\u00fcnlerin piyasaya s\u00fcr\u00fclmesi ve da\u011f\u0131t\u0131m\u0131 s\u0131ras\u0131nda yasal d\u00fczenlemelere uygun hareket ederler.<\/li>\n<li><strong>Maliyet Tasarrufu:<\/strong> \u0130yi \u00dcretim Uygulamalar\u0131n\u0131n uygulanmas\u0131, hatalar\u0131n azalt\u0131lmas\u0131na ve kaynaklar\u0131n daha etkin kullan\u0131lmas\u0131na yard\u0131mc\u0131 olur. Bu da maliyetleri azalt\u0131r ve verimlili\u011fi art\u0131r\u0131r.<\/li>\n<li><strong>\u0130\u015f S\u00fcreklili\u011fi:<\/strong> ISO 22716, kozmetik \u00fcr\u00fcn \u00fcreticilerinin i\u015f s\u00fcreklili\u011fini g\u00fcvence alt\u0131na almas\u0131na yard\u0131mc\u0131 olur. Olas\u0131 risklere kar\u015f\u0131 \u00f6nlem almak ve kriz durumlar\u0131nda etkili bir \u015fekilde y\u00f6netmek i\u00e7in y\u00f6nergeler sa\u011flar.<\/li>\n<li><strong>Rekabet Avantaj\u0131:<\/strong> ISO 22716 sertifikasyonu, kozmetik \u00fcr\u00fcn \u00fcreticilerine rekabet avantaj\u0131 sa\u011flar. Kalite ve g\u00fcvenilirlik konusunda taahh\u00fctte bulunmak, m\u00fc\u015fteri g\u00fcvenini art\u0131r\u0131r ve marka de\u011ferini g\u00fc\u00e7lendirir.<\/li>\n<li><strong>M\u00fc\u015fteri G\u00fcveni:<\/strong> ISO 22716 sertifikasyonu, m\u00fc\u015fterilere \u00fcr\u00fcnlerin g\u00fcvenilir bir \u015fekilde \u00fcretildi\u011fini ve kalite standartlar\u0131na uygun oldu\u011funu g\u00f6sterir. Bu, m\u00fc\u015fteri g\u00fcvenini art\u0131r\u0131r ve m\u00fc\u015fteri sadakati olu\u015fturur.<\/li>\n<li><strong>Uluslararas\u0131 Pazar Eri\u015fimi:<\/strong> ISO 22716 sertifikasyonu, kozmetik \u00fcr\u00fcn \u00fcreticilerine uluslararas\u0131 pazarlara giri\u015fte avantaj sa\u011flar. Bir\u00e7ok \u00fclkede kabul edilen uluslararas\u0131 bir standard\u0131 takip etmek, pazarlara giri\u015fi kolayla\u015ft\u0131r\u0131r.<\/li>\n<li><strong>\u0130zlenebilirlik ve Geri \u00c7a\u011f\u0131rma Y\u00f6netimi:<\/strong> ISO 22716, \u00fcr\u00fcnlerin izlenebilirli\u011fini ve geri \u00e7a\u011f\u0131rma s\u00fcre\u00e7lerini iyile\u015ftirir. Bu, olas\u0131 g\u00fcvenlik sorunlar\u0131 durumunda h\u0131zl\u0131 ve etkili bir m\u00fcdahale sa\u011flar.<\/li>\n<\/ol>\n<p>ISO 22716 sertifikasyonu, kozmetik \u00fcr\u00fcn \u00fcreticilerine, kozmetik \u00fcr\u00fcnlerin g\u00fcvenilir ve kaliteli bir \u015fekilde \u00fcretildi\u011fini do\u011frulayan ba\u011f\u0131ms\u0131z bir belgedir. Bu, t\u00fcketicilere g\u00fcven verir, i\u015fletme s\u00fcre\u00e7lerini iyile\u015ftirir ve i\u015fletmelerin daha s\u00fcrd\u00fcr\u00fclebilir ve ba\u015far\u0131l\u0131 olmas\u0131na yard\u0131mc\u0131 olur.[\/vc_column_text][\/vc_column_inner][\/vc_row_inner][vc_row_inner][vc_column_inner][vc_column_text css=&#8221;.vc_custom_1691354534878{margin-bottom: 5px !important;}&#8221;]<\/p>\n<h4>ISO 22716 GMP \u0130yi \u00dcretim Uygulamalar\u0131 Sistemi Belgesini Kimler Alabilir<\/h4>\n<p>ISO 22716 Kozmetik \u00dcr\u00fcnler i\u00e7in \u0130yi \u00dcretim Uygulamalar\u0131 (GMP) standard\u0131, kozmetik \u00fcr\u00fcnler \u00fcreten veya bu \u00fcr\u00fcnlerin \u00fcretim s\u00fcre\u00e7lerini y\u00f6neten her t\u00fcrl\u00fc organizasyon taraf\u0131ndan al\u0131nabilir. Bu standart, kozmetik \u00fcr\u00fcnlerin g\u00fcvenli, etkili ve kaliteli bir \u015fekilde \u00fcretilmesini sa\u011flayan en iyi uygulamalar\u0131 belirler.<\/p>\n<p>ISO 22716 belgesini almak isteyen bir organizasyon, kozmetik \u00fcr\u00fcnlerin \u00fcretim, kontrol, depolama ve da\u011f\u0131t\u0131m s\u00fcre\u00e7lerini ISO 22716 standartlar\u0131n\u0131n gerekliliklerine uygun olarak d\u00fczenlemelidir. Ayr\u0131ca, ba\u011f\u0131ms\u0131z bir sertifikasyon kurulu\u015fu taraf\u0131ndan yap\u0131lan denetim s\u00fcrecinden ge\u00e7melidir. Bu denetimlerde, organizasyonun kozmetik \u00fcr\u00fcnlerin g\u00fcvenli ve etkili bir \u015fekilde \u00fcretildi\u011fi, standart prosed\u00fcrleri takip etti\u011fi ve ISO 22716 standartlar\u0131na uygunlu\u011fu do\u011frulan\u0131r.<\/p>\n<p>Kozmetik \u00fcr\u00fcn \u00fcreten veya bu \u00fcr\u00fcnlerin \u00fcretim s\u00fcre\u00e7lerini y\u00f6neten her t\u00fcrl\u00fc organizasyon, ISO 22716 belgesini alarak kozmetik \u00fcr\u00fcnlerin g\u00fcvenilir ve kaliteli bir \u015fekilde \u00fcretildi\u011fini g\u00f6sterebilir. Bu belge, organizasyonun m\u00fc\u015fteri ve payda\u015f g\u00fcvenini art\u0131r\u0131r ve kozmetik \u00fcr\u00fcnlerin pazarda rekabet avantaj\u0131 elde etmesine yard\u0131mc\u0131 olur[\/vc_column_text][\/vc_column_inner][\/vc_row_inner][\/vc_column][\/vc_row][vc_row full_width=&#8221;stretch_row&#8221; overlay_dotted=&#8221;&#8221; css=&#8221;.vc_custom_1481544673448{margin-top: 40px !important;}&#8221;][vc_column]<div class=\"krth-cta krth-cta-one cta-cnt-left \"><div class=\"krth-cta-cnt \" ><p><span style=\"color: #ffffff;\"><strong>Detayl\u0131 Bilgi Almak \u0130\u00e7in Bize Ula\u015f\u0131n<\/strong>\u00a0<\/span><\/p>\n<\/div><a class=\"krth-btn btn-secondary  vc_custom_1691782397583 btn-medium krth-btn-69e7a5fac0a36 btn-hover-one btn-icon-left rounded-three \" href=\"https:\/\/maximumhealtyservices.com\/index.php\/iletisim\/\"><span class=\"btn-text\">Bize Ula\u015f\u0131n<\/span><\/a><\/div>[\/vc_column][\/vc_row]<\/p>\n<\/section>","protected":false},"excerpt":{"rendered":"[vc_row][vc_column width=&#8221;1\/4&#8243;][vc_widget_sidebar sidebar_id=&#8221;service-page-sidebar&#8221; title=&#8221;men\u00fc&#8221;][vc_wp_custommenu nav_menu=&#8221;58&#8243;][\/vc_column][vc_column width=&#8221;3\/4&#8243;][vc_single_image image=&#8221;1866&#8243; img_size=&#8221;full&#8221;][vc_row_inner][vc_column_inner][vc_column_text]ISO 22716, Kozmetik \u00dcr\u00fcnler i\u00e7in \u0130yi \u00dcretim Uygulamalar\u0131 Sistemi (Good Manufacturing Practices &#8211; GMP) standard\u0131n\u0131 belirleyen uluslararas\u0131 bir standartt\u0131r. Bu standart, kozmetik \u00fcr\u00fcnlerin \u00fcretimi, kontrol\u00fc, depolanmas\u0131 ve da\u011f\u0131t\u0131m\u0131 i\u00e7in uygulanmas\u0131 gereken en iyi uygulamalar\u0131 belirlemeyi ama\u00e7lar. Kozmetik \u00fcr\u00fcnlerin g\u00fcvenli, etkili ve kaliteli bir \u015fekilde \u00fcretilmesi ve pazara sunulmas\u0131[&#8230;]","protected":false},"author":1,"featured_media":0,"parent":588,"menu_order":0,"comment_status":"closed","ping_status":"closed","template":"","meta":{"footnotes":""},"class_list":["post-1865","page","type-page","status-publish","hentry"],"_links":{"self":[{"href":"https:\/\/maximumhealtyservices.com\/index.php\/wp-json\/wp\/v2\/pages\/1865","targetHints":{"allow":["GET"]}}],"collection":[{"href":"https:\/\/maximumhealtyservices.com\/index.php\/wp-json\/wp\/v2\/pages"}],"about":[{"href":"https:\/\/maximumhealtyservices.com\/index.php\/wp-json\/wp\/v2\/types\/page"}],"author":[{"embeddable":true,"href":"https:\/\/maximumhealtyservices.com\/index.php\/wp-json\/wp\/v2\/users\/1"}],"replies":[{"embeddable":true,"href":"https:\/\/maximumhealtyservices.com\/index.php\/wp-json\/wp\/v2\/comments?post=1865"}],"version-history":[{"count":3,"href":"https:\/\/maximumhealtyservices.com\/index.php\/wp-json\/wp\/v2\/pages\/1865\/revisions"}],"predecessor-version":[{"id":2051,"href":"https:\/\/maximumhealtyservices.com\/index.php\/wp-json\/wp\/v2\/pages\/1865\/revisions\/2051"}],"up":[{"embeddable":true,"href":"https:\/\/maximumhealtyservices.com\/index.php\/wp-json\/wp\/v2\/pages\/588"}],"wp:attachment":[{"href":"https:\/\/maximumhealtyservices.com\/index.php\/wp-json\/wp\/v2\/media?parent=1865"}],"curies":[{"name":"wp","href":"https:\/\/api.w.org\/{rel}","templated":true}]}}