{"id":1838,"date":"2023-08-06T22:13:56","date_gmt":"2023-08-06T19:13:56","guid":{"rendered":"https:\/\/maximumhealtyservices.com\/?page_id=1838"},"modified":"2023-08-11T22:45:17","modified_gmt":"2023-08-11T19:45:17","slug":"iso-16949-otomotiv-kalite-yonetim-sistemi","status":"publish","type":"page","link":"https:\/\/maximumhealtyservices.com\/index.php\/services\/iso-16949-otomotiv-kalite-yonetim-sistemi\/","title":{"rendered":"ISO 16949 Otomotiv Kalite Y\u00f6netim Sistemi"},"content":{"rendered":"<section class=\"wpb-content-wrapper\"><p>[vc_row][vc_column width=&#8221;1\/4&#8243;][vc_widget_sidebar sidebar_id=&#8221;service-page-sidebar&#8221; title=&#8221;men\u00fc&#8221;][vc_wp_custommenu nav_menu=&#8221;58&#8243;][\/vc_column][vc_column width=&#8221;3\/4&#8243;][vc_single_image image=&#8221;1840&#8243; img_size=&#8221;full&#8221;][vc_row_inner][vc_column_inner][vc_column_text]ISO\/TS 16949:2009, otomotiv end\u00fcstrisi i\u00e7in \u00f6zel olarak geli\u015ftirilmi\u015f bir kalite y\u00f6netim sistemi standard\u0131d\u0131r. Bu standart, otomotiv sekt\u00f6r\u00fcnde faaliyet g\u00f6steren tedarik\u00e7i \u015firketlerin kalite y\u00f6netim s\u00fcre\u00e7lerini d\u00fczenlemek ve iyile\u015ftirmek i\u00e7in kullan\u0131l\u0131r. ISO\/TS 16949, otomotiv \u00fcreticileri ve tedarik zinciri boyunca yer alan tedarik\u00e7iler aras\u0131nda kalite standartlar\u0131n\u0131n uyumlu bir \u015fekilde uygulanmas\u0131n\u0131 sa\u011flar.<\/p>\n<p>ISO\/TS 16949, ISO 9001 standard\u0131n\u0131n otomotiv end\u00fcstrisi ihtiya\u00e7lar\u0131na uyarlanm\u0131\u015f bir versiyonudur ve otomotiv \u00fcreticileri taraf\u0131ndan tedarik\u00e7i se\u00e7iminde \u00f6nemli bir kriter olarak kabul edilir. Bu standart, m\u00fc\u015fteri memnuniyetini art\u0131rmak, \u00fcr\u00fcn ve hizmet kalitesini iyile\u015ftirmek, s\u00fcre\u00e7 verimlili\u011fini art\u0131rmak ve s\u00fcrekli iyile\u015ftirme i\u00e7in rehberlik eder.<\/p>\n<p>ISO\/TS 16949 kapsam\u0131nda dikkate al\u0131nan ana unsurlar \u015funlard\u0131r:<\/p>\n<ol>\n<li><strong>M\u00fc\u015fteri Odakl\u0131l\u0131k:<\/strong> M\u00fc\u015fteri gereksinimlerine odaklanarak \u00fcr\u00fcn ve hizmet kalitesinin art\u0131r\u0131lmas\u0131n\u0131 sa\u011flar.<\/li>\n<li><strong>S\u00fcre\u00e7 Odakl\u0131l\u0131k:<\/strong> \u0130\u015f s\u00fcre\u00e7lerinin etkin bir \u015fekilde y\u00f6netilmesi ve s\u00fcrekli iyile\u015ftirilmesi esas al\u0131n\u0131r.<\/li>\n<li><strong>Y\u00f6netim Kat\u0131l\u0131m\u0131:<\/strong> \u00dcst d\u00fczey y\u00f6netimin liderli\u011fi ve kat\u0131l\u0131m\u0131 te\u015fvik edilir.<\/li>\n<li><strong>S\u00fcrekli \u0130yile\u015ftirme:<\/strong> S\u00fcre\u00e7lerin ve performans\u0131n s\u00fcrekli olarak g\u00f6zden ge\u00e7irilmesi ve iyile\u015ftirilmesi te\u015fvik edilir.<\/li>\n<li><strong>Tedarik\u00e7i \u0130li\u015fkileri:<\/strong> Otomotiv \u00fcreticileri ve tedarik\u00e7ileri aras\u0131nda i\u015fbirli\u011fi ve etkili ileti\u015fim te\u015fvik edilir.<\/li>\n<\/ol>\n<p>ISO\/TS 16949 standard\u0131na uygunlu\u011fu olan bir organizasyon, otomotiv end\u00fcstrisi i\u00e7in kalite y\u00f6netim s\u00fcre\u00e7lerini yerine getirdi\u011fi ve \u00fcr\u00fcn ve hizmetlerini belirlenen standartlara uygun olarak sa\u011flad\u0131\u011f\u0131 anlam\u0131na gelir. Bu, m\u00fc\u015fteri g\u00fcvenini art\u0131r\u0131r ve rekabet avantaj\u0131 sa\u011flar. Ayn\u0131 zamanda, otomotiv tedarik zincirinde etkin bir \u015fekilde \u00e7al\u0131\u015farak s\u00fcre\u00e7 verimlili\u011fini art\u0131rabilir ve maliyetleri d\u00fc\u015f\u00fcrebilir.[\/vc_column_text][\/vc_column_inner][\/vc_row_inner][vc_row_inner][vc_column_inner][vc_column_text css=&#8221;.vc_custom_1691349151331{margin-bottom: 5px !important;}&#8221;]<\/p>\n<h4>ISO 16949 Otomotiv Kalite Y\u00f6netim Sistemi Yararlar\u0131 Nelerdir<\/h4>\n<p>ISO\/TS 16949:2009 (\u015fu anda IATF 16949 olarak da bilinir), otomotiv kalite y\u00f6netim sistemi standard\u0131n\u0131n uygulanmas\u0131 ve sertifikasyonunun organizasyonlar i\u00e7in bir\u00e7ok fayda sa\u011flar. Otomotiv sekt\u00f6r\u00fcnde faaliyet g\u00f6steren \u015firketler i\u00e7in ISO\/TS 16949 standard\u0131na uygun bir kalite y\u00f6netim sistemi kurmak ve sertifikasyon almak a\u015fa\u011f\u0131daki avantajlar\u0131 beraberinde getirir:<\/p>\n<ol>\n<li><strong>M\u00fc\u015fteri G\u00fcveni ve Memnuniyeti:<\/strong> ISO\/TS 16949 standard\u0131, m\u00fc\u015fteri gereksinimlerini ve beklentilerini kar\u015f\u0131lamay\u0131 \u00f6nemser. Standarta uygun bir kalite y\u00f6netim sistemi, m\u00fc\u015fteri g\u00fcvenini art\u0131r\u0131r ve m\u00fc\u015fteri memnuniyetini sa\u011flar.<\/li>\n<li><strong>Kalite ve Etkinlik:<\/strong> ISO\/TS 16949 standard\u0131, s\u00fcre\u00e7 odakl\u0131 bir yakla\u015f\u0131m\u0131 benimser ve s\u00fcre\u00e7lerin verimlili\u011fini art\u0131r\u0131r. Bu, hatalar\u0131 azalt\u0131r, i\u015f ak\u0131\u015f\u0131n\u0131 d\u00fczenler ve tekrarlanan i\u015fleri \u00f6nler.<\/li>\n<li><strong>Tedarik Zinciri Y\u00f6netimi:<\/strong> Standart, otomotiv \u00fcreticileri ve tedarik\u00e7ileri aras\u0131nda etkin bir i\u015fbirli\u011fi ve ileti\u015fimi te\u015fvik eder. Bu, tedarik zincirindeki uyum ve kaliteyi art\u0131r\u0131r.<\/li>\n<li><strong>Maliyet ve At\u0131k Azaltma:<\/strong> S\u00fcre\u00e7 verimlili\u011fi artt\u0131k\u00e7a, i\u015fletme maliyetleri d\u00fc\u015fer ve at\u0131k miktar\u0131 azal\u0131r.<\/li>\n<li><strong>K\u00fcresel Rekabet Avantaj\u0131:<\/strong> ISO\/TS 16949 sertifikasyonu, otomotiv sekt\u00f6r\u00fcnde rekabet avantaj\u0131 sa\u011flar. M\u00fc\u015fteriler ve tedarik\u00e7iler, sertifikal\u0131 bir organizasyonla \u00e7al\u0131\u015fmaktan daha fazla g\u00fcven duyabilir.<\/li>\n<li><strong>Risk Y\u00f6netimi:<\/strong> Standart, risk y\u00f6netimi prensiplerine odaklan\u0131r ve olas\u0131 riskleri belirlemeye ve \u00f6nlem almaya yard\u0131mc\u0131 olur.<\/li>\n<li><strong>S\u00fcrekli \u0130yile\u015ftirme:<\/strong> ISO\/TS 16949, s\u00fcrekli iyile\u015ftirme prensiplerini te\u015fvik eder. Bu, organizasyonun s\u00fcre\u00e7lerini ve kalite y\u00f6netim sistemini s\u00fcrekli olarak g\u00f6zden ge\u00e7irmesine ve geli\u015ftirmesine olanak tan\u0131r.<\/li>\n<li><strong>Tedarik\u00e7i \u0130li\u015fkileri:<\/strong> Standart, tedarik\u00e7i ili\u015fkilerini geli\u015ftirme ve i\u015fbirli\u011fi yapma \u00f6nemini vurgular. Bu, malzeme ve hizmet sa\u011flay\u0131c\u0131lar\u0131 ile daha etkin bir i\u015fbirli\u011fi ve g\u00fcvenilir tedarik zinciri olu\u015fturmaya yard\u0131mc\u0131 olur.<\/li>\n<\/ol>\n<p>ISO\/TS 16949 standard\u0131na uygun bir kalite y\u00f6netim sistemi, otomotiv end\u00fcstrisi i\u00e7in \u00f6nemli bir rekabet avantaj\u0131 sa\u011flar ve organizasyonlar\u0131n kalite, verimlilik ve m\u00fc\u015fteri memnuniyeti konular\u0131nda \u00fcst d\u00fczeyde performans g\u00f6stermelerine yard\u0131mc\u0131 olur.[\/vc_column_text][\/vc_column_inner][\/vc_row_inner][vc_row_inner][vc_column_inner][vc_column_text css=&#8221;.vc_custom_1691349196710{margin-bottom: 5px !important;}&#8221;]<\/p>\n<h4>ISO 16949 Otomotiv Kalite Y\u00f6netim Sistemi Belgesini Kimler Alabilir<\/h4>\n<p>ISO\/TS 16949 (IATF 16949 olarak da bilinir) otomotiv kalite y\u00f6netim sistemi standard\u0131na uygun bir belge almak i\u00e7in \u00f6ncelikle otomotiv sekt\u00f6r\u00fcnde faaliyet g\u00f6steren organizasyonlar ba\u015fvurabilir. Bu standarda uygun belge almak i\u00e7in a\u015fa\u011f\u0131daki t\u00fcrdeki \u015firketler ba\u015fvurabilir:<\/p>\n<ol>\n<li><strong>Otomotiv \u00dcreticileri:<\/strong> Otomobil, kamyon, otob\u00fcs ve di\u011fer motorlu ta\u015f\u0131t \u00fcreticileri, \u00fcretim s\u00fcre\u00e7lerini ve tedarik\u00e7i ili\u015fkilerini d\u00fczenlemek i\u00e7in ISO\/TS 16949 belgesi alabilir.<\/li>\n<li><strong>Otomotiv Par\u00e7a ve Ekipman \u00dcreticileri:<\/strong> Otomotiv par\u00e7a ve ekipman \u00fcreten tedarik\u00e7i firmalar, \u00fcretim ve kalite s\u00fcre\u00e7lerini d\u00fczenlemek ve otomotiv \u00fcreticilerine hizmet sa\u011flamak i\u00e7in bu belgeyi alabilir.<\/li>\n<li><strong>Otomotiv Tedarik\u00e7ileri:<\/strong> Otomotiv end\u00fcstrisi i\u00e7in malzeme, hizmet veya \u00e7\u00f6z\u00fcm sa\u011flay\u0131c\u0131lar\u0131, otomotiv tedarik zincirinde yer alan di\u011fer organizasyonlar da ISO\/TS 16949 belgesi alabilir.<\/li>\n<\/ol>\n<p>ISO\/TS 16949 belgesi, otomotiv sekt\u00f6r\u00fc i\u00e7in kalite y\u00f6netim sisteminin en y\u00fcksek standartlar\u0131na uygunluk sa\u011flayan bir belgedir. Bu standart, otomotiv \u00fcreticileri ve tedarik\u00e7ileri aras\u0131nda i\u015fbirli\u011fi ve uyum sa\u011flamay\u0131 hedefler. Belge almak i\u00e7in organizasyonlar\u0131n belirli gereklilikleri kar\u015f\u0131lamalar\u0131 ve denetim s\u00fcre\u00e7lerinden ge\u00e7meleri gerekir. Bu denetimler, ISO\/TS 16949 standard\u0131n\u0131n gerekliliklerine uygunlu\u011fu de\u011ferlendiren ba\u011f\u0131ms\u0131z sertifikasyon kurulu\u015flar\u0131 taraf\u0131ndan ger\u00e7ekle\u015ftirilir. Belge almak, organizasyonlar\u0131n m\u00fc\u015fteri g\u00fcvenini art\u0131r\u0131r, rekabet avantaj\u0131 sa\u011flar ve otomotiv end\u00fcstrisinde daha g\u00fcvenilir bir tedarik\u00e7i haline gelmelerine yard\u0131mc\u0131 olur.[\/vc_column_text][\/vc_column_inner][\/vc_row_inner][\/vc_column][\/vc_row][vc_row full_width=&#8221;stretch_row&#8221; overlay_dotted=&#8221;&#8221; css=&#8221;.vc_custom_1481544673448{margin-top: 40px !important;}&#8221;][vc_column]<div class=\"krth-cta krth-cta-one cta-cnt-left \"><div class=\"krth-cta-cnt \" ><p><span style=\"color: #ffffff;\"><strong>Detayl\u0131 Bilgi Almak \u0130\u00e7in Bize Ula\u015f\u0131n<\/strong><\/span><\/p>\n<\/div><a class=\"krth-btn btn-secondary  vc_custom_1691761603091 btn-medium krth-btn-69e9ddc98db20 btn-hover-one btn-icon-left rounded-three \" href=\"https:\/\/maximumhealtyservices.com\/index.php\/iletisim\/\"><span class=\"btn-text\">Bize Ula\u015f\u0131n<\/span><\/a><\/div>[\/vc_column][\/vc_row]<\/p>\n<\/section>","protected":false},"excerpt":{"rendered":"[vc_row][vc_column width=&#8221;1\/4&#8243;][vc_widget_sidebar sidebar_id=&#8221;service-page-sidebar&#8221; title=&#8221;men\u00fc&#8221;][vc_wp_custommenu nav_menu=&#8221;58&#8243;][\/vc_column][vc_column width=&#8221;3\/4&#8243;][vc_single_image image=&#8221;1840&#8243; img_size=&#8221;full&#8221;][vc_row_inner][vc_column_inner][vc_column_text]ISO\/TS 16949:2009, otomotiv end\u00fcstrisi i\u00e7in \u00f6zel olarak geli\u015ftirilmi\u015f bir kalite y\u00f6netim sistemi standard\u0131d\u0131r. Bu standart, otomotiv sekt\u00f6r\u00fcnde faaliyet g\u00f6steren tedarik\u00e7i \u015firketlerin kalite y\u00f6netim s\u00fcre\u00e7lerini d\u00fczenlemek ve iyile\u015ftirmek i\u00e7in kullan\u0131l\u0131r. ISO\/TS 16949, otomotiv \u00fcreticileri ve tedarik zinciri boyunca yer alan tedarik\u00e7iler aras\u0131nda kalite standartlar\u0131n\u0131n uyumlu bir \u015fekilde uygulanmas\u0131n\u0131 sa\u011flar.[&#8230;]","protected":false},"author":1,"featured_media":0,"parent":588,"menu_order":0,"comment_status":"closed","ping_status":"closed","template":"","meta":{"footnotes":""},"class_list":["post-1838","page","type-page","status-publish","hentry"],"_links":{"self":[{"href":"https:\/\/maximumhealtyservices.com\/index.php\/wp-json\/wp\/v2\/pages\/1838","targetHints":{"allow":["GET"]}}],"collection":[{"href":"https:\/\/maximumhealtyservices.com\/index.php\/wp-json\/wp\/v2\/pages"}],"about":[{"href":"https:\/\/maximumhealtyservices.com\/index.php\/wp-json\/wp\/v2\/types\/page"}],"author":[{"embeddable":true,"href":"https:\/\/maximumhealtyservices.com\/index.php\/wp-json\/wp\/v2\/users\/1"}],"replies":[{"embeddable":true,"href":"https:\/\/maximumhealtyservices.com\/index.php\/wp-json\/wp\/v2\/comments?post=1838"}],"version-history":[{"count":4,"href":"https:\/\/maximumhealtyservices.com\/index.php\/wp-json\/wp\/v2\/pages\/1838\/revisions"}],"predecessor-version":[{"id":2067,"href":"https:\/\/maximumhealtyservices.com\/index.php\/wp-json\/wp\/v2\/pages\/1838\/revisions\/2067"}],"up":[{"embeddable":true,"href":"https:\/\/maximumhealtyservices.com\/index.php\/wp-json\/wp\/v2\/pages\/588"}],"wp:attachment":[{"href":"https:\/\/maximumhealtyservices.com\/index.php\/wp-json\/wp\/v2\/media?parent=1838"}],"curies":[{"name":"wp","href":"https:\/\/api.w.org\/{rel}","templated":true}]}}