{"id":436,"date":"2016-08-15T18:18:42","date_gmt":"2016-08-15T18:18:42","guid":{"rendered":"http:\/\/kroth:8888\/?page_id=436"},"modified":"2016-08-15T18:18:42","modified_gmt":"2016-08-15T18:18:42","slug":"testimonials","status":"publish","type":"page","link":"http:\/\/maximumhealtyservices.com\/index.php\/testimonials\/","title":{"rendered":"Testimonials"},"content":{"rendered":"<section class=\"wpb-content-wrapper\"><p>[vc_row overlay_dotted=&#8221;&#8221; css=&#8221;.vc_custom_1471285597708{padding-top: 40px !important;padding-bottom: 60px !important;}&#8221;][vc_column]\n    <div class=\"row  krth-testimonial-69f9b848e545f \"> <!-- Testimonial Starts -->\n\n        <div class=\"col-lg-6\">\n      <div class=\"krth-testimonials-four rounded-three\">\n        <div class=\"testi-client\">\n                  <\/div>\n        <div class=\"testi-content\">\n          <span class=\"testimonial-heading\"><\/span>\n          <p>Maximum Kalite Belgelendirme iyi hizmet ve m\u00fc\u015fteri memnuniyeti politikas\u0131yla hizmet veren ba\u015far\u0131l\u0131 ve tavsiye edebilece\u011fim belgelendirme ve dan\u0131\u015fmanl\u0131k firmas\u0131d\u0131r.<br \/>\nKaliteli, d\u00fcr\u00fcst, g\u00fcvenilir, h\u0131zl\u0131 ve \u00e7\u00f6z\u00fcm odakl\u0131 hizmetleri i\u00e7in te\u015fekk\u00fcr ederiz. ISO, TSE, CE hizmetlerine sa\u011fl\u0131k turizmi belgelendirme hizmetlerini de ekleyerek sekt\u00f6rde \u00f6nemli bir alana daha hizmet vermeye ba\u015flad\u0131klar\u0131 i\u00e7in tebrik ediyorum.<\/p>\n          <div class=\"testi-client-info\">\n            <span  class=\"testi-name\">Murat Akman<\/span><span  class=\"testi-pro\">Akman Hukuk<\/span>          <\/div>\n        <\/div>\n      <\/div>\n    <\/div>\n        <div class=\"col-lg-6\">\n      <div class=\"krth-testimonials-four rounded-three\">\n        <div class=\"testi-client\">\n                  <\/div>\n        <div class=\"testi-content\">\n          <span class=\"testimonial-heading\"><\/span>\n          <p>Belgelendirme hizmetlerinde kaliteli uzmanl\u0131k sunuyorlar. G\u00fcvenilir ve h\u0131zl\u0131 hizmet i\u00e7in tercih edebilirsiniz.<\/p>\n          <div class=\"testi-client-info\">\n            <span  class=\"testi-name\">Soysal K\u0131l\u0131\u00e7<\/span>          <\/div>\n        <\/div>\n      <\/div>\n    <\/div>\n        <div class=\"col-lg-6\">\n      <div class=\"krth-testimonials-four rounded-three\">\n        <div class=\"testi-client\">\n                  <\/div>\n        <div class=\"testi-content\">\n          <span class=\"testimonial-heading\"><\/span>\n          <p>ISO, CE ve TSE Kurumu belgelendirme \u00e7al\u0131\u015fmalar\u0131nda g\u00fcvenilir, \u00e7al\u0131\u015fkan ve d\u00fcr\u00fcst bir ekip ba\u015far\u0131lar\u0131n\u0131n devam\u0131n\u0131 dileriz.<\/p>\n          <div class=\"testi-client-info\">\n            <span  class=\"testi-name\">Oyuncak D\u00fcnyas\u0131<\/span>          <\/div>\n        <\/div>\n      <\/div>\n    <\/div>\n        <div class=\"col-lg-6\">\n      <div class=\"krth-testimonials-four rounded-three\">\n        <div class=\"testi-client\">\n                  <\/div>\n        <div class=\"testi-content\">\n          <span class=\"testimonial-heading\"><\/span>\n          <p>\u0130\u015flerinde titiz ve \u00f6zverili \u00e7al\u0131\u015f\u0131yorlar, en k\u00fc\u00e7\u00fck detaylar\u0131 bile g\u00f6zden ka\u00e7\u0131rmayacak kadar da dikkatliler ayr\u0131ca<\/p>\n          <div class=\"testi-client-info\">\n            <span  class=\"testi-name\">Mehmet Yol<\/span><span  class=\"testi-pro\">Veteriner Hekim<\/span>          <\/div>\n        <\/div>\n      <\/div>\n    <\/div>\n        <div class=\"col-lg-6\">\n      <div class=\"krth-testimonials-four rounded-three\">\n        <div class=\"testi-client\">\n                  <\/div>\n        <div class=\"testi-content\">\n          <span class=\"testimonial-heading\"><\/span>\n          <p>\u0130stanbul&#8217;da bulunan imalathanemiz ve Manisa&#8217;da bulunan hammadde tesisimiz icin yurtdisindaki tedarikcilerin talebi uzerine kalite belgesi almamiz gerekti. Maximum&#8217;dan oncelikle bir konsultasyon aldik. Sektorde Avrupa ve Rusya ile yapilacak tum ihracat calismalari icin farkli belgeler sundular. ISO 14064 sera gazi emisyonlari ve ISO 14046 su ayak izi standardi belgelerinin yanisira, cok makul fiyatlarla ISO 9001 kalite yonetim sistemi ve ISO 10002 musteri memnuniyeti yonetim sistemi belgelerini de elde etmis olduk. Tum belgeleri bastan sona tek bir danismanla muhatap olarak alabilmek bize hem zaman kazandirdi, hem de onceden calistigimiz firmalara gore cok daha hesapli olmasini sagladi.<\/p>\n          <div class=\"testi-client-info\">\n            <span  class=\"testi-name\">Baran Aykut<\/span>          <\/div>\n        <\/div>\n      <\/div>\n    <\/div>\n        <div class=\"col-lg-6\">\n      <div class=\"krth-testimonials-four rounded-three\">\n        <div class=\"testi-client\">\n                  <\/div>\n        <div class=\"testi-content\">\n          <span class=\"testimonial-heading\"><\/span>\n          <p>Kalite, g\u00fcvenilirlik ve \u0130\u015f prensibi ile tam not almay\u0131 hak eden bir firma, ayr\u0131ca t\u00fcm ekibin samimiyeti ve i\u015fine olan sayg\u0131s\u0131 takdire \u015fayan. Bravo<\/p>\n          <div class=\"testi-client-info\">\n            <span  class=\"testi-name\">Hikmet Y\u00fcce<\/span>          <\/div>\n        <\/div>\n      <\/div>\n    <\/div>\n    \n    <\/div> <!-- Testimonial End -->\n\n[\/vc_column][\/vc_row][vc_row full_width=&#8221;stretch_row&#8221; overlay_dotted=&#8221;&#8221; css=&#8221;.vc_custom_1481545018563{margin-top: 0px !important;margin-bottom: 0px !important;padding-top: 0px !important;padding-bottom: 0px !important;}&#8221;][vc_column]<div class=\"krth-cta krth-cta-one cta-cnt-left \"><div class=\"krth-cta-cnt \" ><p><strong>0800 123 456<\/strong> <span style=\"padding-left: 15px;\">Contact Us Today &#8211; We Answer Our Phones 24\/7<\/span><\/p>\n<\/div><a class=\"krth-btn btn-secondary  vc_custom_1471247612912 btn-medium krth-btn-69f9b848e6b24 btn-hover-one btn-icon-left rounded-three \" href=\"#0\"><span class=\"btn-text\">Contact Us<\/span><\/a><\/div>[\/vc_column][\/vc_row]<\/p>\n<\/section>","protected":false},"excerpt":{"rendered":"[vc_row overlay_dotted=&#8221;&#8221; css=&#8221;.vc_custom_1471285597708{padding-top: 40px !important;padding-bottom: 60px !important;}&#8221;][vc_column][\/vc_column][\/vc_row][vc_row full_width=&#8221;stretch_row&#8221; overlay_dotted=&#8221;&#8221; css=&#8221;.vc_custom_1481545018563{margin-top: 0px !important;margin-bottom: 0px !important;padding-top: 0px !important;padding-bottom: 0px !important;}&#8221;][vc_column][\/vc_column][\/vc_row]","protected":false},"author":1,"featured_media":0,"parent":0,"menu_order":9,"comment_status":"closed","ping_status":"closed","template":"","meta":{"footnotes":""},"class_list":["post-436","page","type-page","status-publish","hentry"],"_links":{"self":[{"href":"http:\/\/maximumhealtyservices.com\/index.php\/wp-json\/wp\/v2\/pages\/436","targetHints":{"allow":["GET"]}}],"collection":[{"href":"http:\/\/maximumhealtyservices.com\/index.php\/wp-json\/wp\/v2\/pages"}],"about":[{"href":"http:\/\/maximumhealtyservices.com\/index.php\/wp-json\/wp\/v2\/types\/page"}],"author":[{"embeddable":true,"href":"http:\/\/maximumhealtyservices.com\/index.php\/wp-json\/wp\/v2\/users\/1"}],"replies":[{"embeddable":true,"href":"http:\/\/maximumhealtyservices.com\/index.php\/wp-json\/wp\/v2\/comments?post=436"}],"version-history":[{"count":0,"href":"http:\/\/maximumhealtyservices.com\/index.php\/wp-json\/wp\/v2\/pages\/436\/revisions"}],"wp:attachment":[{"href":"http:\/\/maximumhealtyservices.com\/index.php\/wp-json\/wp\/v2\/media?parent=436"}],"curies":[{"name":"wp","href":"https:\/\/api.w.org\/{rel}","templated":true}]}}